{"id":34045,"date":"2026-05-14T13:46:20","date_gmt":"2026-05-14T11:46:20","guid":{"rendered":"https:\/\/moz.life\/moztickets\/?post_type=product&#038;p=34045"},"modified":"2026-05-14T16:14:17","modified_gmt":"2026-05-14T14:14:17","slug":"africa-tango-wild-beach-side-marathon-tango-marathon-pass","status":"publish","type":"product","link":"https:\/\/moz.life\/moztickets\/produit\/africa-tango-wild-beach-side-marathon-tango-marathon-pass\/","title":{"rendered":"\u00c1frica Tango \u2013 Wild Beach Side Marathon"},"content":{"rendered":"<p><strong>DETALHES DO EVENTO<\/strong><\/p>\n<p><strong>Data e hora:<\/strong> De 12 de Junho \u00e0s 12h00 a 14 de Junho \u00e0s 16h00<br \/>\n<strong>Organizadores:<\/strong>\u00a0\u00a0Tangueart &amp; Sensa\u00e7\u00f5es de Tango<b><br \/>\n<strong>Endere\u00e7o:<\/strong><\/b> <a href=\"https:\/\/maps.app.goo.gl\/8XsvcDzryyMs3B8D6\" target=\"_blank\" rel=\"noopener\">Ponta Membene Lodge\u00a0<\/a>(clique <a href=\"https:\/\/maps.app.goo.gl\/8XsvcDzryyMs3B8D6\" target=\"_blank\" rel=\"noopener\"><strong>aqui<\/strong><\/a> para ter a localiza\u00e7\u00e3o)<br \/>\n<strong>Entrada: <\/strong>4000 MZN<b>\u00a0 (R1000)<\/b><\/p>\n<p><b><strong>Informa\u00e7\u00f5es complementares:<\/strong><\/b> \u00c1frica Tango \u2013 Wild Beach Side Marathon &#8211; Tango Marathon Pass<\/p>\n<p>\u2705\u00a0<strong>Todos os workshops de dan\u00e7a<\/strong><br \/>\n\u2705\u00a0<strong data-start=\"199\" data-end=\"221\">Todas as festas do festival<br \/>\n<\/strong>\u2705\u00a0<strong data-start=\"247\" data-end=\"293\">Sunset Tango, Milongas &amp; Showcases<br \/>\n<\/strong>\u2705 <strong>Guided Pr\u00e1ticas<br \/>\n<\/strong>\u274c<strong>Refei\u00e7\u00f5es<br \/>\n\u274cAlojamento<\/strong><\/p>\n<p><strong>Este bilhete \u00e9 v\u00e1lido exclusivamente para participantes com reserva confirmada\u00a0 Ponta Membene Lodge &#8211; reserva:<\/strong> <a href=\"https:\/\/call.whatsapp.com\/voice\/ldBozLI1CHv0Rievv5OuKy\" target=\"_blank\" rel=\"noopener\">https:\/\/www.membene.co.mz<\/a><\/p>\n<p><strong>Para mais informa\u00e7\u00f5es pr\u00e1ticas e regras, <a href=\"https:\/\/www.membene.co.mz\/info\">consulte<\/a><\/strong><\/p>\n<ol>\n<li><strong>Datas \/ hor\u00e1rios dispon\u00edveis para o Check-in:<\/strong><strong>\u00a0<\/strong>\n<ol>\n<li>Check-in permitido de\u00a0: <strong>2026-06-12<\/strong><strong>&#8211;<\/strong> <strong>12<\/strong><strong>:00<\/strong><\/li>\n<li>Check-in permitido at\u00e9 : <strong>2026-06-14<\/strong>\u00a0<strong>&#8211;<\/strong><strong> 16:00<\/strong><\/li>\n<\/ol>\n<\/li>\n<\/ol>\n<p><em>Por Favor, fa\u00e7a o check-In durante os prazos stipulados . Em caso de incumprimento destes prazos, o Organizador\/Promotor tem o direito de recusar o seu bilhete.<\/em><\/p>\n<p><em>Seja portador deste Bilhete no formato impresso ou electr\u00f3nico.<\/em><\/p>\n<p><em>Na eventualidade de cancelamento total ou parcial do evento, a Moztickets obriga-se a efectuar reembolsos aos particpantes, uma taxa de transfer\u00eancia pode ser deduzida em fun\u00e7\u00e3o do seu banco.<\/em><\/p>\n<p><em>Para mais informa\u00e7\u00f5es contacte : <a title=\"info@ccfmoz.com\" href=\"mailto:info@ccfmoz.com\">moztickets@feelcom.co.mz<\/a> ou +258 87 761 7434<\/em><\/p>\n\n    <div class=\"xs_social_share_widget xs_share_url after_content \t\tmain_content  wslu-style-1 wslu-share-box-shaped wslu-fill-colored wslu-none wslu-share-horizontal wslu-theme-font-no wslu-main_content\">\n\n\t\t\n        <ul>\n\t\t\t        <\/ul>\n    <\/div> \n","protected":false},"excerpt":{"rendered":"<p><strong>Tango Marathon Pass<\/strong><\/p>\n<p>De 12 a 14 de Junho, a Ponta Membene Lodge transforma-se no palco perfeito para dias intensos de dan\u00e7a, conex\u00e3o e celebra\u00e7\u00e3o ao ritmo do tango. Prepare-se para workshops, milongas, showcases e sunsets inesquec\u00edveis num cen\u00e1rio paradis\u00edaco.<\/p>\n<p><strong>DETALHES DO EVENTO<\/strong><\/p>\n<p><strong>Data e hora:<\/strong> De 12 de Junho \u00e0s 12h00 a 14 de Junho \u00e0s 16h00<br \/>\n<strong>Organizadores:<\/strong>\u00a0\u00a0Tangueart &amp; Sensa\u00e7\u00f5es de Tango<b><br \/>\n<strong>Endere\u00e7o:<\/strong><\/b> <a href=\"https:\/\/maps.app.goo.gl\/8XsvcDzryyMs3B8D6\" target=\"_blank\" rel=\"noopener\">Ponta Membene Lodge\u00a0<\/a><a href=\"https:\/\/maps.app.goo.gl\/8XsvcDzryyMs3B8D6\" target=\"_blank\" rel=\"noopener\">(clique <\/a><a href=\"https:\/\/maps.app.goo.gl\/8XsvcDzryyMs3B8D6\" target=\"_blank\" rel=\"noopener\"><strong>aqui<\/strong><\/a><a href=\"https:\/\/maps.app.goo.gl\/8XsvcDzryyMs3B8D6\" target=\"_blank\" rel=\"noopener\"> para ter a localiza\u00e7\u00e3o)<\/a><br \/>\n<strong>Entrada: <\/strong>4000 MZN<b>\u00a0 (R1000)<\/b><\/p>\n<p><b><strong>Informa\u00e7\u00f5es complementares:<\/strong><\/b> \u00c1frica Tango \u2013 Wild Beach Side Marathon &#8211; Tango Marathon Pass<\/p>\n<p>\u2705\u00a0<strong>Todos os workshops de dan\u00e7a<\/strong><br \/>\n\u2705\u00a0<strong data-start=\"199\" data-end=\"221\">Todas as festas do festival<br \/>\n<\/strong>\u2705\u00a0<strong data-start=\"247\" data-end=\"293\">Sunset Tango, Milongas &amp; Showcases<br \/>\n<\/strong>\u2705 <strong>Guided Pr\u00e1ticas<br \/>\n<\/strong>\u274c<strong>Refei\u00e7\u00f5es<br \/>\n\u274cAlojamento<\/strong><\/p>\n<p><strong>Este bilhete \u00e9 v\u00e1lido exclusivamente para participantes com reserva confirmada\u00a0 Ponta Membene Lodge &#8211; reserva:<\/strong> <a href=\"https:\/\/call.whatsapp.com\/voice\/ldBozLI1CHv0Rievv5OuKy\" target=\"_blank\" rel=\"noopener\">https:\/\/www.membene.co.mz\/\u00a0\u00a0<\/a><\/p>\n","protected":false},"featured_media":34039,"comment_status":"open","ping_status":"closed","template":"","meta":[],"product_brand":[],"product_cat":[105],"product_tag":[475],"class_list":{"0":"post-34045","1":"product","2":"type-product","3":"status-publish","4":"has-post-thumbnail","6":"product_cat-tickets","7":"product_tag-normal-standard","9":"first","10":"instock","11":"shipping-taxable","12":"product-type-simple"},"jetpack_sharing_enabled":true,"_links":{"self":[{"href":"https:\/\/moz.life\/moztickets\/wp-json\/wp\/v2\/product\/34045","targetHints":{"allow":["GET"]}}],"collection":[{"href":"https:\/\/moz.life\/moztickets\/wp-json\/wp\/v2\/product"}],"about":[{"href":"https:\/\/moz.life\/moztickets\/wp-json\/wp\/v2\/types\/product"}],"replies":[{"embeddable":true,"href":"https:\/\/moz.life\/moztickets\/wp-json\/wp\/v2\/comments?post=34045"}],"version-history":[{"count":18,"href":"https:\/\/moz.life\/moztickets\/wp-json\/wp\/v2\/product\/34045\/revisions"}],"predecessor-version":[{"id":34065,"href":"https:\/\/moz.life\/moztickets\/wp-json\/wp\/v2\/product\/34045\/revisions\/34065"}],"wp:featuredmedia":[{"embeddable":true,"href":"https:\/\/moz.life\/moztickets\/wp-json\/wp\/v2\/media\/34039"}],"wp:attachment":[{"href":"https:\/\/moz.life\/moztickets\/wp-json\/wp\/v2\/media?parent=34045"}],"wp:term":[{"taxonomy":"product_brand","embeddable":true,"href":"https:\/\/moz.life\/moztickets\/wp-json\/wp\/v2\/product_brand?post=34045"},{"taxonomy":"product_cat","embeddable":true,"href":"https:\/\/moz.life\/moztickets\/wp-json\/wp\/v2\/product_cat?post=34045"},{"taxonomy":"product_tag","embeddable":true,"href":"https:\/\/moz.life\/moztickets\/wp-json\/wp\/v2\/product_tag?post=34045"}],"curies":[{"name":"wp","href":"https:\/\/api.w.org\/{rel}","templated":true}]}}