{"id":33689,"date":"2026-05-04T11:21:46","date_gmt":"2026-05-04T09:21:46","guid":{"rendered":"https:\/\/moz.life\/moztickets\/?post_type=product&#038;p=33689"},"modified":"2026-05-04T16:39:41","modified_gmt":"2026-05-04T14:39:41","slug":"08-de-maio-19h00-noite-fora-de-serie-no-centro-cultural-mocambique-china","status":"publish","type":"product","link":"https:\/\/moz.life\/moztickets\/produit\/08-de-maio-19h00-noite-fora-de-serie-no-centro-cultural-mocambique-china\/","title":{"rendered":"08 de Maio | 19h00 \u2014 Noite Fora de S\u00e9rie no Centro Cultural Mo\u00e7ambique-China"},"content":{"rendered":"<p><strong>DETALHES DO EVENTO<\/strong><\/p>\n<p><strong>Data e hora\u00a0:<\/strong> 08 de Maio \u00e0s 19h00<br \/>\n<strong>Organizadores:<\/strong>\u00a0\u00a0Xiquitsi<b><br \/>\n<strong>Endere\u00e7o:<\/strong><\/b> <a href=\"https:\/\/maps.app.goo.gl\/a8tXhYRHnSBznY3q8\" target=\"_blank\" rel=\"noopener\">\ud835\udc02\ud835\udc1e\ud835\udc27\ud835\udc2d\ud835\udc2b\ud835\udc28 \ud835\udc02\ud835\udc2e\ud835\udc25\ud835\udc2d\ud835\udc2e\ud835\udc2b\ud835\udc1a\ud835\udc25 \ud835\udc0c\ud835\udc28\ud835\udc1c\u0327\ud835\udc1a\ud835\udc26\ud835\udc1b\ud835\udc22\ud835\udc2a\ud835\udc2e\ud835\udc1e-\ud835\udc02\ud835\udc21\ud835\udc22\ud835\udc27\ud835\udc1a<\/a> (clique\u00a0<a href=\"https:\/\/maps.app.goo.gl\/a8tXhYRHnSBznY3q8\" target=\"_blank\" rel=\"noopener\"><strong>aqui<\/strong><\/a> para ter a localiza\u00e7\u00e3o)<br \/>\n<strong>Entrada: <\/strong>500 MZN<b><br \/>\n<strong>Informa\u00e7\u00f5es complementares:<\/strong><\/b> \ud835\udfce\ud835\udfd6 \ud835\udc0c\ud835\udc00\ud835\udc08\ud835\udc0e | \ud835\udfcf\ud835\udfd7\ud835\udc21\ud835\udfce\ud835\udfce: \ud835\udc0d\ud835\udc28\ud835\udc22\ud835\udc2d\ud835\udc1e \ud835\udc05\ud835\udc28\ud835\udc2b\ud835\udc1a \ud835\udc1d\ud835\udc1e \ud835\udc12\ud835\udc1e\u0301\ud835\udc2b\ud835\udc22\ud835\udc1e \ud835\udc27\ud835\udc28 \ud835\udc02\ud835\udc1e\ud835\udc27\ud835\udc2d\ud835\udc2b\ud835\udc28 \ud835\udc02\ud835\udc2e\ud835\udc25\ud835\udc2d\ud835\udc2e\ud835\udc2b\ud835\udc1a\ud835\udc25 \ud835\udc0c\ud835\udc28\ud835\udc1c\u0327\ud835\udc1a\ud835\udc26\ud835\udc1b\ud835\udc22\ud835\udc2a\ud835\udc2e\ud835\udc1e-\ud835\udc02\ud835\udc21\ud835\udc22\ud835\udc27\ud835\udc1a<\/p>\n<p>\u2705 O presente bilhete confere acesso exclusivo a este evento, unicamente na data nele indicada.<br data-start=\"728\" data-end=\"731\" \/><strong>Datas \/ hor\u00e1rios dispon\u00edveis para o Check-in:<\/strong><strong>\u00a0<\/strong><\/p>\n<ol>\n<li style=\"list-style-type: none;\">\n<ol>\n<li>Check-in permitido de\u00a0: <strong>2025-05-08<\/strong><strong>&#8211;<\/strong> <strong>18<\/strong><strong>:00<\/strong><\/li>\n<li>Check-in permitido at\u00e9 : <strong>2025-05-08<\/strong>\u00a0<strong>&#8211;<\/strong><strong> 21:00<\/strong><\/li>\n<\/ol>\n<\/li>\n<\/ol>\n<p><em>Por Favor, fa\u00e7a o check-In durante os prazos stipulados . Em caso de incumprimento destes prazos, o Organizador\/Promotor tem o direito de recusar o seu bilhete.<\/em><\/p>\n<p><em>Seja portador deste Bilhete no formato impresso ou electr\u00f3nico.<\/em><\/p>\n<p><em>Na eventualidade de cancelamento total ou parcial do evento, a Moztickets obriga-se a efectuar reembolsos aos particpantes, uma taxa de transfer\u00eancia pode ser deduzida em fun\u00e7\u00e3o do seu banco.<\/em><\/p>\n<p><em>Para mais informa\u00e7\u00f5es contacte : <a title=\"info@ccfmoz.com\" href=\"mailto:info@ccfmoz.com\">moztickets@feelcom.co.mz<\/a> ou +258 87 761 7434<\/em><\/p>\n\n    <div class=\"xs_social_share_widget xs_share_url after_content \t\tmain_content  wslu-style-1 wslu-share-box-shaped wslu-fill-colored wslu-none wslu-share-horizontal wslu-theme-font-no wslu-main_content\">\n\n\t\t\n        <ul>\n\t\t\t        <\/ul>\n    <\/div> \n","protected":false},"excerpt":{"rendered":"<p>Uma experi\u00eancia de Timbila Afro-Pop com Cheny Wa Gune, acompanhado pela Orquestra e Coro Xiquitsi.<\/p>\n<p><strong>DETALHES DO EVENTO<\/strong><\/p>\n<p><strong>Data e hora\u00a0:<\/strong> 08 de Maio \u00e0s 19h00<br \/>\n<strong>Organizadores:<\/strong>\u00a0\u00a0Xiquitsi<b><br \/>\n<strong>Endere\u00e7o:<\/strong><\/b>\u00a0\ud835\udc02\ud835\udc1e\ud835\udc27\ud835\udc2d\ud835\udc2b\ud835\udc28 \ud835\udc02\ud835\udc2e\ud835\udc25\ud835\udc2d\ud835\udc2e\ud835\udc2b\ud835\udc1a\ud835\udc25 \ud835\udc0c\ud835\udc28\ud835\udc1c\u0327\ud835\udc1a\ud835\udc26\ud835\udc1b\ud835\udc22\ud835\udc2a\ud835\udc2e\ud835\udc1e-\ud835\udc02\ud835\udc21\ud835\udc22\ud835\udc27\ud835\udc1a<br \/>\n<strong>Entrada: <\/strong>500 MZN<b><br \/>\n<strong>Informa\u00e7\u00f5es complementares:<\/strong><\/b> \ud835\udfce\ud835\udfd6 \ud835\udc0c\ud835\udc00\ud835\udc08\ud835\udc0e | \ud835\udfcf\ud835\udfd7\ud835\udc21\ud835\udfce\ud835\udfce: \ud835\udc0d\ud835\udc28\ud835\udc22\ud835\udc2d\ud835\udc1e \ud835\udc05\ud835\udc28\ud835\udc2b\ud835\udc1a \ud835\udc1d\ud835\udc1e \ud835\udc12\ud835\udc1e\u0301\ud835\udc2b\ud835\udc22\ud835\udc1e \ud835\udc27\ud835\udc28 \ud835\udc02\ud835\udc1e\ud835\udc27\ud835\udc2d\ud835\udc2b\ud835\udc28 \ud835\udc02\ud835\udc2e\ud835\udc25\ud835\udc2d\ud835\udc2e\ud835\udc2b\ud835\udc1a\ud835\udc25 \ud835\udc0c\ud835\udc28\ud835\udc1c\u0327\ud835\udc1a\ud835\udc26\ud835\udc1b\ud835\udc22\ud835\udc2a\ud835\udc2e\ud835\udc1e-\ud835\udc02\ud835\udc21\ud835\udc22\ud835\udc27\ud835\udc1a<\/p>\n<p>\u2705 O presente bilhete confere acesso exclusivo a este evento, unicamente na data nele indicada.<br data-start=\"728\" data-end=\"731\" \/><strong>Datas \/ hor\u00e1rios dispon\u00edveis para o Check-in:<\/strong><strong>\u00a0<\/strong><\/p>\n<ol>\n<li>\n<ol>\n<li>Check-in permitido de\u00a0: <strong>2025-05-08<\/strong><strong>&#8211;<\/strong> <strong>18<\/strong><strong>:00<\/strong><\/li>\n<li>Check-in permitido at\u00e9 : <strong>2025-05-08<\/strong>\u00a0<strong>&#8211;<\/strong><strong> 21:00<\/strong><\/li>\n<\/ol>\n<\/li>\n<\/ol>\n<p><em>Por Favor, fa\u00e7a o check-In durante os prazos stipulados . Em caso de incumprimento destes prazos, o Organizador\/Promotor tem o direito de recusar o seu bilhete.<\/em><\/p>\n<p><em>Seja portador deste Bilhete no formato impresso ou electr\u00f3nico.<\/em><\/p>\n<p><a href=\"https:\/\/shorturl.at\/bfZD9\" target=\"_blank\" rel=\"noopener\"><img decoding=\"async\" src=\"https:\/\/www.moz.life\/moztickets\/wp-content\/uploads\/2025\/02\/Moztickets-whatsapp-group-PUBLICIDADE-1700x400-1-1700x350.jpg\" \/><\/a><\/p>\n","protected":false},"featured_media":33681,"comment_status":"open","ping_status":"closed","template":"","meta":[],"product_brand":[],"product_cat":[933,105],"product_tag":[1081,473],"class_list":{"0":"post-33689","1":"product","2":"type-product","3":"status-publish","4":"has-post-thumbnail","6":"product_cat-sponsorisado","7":"product_cat-tickets","8":"product_tag-temporada-de-musica","9":"product_tag-xiquitsi","11":"first","12":"instock","13":"shipping-taxable","14":"purchasable","15":"product-type-simple"},"jetpack_sharing_enabled":true,"_links":{"self":[{"href":"https:\/\/moz.life\/moztickets\/wp-json\/wp\/v2\/product\/33689","targetHints":{"allow":["GET"]}}],"collection":[{"href":"https:\/\/moz.life\/moztickets\/wp-json\/wp\/v2\/product"}],"about":[{"href":"https:\/\/moz.life\/moztickets\/wp-json\/wp\/v2\/types\/product"}],"replies":[{"embeddable":true,"href":"https:\/\/moz.life\/moztickets\/wp-json\/wp\/v2\/comments?post=33689"}],"version-history":[{"count":4,"href":"https:\/\/moz.life\/moztickets\/wp-json\/wp\/v2\/product\/33689\/revisions"}],"predecessor-version":[{"id":33693,"href":"https:\/\/moz.life\/moztickets\/wp-json\/wp\/v2\/product\/33689\/revisions\/33693"}],"wp:featuredmedia":[{"embeddable":true,"href":"https:\/\/moz.life\/moztickets\/wp-json\/wp\/v2\/media\/33681"}],"wp:attachment":[{"href":"https:\/\/moz.life\/moztickets\/wp-json\/wp\/v2\/media?parent=33689"}],"wp:term":[{"taxonomy":"product_brand","embeddable":true,"href":"https:\/\/moz.life\/moztickets\/wp-json\/wp\/v2\/product_brand?post=33689"},{"taxonomy":"product_cat","embeddable":true,"href":"https:\/\/moz.life\/moztickets\/wp-json\/wp\/v2\/product_cat?post=33689"},{"taxonomy":"product_tag","embeddable":true,"href":"https:\/\/moz.life\/moztickets\/wp-json\/wp\/v2\/product_tag?post=33689"}],"curies":[{"name":"wp","href":"https:\/\/api.w.org\/{rel}","templated":true}]}}