{"id":33319,"date":"2026-04-20T14:48:41","date_gmt":"2026-04-20T12:48:41","guid":{"rendered":"https:\/\/moz.life\/moztickets\/?post_type=product&#038;p=33319"},"modified":"2026-04-20T16:45:42","modified_gmt":"2026-04-20T14:45:42","slug":"jimmy-dludlu-40-anos-de-carreira-vip","status":"publish","type":"product","link":"https:\/\/moz.life\/moztickets\/produit\/jimmy-dludlu-40-anos-de-carreira-vip\/","title":{"rendered":"Jimmy Dludlu \u2014 40 Anos de Carreira &#8211; VIP"},"content":{"rendered":"<p><strong>DETALHES DO EVENTO<\/strong><\/p>\n<p><strong>Data e hora: <\/strong>24 de junho \u00e0s 19h00<br \/>\n<strong>Organizadores:<\/strong>\u00a0 Top Produ\u00e7\u00f5es<b><br \/>\n<strong>Endere\u00e7o:<\/strong><\/b> <a href=\"http:\/\/-25.951923095786636, 32.60413945605011\">Campus da UEM<\/a>\u00a0(clique <a href=\"http:\/\/-25.951923095786636, 32.60413945605011\"><strong>aqui <\/strong><\/a>para ter a localiza\u00e7\u00e3o)<br \/>\n<strong>Entrada: <\/strong>1500 MZN<b><br \/>\n<strong>Informa\u00e7\u00f5es complementares:<\/strong><\/b> Jimmy Dludlu \u2014 40 Anos de Carreira &#8211; VIP &#8211; <strong>Este bilhete d\u00e1 acesso apenas ao Evento.<\/strong><\/p>\n<ol>\n<li><strong>Datas \/ hor\u00e1rios dispon\u00edveis para o Check-in:<\/strong><strong>\u00a0<\/strong>\n<ol>\n<li>Check-in permitido de\u00a0: <strong>2026-06-24<\/strong><strong>\u00a0&#8211;<\/strong> <strong>19<\/strong><strong>:00<\/strong><\/li>\n<li>Check-in permitido at\u00e9 : <strong>2025-06-25<\/strong><strong>&#8211;<\/strong> <strong>02<\/strong><strong>:00<\/strong><\/li>\n<\/ol>\n<\/li>\n<\/ol>\n<p><em><span style=\"font-size: 11.0pt\">Por Favor, fa\u00e7a o check-In durante os prazos stipulados . <\/span>Em caso de incumprimento destes prazos, o Organizador\/Promotor tem o direito de recusar o seu bilhete.<\/em><\/p>\n<p><em><span style=\"font-size: 11.0pt\">Seja portador deste Bilhete no formato impresso ou electr\u00f3nico.<\/span><\/em><\/p>\n<p><em><span style=\"font-size: 11.0pt\">Na eventualidade de cancelamento total ou parcial do evento, a Moztickets obriga-se a efectuar reembolsos aos particpantes, uma taxa de transfer\u00eancia pode ser deduzida em fun\u00e7\u00e3o do seu banco.<\/span><\/em><\/p>\n<p><em><span style=\"font-size: 11.0pt\">Para mais informa\u00e7\u00f5es contacte : <a href=\"mailto:moztickets@feelcom.co.mz\" target=\"_blank\" rel=\"noopener\">moztickets@feelcom.co.mz<\/a> ou +258 87 761 7434<\/span><\/em><\/p>\n<div id=\"attachment_85620\" style=\"width: 1710px\" class=\"wp-caption alignnone\"><a href=\"https:\/\/moz.life\/publicidade-no-mozlife\/\" target=\"_blank\" rel=\"noopener\"><img fetchpriority=\"high\" decoding=\"async\" aria-describedby=\"caption-attachment-85620\" class=\"wp-image-85620 size-full\" src=\"https:\/\/moz.life\/wp-content\/uploads\/2026\/01\/MozticketsPro_Mozlife_1700X400.png\" alt=\"\" width=\"1700\" height=\"400\" \/><\/a><p id=\"caption-attachment-85620\" class=\"wp-caption-text\">Submeta os seus an\u00fancios online em 4 etapas simples \u2014 com pr\u00e9-visualiza\u00e7\u00e3o imediata, estat\u00edsticas em tempo real e pre\u00e7os a partir de 1000 MZN.<\/p><\/div>\n\n    <div class=\"xs_social_share_widget xs_share_url after_content \t\tmain_content  wslu-style-1 wslu-share-box-shaped wslu-fill-colored wslu-none wslu-share-horizontal wslu-theme-font-no wslu-main_content\">\n\n\t\t\n        <ul>\n\t\t\t        <\/ul>\n    <\/div> \n","protected":false},"excerpt":{"rendered":"<p class=\"\" data-start=\"138\" data-end=\"299\">O ic\u00f3nico Jimmy Dludlu, o menino de Chamanculo, celebra 40 anos de carreira com uma grande turn\u00ea africana que arranca em Maputo. Mais do que um artista, Jimmy Dludlu \u00e9 uma refer\u00eancia no ensino e desenvolvimento da m\u00fasica africana, com impacto profundo a n\u00edvel continental e global.<\/p>\n<p><strong>DETALHES DO EVENTO<\/strong><\/p>\n<p><strong>Data e hora: <\/strong>24 de junho \u00e0s 19h00<br \/>\n<strong>Organizadores:<\/strong>\u00a0 Top Produ\u00e7\u00f5es<b><br \/>\n<strong>Endere\u00e7o:<\/strong><\/b> <a href=\"http:\/\/-25.951923095786636, 32.60413945605011\">Campus da UEM<\/a>\u00a0(clique <a href=\"http:\/\/-25.951923095786636, 32.60413945605011\"><strong>aqui <\/strong><\/a>para ter a localiza\u00e7\u00e3o)<br \/>\n<strong>Entrada: <\/strong>1500 MZN<b><br \/>\n<strong>Informa\u00e7\u00f5es complementares:<\/strong><\/b> Jimmy Dludlu \u2014 40 Anos de Carreira &#8211; VIP &#8211; <strong>Este bilhete d\u00e1 acesso apenas ao Evento.<\/strong><\/p>\n<ol>\n<li><strong>Datas \/ hor\u00e1rios dispon\u00edveis para o Check-in:<\/strong><strong>\u00a0<\/strong>\n<ol>\n<li>Check-in permitido de\u00a0: <strong>2026-06-24<\/strong><strong>\u00a0&#8211;<\/strong> <strong>19<\/strong><strong>:00<\/strong><\/li>\n<li>Check-in permitido at\u00e9 : <strong>2025-06-25<\/strong><strong>&#8211;<\/strong> <strong>02<\/strong><strong>:00<\/strong><\/li>\n<\/ol>\n<\/li>\n<\/ol>\n<p><em>Por Favor, fa\u00e7a o check-In durante os prazos stipulados . Em caso de incumprimento destes prazos, o Organizador\/Promotor tem o direito de recusar o seu bilhete.<\/em><\/p>\n<p><em>Seja portador deste Bilhete no formato impresso ou electr\u00f3nico.<\/em><\/p>\n[caption id=\"attachment_25458\" align=\"alignnone\" width=\"1700\"]<a href=\"https:\/\/shorturl.at\/bfZD9\" target=\"_blank\" rel=\"noopener\"><img decoding=\"async\" class=\"wp-image-25458 size-full\" src=\"https:\/\/moz.life\/moztickets\/wp-content\/uploads\/2025\/05\/01.Moztickets-whatsapp-group-PUBLICIDADE-1700x400-1.jpg\" alt=\"\" width=\"1700\" height=\"400\" srcset=\"https:\/\/moz.life\/moztickets\/wp-content\/uploads\/2025\/05\/01.Moztickets-whatsapp-group-PUBLICIDADE-1700x400-1.jpg 1700w, https:\/\/moz.life\/moztickets\/wp-content\/uploads\/2025\/05\/01.Moztickets-whatsapp-group-PUBLICIDADE-1700x400-1-300x71.jpg 300w, https:\/\/moz.life\/moztickets\/wp-content\/uploads\/2025\/05\/01.Moztickets-whatsapp-group-PUBLICIDADE-1700x400-1-1024x241.jpg 1024w, https:\/\/moz.life\/moztickets\/wp-content\/uploads\/2025\/05\/01.Moztickets-whatsapp-group-PUBLICIDADE-1700x400-1-768x181.jpg 768w, https:\/\/moz.life\/moztickets\/wp-content\/uploads\/2025\/05\/01.Moztickets-whatsapp-group-PUBLICIDADE-1700x400-1-1536x361.jpg 1536w, https:\/\/moz.life\/moztickets\/wp-content\/uploads\/2025\/05\/01.Moztickets-whatsapp-group-PUBLICIDADE-1700x400-1-450x106.jpg 450w\" sizes=\"(max-width: 1700px) 100vw, 1700px\" \/><\/a> Os membros do nosso grupo WhatsApp ser\u00e3o os primeiros a saber da abertura da bilheteira.[\/caption]\n","protected":false},"featured_media":33317,"comment_status":"open","ping_status":"closed","template":"","meta":[],"product_brand":[],"product_cat":[933,105],"product_tag":[994,1063,1064,996],"class_list":{"0":"post-33319","1":"product","2":"type-product","3":"status-publish","4":"has-post-thumbnail","6":"product_cat-sponsorisado","7":"product_cat-tickets","8":"product_tag-evento-cultural","9":"product_tag-jimmy-dludlu","10":"product_tag-jimmy-dludlu-40-anos-de-carreira","11":"product_tag-musica-mocambicana","12":"dc_vendor_shop-top-producoes","14":"first","15":"instock","16":"shipping-taxable","17":"product-type-simple"},"jetpack_sharing_enabled":true,"_links":{"self":[{"href":"https:\/\/moz.life\/moztickets\/wp-json\/wp\/v2\/product\/33319","targetHints":{"allow":["GET"]}}],"collection":[{"href":"https:\/\/moz.life\/moztickets\/wp-json\/wp\/v2\/product"}],"about":[{"href":"https:\/\/moz.life\/moztickets\/wp-json\/wp\/v2\/types\/product"}],"replies":[{"embeddable":true,"href":"https:\/\/moz.life\/moztickets\/wp-json\/wp\/v2\/comments?post=33319"}],"version-history":[{"count":4,"href":"https:\/\/moz.life\/moztickets\/wp-json\/wp\/v2\/product\/33319\/revisions"}],"predecessor-version":[{"id":33333,"href":"https:\/\/moz.life\/moztickets\/wp-json\/wp\/v2\/product\/33319\/revisions\/33333"}],"wp:featuredmedia":[{"embeddable":true,"href":"https:\/\/moz.life\/moztickets\/wp-json\/wp\/v2\/media\/33317"}],"wp:attachment":[{"href":"https:\/\/moz.life\/moztickets\/wp-json\/wp\/v2\/media?parent=33319"}],"wp:term":[{"taxonomy":"product_brand","embeddable":true,"href":"https:\/\/moz.life\/moztickets\/wp-json\/wp\/v2\/product_brand?post=33319"},{"taxonomy":"product_cat","embeddable":true,"href":"https:\/\/moz.life\/moztickets\/wp-json\/wp\/v2\/product_cat?post=33319"},{"taxonomy":"product_tag","embeddable":true,"href":"https:\/\/moz.life\/moztickets\/wp-json\/wp\/v2\/product_tag?post=33319"}],"curies":[{"name":"wp","href":"https:\/\/api.w.org\/{rel}","templated":true}]}}