{"id":32887,"date":"2026-04-02T07:57:23","date_gmt":"2026-04-02T05:57:23","guid":{"rendered":"https:\/\/moz.life\/moztickets\/?post_type=product&#038;p=32887"},"modified":"2026-04-17T18:45:47","modified_gmt":"2026-04-17T16:45:47","slug":"tp50-apresenta-concerto-para-trompete","status":"publish","type":"product","link":"https:\/\/moz.life\/moztickets\/produit\/tp50-apresenta-concerto-para-trompete\/","title":{"rendered":"TP50 apresenta Concerto para Trompete"},"content":{"rendered":"<p><strong>DETALHES DO EVENTO<\/strong><\/p>\n<p><strong>Data e hora\u00a0:<\/strong> 17 de Abril as 19h00<br \/>\n<strong>Organizadores: <\/strong>TP50<br \/>\n<b><strong>Endere\u00e7o: <\/strong><\/b><a href=\"https:\/\/maps.app.goo.gl\/x9E6gD3XM6FciMCXA\" target=\"_blank\" rel=\"noopener\">The Black Mamba<\/a> (clique <strong><a href=\"https:\/\/maps.app.goo.gl\/x9E6gD3XM6FciMCXA\" target=\"_blank\" rel=\"noopener\">aqui<\/a> <\/strong>para ter a\u00a0 localiza\u00e7\u00e3o)<br \/>\n<strong>Entrada: <\/strong>600 MZN<b><br \/>\n<\/b><\/p>\n<p><b><strong>Informa\u00e7\u00f5es complementares:<\/strong><\/b> TP50 apresenta Concerto para Trompete &#8211; <strong>Este bilhete d\u00e1 acesso apenas ao Evento.<\/strong><\/p>\n<ol>\n<li><strong>Datas \/ hor\u00e1rios dispon\u00edveis para o Check-in:<\/strong><strong>\u00a0<\/strong>\n<ol>\n<li>Check-in permitido de\u00a0: <strong>2026-04-17<\/strong><strong>&#8211;<\/strong> <strong>18<\/strong><strong>:30<\/strong><\/li>\n<li>Check-in permitido at\u00e9 : <strong>2026-04-17<\/strong><strong>&#8211;<\/strong><strong> 23:59<\/strong><\/li>\n<\/ol>\n<\/li>\n<\/ol>\n<p><em><span style=\"font-size: 11.0pt\">Por Favor, fa\u00e7a o check-In durante os prazos stipulados . <\/span>Em caso de incumprimento destes prazos, o Organizador\/Promotor tem o direito de recusar o seu bilhete.<\/em><\/p>\n<p><em><span style=\"font-size: 11.0pt\">Seja portador deste Bilhete no formato impresso ou electr\u00f3nico.<\/span><\/em><\/p>\n<p><em><span style=\"font-size: 11.0pt\">Na eventualidade de cancelamento total ou parcial do evento, a Moztickets obriga-se a efectuar reembolsos aos particpantes, uma taxa de transfer\u00eancia pode ser deduzida em fun\u00e7\u00e3o do seu banco.<\/span><\/em><\/p>\n<p><em><span style=\"font-size: 11.0pt\">Para mais informa\u00e7\u00f5es contacte : <a title=\"info@ccfmoz.com\" href=\"mailto:info@ccfmoz.com\">moztickets@feelcom.co.mz<\/a> ou +258 87 761 7434<\/span><\/em><\/p>\n<p><b>\u00a0<\/b><\/p>\n\n    <div class=\"xs_social_share_widget xs_share_url after_content \t\tmain_content  wslu-style-1 wslu-share-box-shaped wslu-fill-colored wslu-none wslu-share-horizontal wslu-theme-font-no wslu-main_content\">\n\n\t\t\n        <ul>\n\t\t\t        <\/ul>\n    <\/div> \n","protected":false},"excerpt":{"rendered":"<p data-start=\"375\" data-end=\"526\">Num ambiente intimista e cuidadosamente curado, o TP50 convida-o a abrandar e a entrar num espa\u00e7o onde a m\u00fasica se revela com subtileza e profundidade.<\/p>\n<p data-start=\"528\" data-end=\"732\">Mais do que um concerto, <em data-start=\"553\" data-end=\"577\">Concerto para Trompete<\/em> \u00e9 uma experi\u00eancia sensorial \u2014 um encontro pr\u00f3ximo entre artista e p\u00fablico, onde cada nota ecoa, cada sil\u00eancio respira e cada momento se prolonga no tempo.<\/p>\n<p>&nbsp;<\/p>\n<p><strong>DETALHES DO EVENTO<\/strong><\/p>\n<p><strong>Data e hora\u00a0:<\/strong> 17 de Abril as 19h00<br \/>\n<strong>Organizadores: <\/strong>TP50<br \/>\n<b><strong>Endere\u00e7o: <\/strong><\/b><a href=\"https:\/\/maps.app.goo.gl\/x9E6gD3XM6FciMCXA\" target=\"_blank\" rel=\"noopener\">The Black Mamba<\/a> (clique <strong><a href=\"https:\/\/maps.app.goo.gl\/x9E6gD3XM6FciMCXA\" target=\"_blank\" rel=\"noopener\">aqui<\/a> <\/strong>para ter a\u00a0 localiza\u00e7\u00e3o)<br \/>\n<strong>Entrada: <\/strong>600 MZN<b><br \/>\n<\/b><\/p>\n<p><b><strong>Informa\u00e7\u00f5es complementares:<\/strong><\/b> TP50 apresenta Concerto para Trompete &#8211; <strong>Este bilhete d\u00e1 acesso apenas ao Evento.<\/strong><\/p>\n<ol>\n<li><strong>Datas \/ hor\u00e1rios dispon\u00edveis para o Check-in:<\/strong><strong>\u00a0<\/strong>\n<ol>\n<li>Check-in permitido de\u00a0: <strong>2026-04-17<\/strong><strong>&#8211;<\/strong> <strong>18<\/strong><strong>:30<\/strong><\/li>\n<li>Check-in permitido at\u00e9 : <strong>2026-04-17<\/strong><strong>&#8211;<\/strong><strong> 23:59<\/strong><\/li>\n<\/ol>\n<\/li>\n<\/ol>\n<p><em>Por Favor, fa\u00e7a o check-In durante os prazos stipulados . Em caso de incumprimento destes prazos, o Organizador\/Promotor tem o direito de recusar o seu bilhete.<\/em><\/p>\n<p><em>Seja portador deste Bilhete no formato impresso ou electr\u00f3nico.<\/em><\/p>\n<p>&nbsp;<\/p>\n<p><a href=\"https:\/\/chat.whatsapp.com\/IcOSbc7fYEx1DixJramQCP\" target=\"_blank\" rel=\"noopener\"><img decoding=\"async\" src=\"https:\/\/www.moz.life\/moztickets\/wp-content\/uploads\/2025\/02\/Moztickets-whatsapp-group-PUBLICIDADE-1700x400-1-1700x350.jpg\" \/><\/a><\/p>\n","protected":false},"featured_media":32892,"comment_status":"open","ping_status":"closed","template":"","meta":[],"product_brand":[],"product_cat":[933,105],"product_tag":[797,1059,1060],"class_list":{"0":"post-32887","1":"product","2":"type-product","3":"status-publish","4":"has-post-thumbnail","6":"product_cat-sponsorisado","7":"product_cat-tickets","8":"product_tag-concertos","9":"product_tag-the-black-mamba","10":"product_tag-tp50","12":"first","13":"instock","14":"virtual","15":"product-type-simple"},"jetpack_sharing_enabled":true,"_links":{"self":[{"href":"https:\/\/moz.life\/moztickets\/wp-json\/wp\/v2\/product\/32887","targetHints":{"allow":["GET"]}}],"collection":[{"href":"https:\/\/moz.life\/moztickets\/wp-json\/wp\/v2\/product"}],"about":[{"href":"https:\/\/moz.life\/moztickets\/wp-json\/wp\/v2\/types\/product"}],"replies":[{"embeddable":true,"href":"https:\/\/moz.life\/moztickets\/wp-json\/wp\/v2\/comments?post=32887"}],"version-history":[{"count":3,"href":"https:\/\/moz.life\/moztickets\/wp-json\/wp\/v2\/product\/32887\/revisions"}],"predecessor-version":[{"id":33192,"href":"https:\/\/moz.life\/moztickets\/wp-json\/wp\/v2\/product\/32887\/revisions\/33192"}],"wp:featuredmedia":[{"embeddable":true,"href":"https:\/\/moz.life\/moztickets\/wp-json\/wp\/v2\/media\/32892"}],"wp:attachment":[{"href":"https:\/\/moz.life\/moztickets\/wp-json\/wp\/v2\/media?parent=32887"}],"wp:term":[{"taxonomy":"product_brand","embeddable":true,"href":"https:\/\/moz.life\/moztickets\/wp-json\/wp\/v2\/product_brand?post=32887"},{"taxonomy":"product_cat","embeddable":true,"href":"https:\/\/moz.life\/moztickets\/wp-json\/wp\/v2\/product_cat?post=32887"},{"taxonomy":"product_tag","embeddable":true,"href":"https:\/\/moz.life\/moztickets\/wp-json\/wp\/v2\/product_tag?post=32887"}],"curies":[{"name":"wp","href":"https:\/\/api.w.org\/{rel}","templated":true}]}}