{"id":32825,"date":"2026-03-31T14:35:43","date_gmt":"2026-03-31T12:35:43","guid":{"rendered":"https:\/\/moz.life\/moztickets\/?post_type=product&#038;p=32825"},"modified":"2026-04-09T17:06:15","modified_gmt":"2026-04-09T15:06:15","slug":"prima-facie","status":"publish","type":"product","link":"https:\/\/moz.life\/moztickets\/produit\/prima-facie\/","title":{"rendered":"Prima Facie"},"content":{"rendered":"<p><strong>DETALHES DO EVENTO<\/strong><\/p>\n<p><strong>Data e hora\u00a0:<\/strong> 26 de Abril as 18h30<br \/>\n<strong>Organizadores: <\/strong>Expedito Araujo<br \/>\n<b><strong>Endere\u00e7o: <\/strong><\/b><a href=\"https:\/\/maps.app.goo.gl\/fh8m31PJy5YDCs4D9\" target=\"_blank\" rel=\"noopener\">Instituto Guimar\u00e3es Rosa<\/a> (clique <strong><a href=\"https:\/\/maps.app.goo.gl\/fh8m31PJy5YDCs4D9\" target=\"_blank\" rel=\"noopener\">aqui<\/a> <\/strong>para ter a\u00a0 localiza\u00e7\u00e3o)<br \/>\n<strong>Entrada: <\/strong>500 MZN<b><br \/>\n<\/b><\/p>\n<p><b><strong>Informa\u00e7\u00f5es complementares:<\/strong><\/b> Prima Facie &#8211; <strong>Este bilhete d\u00e1 acesso apenas \u00e0 apresenta\u00e7\u00e3o do dia 26 de abril.<\/strong><\/p>\n<p>Nb: <strong>N\u00e3o ser\u00e1 permitida a entrada ap\u00f3s o in\u00edcio do espet\u00e1culo. Toler\u00e2ncia de 15 minutos ap\u00f3s o hor\u00e1rio de in\u00edcio.<\/strong><\/p>\n<ol>\n<li><strong>Datas \/ hor\u00e1rios dispon\u00edveis para o Check-in:<\/strong><strong>\u00a0<\/strong>\n<ol>\n<li>Check-in permitido de\u00a0: <strong>2026-04-26<\/strong><strong>&#8211;<\/strong> <strong>18<\/strong><strong>:00<\/strong><\/li>\n<li>Check-in permitido at\u00e9 : <strong>2026-04-26<\/strong><strong>&#8211;<\/strong><strong> 18:45<\/strong><\/li>\n<\/ol>\n<\/li>\n<\/ol>\n<p><em><span style=\"font-size: 11.0pt;\">Por Favor, fa\u00e7a o check-In durante os prazos stipulados . <\/span>Em caso de incumprimento destes prazos, o Organizador\/Promotor tem o direito de recusar o seu bilhete.<\/em><\/p>\n<p><em><span style=\"font-size: 11.0pt;\">Seja portador deste Bilhete no formato impresso ou electr\u00f3nico.<\/span><\/em><\/p>\n<p><em><span style=\"font-size: 11.0pt;\">Na eventualidade de cancelamento total ou parcial do evento, a Moztickets obriga-se a efectuar reembolsos aos particpantes, uma taxa de transfer\u00eancia pode ser deduzida em fun\u00e7\u00e3o do seu banco.<\/span><\/em><\/p>\n<p><em><span style=\"font-size: 11.0pt;\">Para mais informa\u00e7\u00f5es contacte : <a title=\"info@ccfmoz.com\" href=\"mailto:info@ccfmoz.com\">moztickets@feelcom.co.mz<\/a> ou +258 87 761 7434<\/span><\/em><\/p>\n<p><b>\u00a0<\/b><\/p>\n\n    <div class=\"xs_social_share_widget xs_share_url after_content \t\tmain_content  wslu-style-1 wslu-share-box-shaped wslu-fill-colored wslu-none wslu-share-horizontal wslu-theme-font-no wslu-main_content\">\n\n\t\t\n        <ul>\n\t\t\t        <\/ul>\n    <\/div> \n","protected":false},"excerpt":{"rendered":"<p>Uma encena\u00e7\u00e3o intensa e atual, interpretada por onze atrizes, que mergulha no universo da advocacia e levanta quest\u00f5es profundas sobre justi\u00e7a, poder e a condi\u00e7\u00e3o feminina \u2014 um espet\u00e1culo impactante que convida \u00e0 reflex\u00e3o.<\/p>\n<p><strong>DETALHES DO EVENTO<\/strong><\/p>\n<p><strong>Data e hora\u00a0:<\/strong> 26 de Abril as 18h30<br \/>\n<strong>Organizadores: <\/strong>Expedito Araujo<br \/>\n<strong>Endere\u00e7o: <\/strong><a href=\"https:\/\/maps.app.goo.gl\/fh8m31PJy5YDCs4D9\" target=\"_blank\" rel=\"noopener\">Instituto Guimar\u00e3es Rosa<\/a> (clique <strong><a href=\"https:\/\/maps.app.goo.gl\/fh8m31PJy5YDCs4D9\" target=\"_blank\" rel=\"noopener\">aqui<\/a> <\/strong>para ter a\u00a0 localiza\u00e7\u00e3o)<br \/>\n<strong>Entrada: <\/strong>500 MZN<b><br \/>\n<\/b><\/p>\n<p><strong>Informa\u00e7\u00f5es complementares:<\/strong> Prima Facie &#8211; <strong>Este bilhete d\u00e1 acesso apenas \u00e0 apresenta\u00e7\u00e3o do dia 26 de abril.<\/strong><\/p>\n<p>Nb: <strong>N\u00e3o ser\u00e1 permitida a entrada ap\u00f3s o in\u00edcio do espet\u00e1culo. Toler\u00e2ncia de 15 minutos ap\u00f3s o hor\u00e1rio de in\u00edcio.<\/strong><\/p>\n<ol>\n<li><strong>Datas \/ hor\u00e1rios dispon\u00edveis para o Check-in:\u00a0<\/strong>Check-in permitido de\u00a0: <strong>2026-04-26-<\/strong> <strong>18:00<\/strong>Check-in permitido at\u00e9 : <strong>2026-04-26- 18:45<\/strong><\/li>\n<\/ol>\n<p><em>Por Favor, fa\u00e7a o check-In durante os prazos stipulados . Em caso de incumprimento destes prazos, o Organizador\/Promotor tem o direito de recusar o seu bilhete.<\/em><\/p>\n<p><em>Seja portador deste Bilhete no formato impresso ou electr\u00f3nico.<\/em><\/p>\n<p><a href=\"https:\/\/chat.whatsapp.com\/IcOSbc7fYEx1DixJramQCP\" target=\"_blank\" rel=\"noopener\"><img decoding=\"async\" src=\"https:\/\/www.moz.life\/moztickets\/wp-content\/uploads\/2025\/02\/Moztickets-whatsapp-group-PUBLICIDADE-1700x400-1-1700x350.jpg\" \/><\/a><\/p>\n","protected":false},"featured_media":32831,"comment_status":"open","ping_status":"closed","template":"","meta":[],"product_brand":[],"product_cat":[105],"product_tag":[1054,787,1055],"class_list":{"0":"post-32825","1":"product","2":"type-product","3":"status-publish","4":"has-post-thumbnail","6":"product_cat-tickets","7":"product_tag-prima-facie","8":"product_tag-teatro","9":"product_tag-teatro-mocambicano","11":"first","12":"instock","13":"virtual","14":"purchasable","15":"product-type-simple"},"jetpack_sharing_enabled":true,"_links":{"self":[{"href":"https:\/\/moz.life\/moztickets\/wp-json\/wp\/v2\/product\/32825","targetHints":{"allow":["GET"]}}],"collection":[{"href":"https:\/\/moz.life\/moztickets\/wp-json\/wp\/v2\/product"}],"about":[{"href":"https:\/\/moz.life\/moztickets\/wp-json\/wp\/v2\/types\/product"}],"replies":[{"embeddable":true,"href":"https:\/\/moz.life\/moztickets\/wp-json\/wp\/v2\/comments?post=32825"}],"version-history":[{"count":6,"href":"https:\/\/moz.life\/moztickets\/wp-json\/wp\/v2\/product\/32825\/revisions"}],"predecessor-version":[{"id":32938,"href":"https:\/\/moz.life\/moztickets\/wp-json\/wp\/v2\/product\/32825\/revisions\/32938"}],"wp:featuredmedia":[{"embeddable":true,"href":"https:\/\/moz.life\/moztickets\/wp-json\/wp\/v2\/media\/32831"}],"wp:attachment":[{"href":"https:\/\/moz.life\/moztickets\/wp-json\/wp\/v2\/media?parent=32825"}],"wp:term":[{"taxonomy":"product_brand","embeddable":true,"href":"https:\/\/moz.life\/moztickets\/wp-json\/wp\/v2\/product_brand?post=32825"},{"taxonomy":"product_cat","embeddable":true,"href":"https:\/\/moz.life\/moztickets\/wp-json\/wp\/v2\/product_cat?post=32825"},{"taxonomy":"product_tag","embeddable":true,"href":"https:\/\/moz.life\/moztickets\/wp-json\/wp\/v2\/product_tag?post=32825"}],"curies":[{"name":"wp","href":"https:\/\/api.w.org\/{rel}","templated":true}]}}