{"id":32736,"date":"2026-03-26T14:53:14","date_gmt":"2026-03-26T12:53:14","guid":{"rendered":"https:\/\/moz.life\/moztickets\/?post_type=product&#038;p=32736"},"modified":"2026-04-20T15:02:40","modified_gmt":"2026-04-20T13:02:40","slug":"stewart-sukuma-banda-nkhuvu-de-mim-para-ti","status":"publish","type":"product","link":"https:\/\/moz.life\/moztickets\/produit\/stewart-sukuma-banda-nkhuvu-de-mim-para-ti\/","title":{"rendered":"Stewart Sukuma &amp; Banda Nkhuvu \u2013 \u201cDe mim, para Ti\u201d"},"content":{"rendered":"<p><strong>DETALHES DO EVENTO<\/strong><\/p>\n<p><strong>Data e hora\u00a0:<\/strong> 25 de Abril as 18h30<br \/>\n<strong>Organizadores: <\/strong>Ishow &amp; Stewart Sukuma<br \/>\n<b><strong>Endere\u00e7o: <\/strong><\/b><a href=\"https:\/\/maps.app.goo.gl\/TcZKsJRedYKs8vcq6\" target=\"_blank\" rel=\"noopener\"><strong>Associa\u00e7\u00e3o dos M\u00fasicos Mo\u00e7ambicanos<\/strong><\/a> (clique <strong><a href=\"https:\/\/maps.app.goo.gl\/TcZKsJRedYKs8vcq6\" target=\"_blank\" rel=\"noopener\">aqui<\/a> <\/strong>para ter a\u00a0 localiza\u00e7\u00e3o)<br \/>\n<strong>Entrada: <\/strong>700 MZN<b><br \/>\n<\/b><\/p>\n<p><b><strong>Informa\u00e7\u00f5es complementares:<\/strong><\/b> Stewart Sukuma &amp; Banda Nkhuvu \u2013 \u201cDe mim, para Ti\u201d &#8211; <strong>Este bilhete d\u00e1 acesso apenas ao Evento.<\/strong><\/p>\n<ol>\n<li><strong>Datas \/ hor\u00e1rios dispon\u00edveis para o Check-in:<\/strong><strong>\u00a0<\/strong>\n<ol>\n<li>Check-in permitido de\u00a0: <strong>2026-04-25<\/strong><strong>&#8211;<\/strong> <strong>17<\/strong><strong>:30<\/strong><\/li>\n<li>Check-in permitido at\u00e9 : <strong>2026-04-25<\/strong><strong>&#8211;<\/strong><strong> 22:00<\/strong><\/li>\n<\/ol>\n<\/li>\n<\/ol>\n<p><em><span style=\"font-size: 11.0pt\">Por Favor, fa\u00e7a o check-In durante os prazos stipulados . <\/span>Em caso de incumprimento destes prazos, o Organizador\/Promotor tem o direito de recusar o seu bilhete.<\/em><\/p>\n<p><em><span style=\"font-size: 11.0pt\">Seja portador deste Bilhete no formato impresso ou electr\u00f3nico.<\/span><\/em><\/p>\n<p><em><span style=\"font-size: 11.0pt\">Na eventualidade de cancelamento total ou parcial do evento, a Moztickets obriga-se a efectuar reembolsos aos particpantes, uma taxa de transfer\u00eancia pode ser deduzida em fun\u00e7\u00e3o do seu banco.<\/span><\/em><\/p>\n<p><em><span style=\"font-size: 11.0pt\">Para mais informa\u00e7\u00f5es contacte : <a title=\"info@ccfmoz.com\" href=\"mailto:info@ccfmoz.com\">moztickets@feelcom.co.mz<\/a> ou +258 87 761 7434<\/span><\/em><\/p>\n<p><b>\u00a0<\/b><\/p>\n\n    <div class=\"xs_social_share_widget xs_share_url after_content \t\tmain_content  wslu-style-1 wslu-share-box-shaped wslu-fill-colored wslu-none wslu-share-horizontal wslu-theme-font-no wslu-main_content\">\n\n\t\t\n        <ul>\n\t\t\t        <\/ul>\n    <\/div> \n","protected":false},"excerpt":{"rendered":"<p data-start=\"60\" data-end=\"269\">No dia <strong data-start=\"67\" data-end=\"82\">25 de Abril<\/strong>, o palco da <strong data-start=\"95\" data-end=\"134\">Associa\u00e7\u00e3o dos M\u00fasicos Mo\u00e7ambicanos<\/strong> recebe um concerto inesquec\u00edvel com um dos maiores nomes da m\u00fasica mo\u00e7ambicana, <strong data-start=\"215\" data-end=\"233\">Stewart Sukuma<\/strong>, acompanhado pela banda <strong data-start=\"258\" data-end=\"268\">Nkhuvu<\/strong>.<\/p>\n<p data-start=\"60\" data-end=\"269\">Um espet\u00e1culo intimista, marcado pela eleg\u00e2ncia, emo\u00e7\u00e3o e por sonoridades que atravessam gera\u00e7\u00f5es \u2014 um verdadeiro encontro entre artista e p\u00fablico, <em data-start=\"419\" data-end=\"436\">de mim, para ti<\/em>.<\/p>\n<p><strong>DETALHES DO EVENTO<\/strong><\/p>\n<p><strong>Data e hora\u00a0:<\/strong> 25 de Abril as 18h30<br \/>\n<strong>Organizadores: <\/strong>Ishow &amp; Stewart Sukuma<br \/>\n<b><strong>Endere\u00e7o: <\/strong><\/b><a href=\"https:\/\/maps.app.goo.gl\/TcZKsJRedYKs8vcq6\" target=\"_blank\" rel=\"noopener\"><strong>Associa\u00e7\u00e3o dos M\u00fasicos Mo\u00e7ambicanos<\/strong><\/a> (clique <strong><a href=\"https:\/\/maps.app.goo.gl\/TcZKsJRedYKs8vcq6\" target=\"_blank\" rel=\"noopener\">aqui<\/a> <\/strong>para ter a\u00a0 localiza\u00e7\u00e3o)<br \/>\n<strong>Entrada: <\/strong>700 MZN<b><br \/>\n<\/b><\/p>\n<p><b><strong>Informa\u00e7\u00f5es complementares:<\/strong><\/b> Stewart Sukuma &amp; Banda Nkhuvu \u2013 \u201cDe mim, para Ti\u201d &#8211; <strong>Este bilhete d\u00e1 acesso apenas ao Evento.<\/strong><\/p>\n<ol>\n<li><strong>Datas \/ hor\u00e1rios dispon\u00edveis para o Check-in:<\/strong><strong>\u00a0<\/strong>\n<ol>\n<li>Check-in permitido de\u00a0: <strong>2026-04-25<\/strong><strong>&#8211;<\/strong> <strong>17<\/strong><strong>:30<\/strong><\/li>\n<li>Check-in permitido at\u00e9 : <strong>2026-04-25<\/strong><strong>&#8211;<\/strong><strong> 22:00<\/strong><\/li>\n<\/ol>\n<\/li>\n<\/ol>\n<p><em>Por Favor, fa\u00e7a o check-In durante os prazos stipulados . Em caso de incumprimento destes prazos, o Organizador\/Promotor tem o direito de recusar o seu bilhete.<\/em><\/p>\n<p><em>Seja portador deste Bilhete no formato impresso ou electr\u00f3nico.<\/em><\/p>\n<p><a href=\"https:\/\/chat.whatsapp.com\/IcOSbc7fYEx1DixJramQCP\" target=\"_blank\" rel=\"noopener\"><img decoding=\"async\" src=\"https:\/\/www.moz.life\/moztickets\/wp-content\/uploads\/2025\/02\/Moztickets-whatsapp-group-PUBLICIDADE-1700x400-1-1700x350.jpg\" \/><\/a><\/p>\n","protected":false},"featured_media":32737,"comment_status":"open","ping_status":"closed","template":"","meta":[],"product_brand":[],"product_cat":[933,105],"product_tag":[1049,797,1047,1048,761],"class_list":{"0":"post-32736","1":"product","2":"type-product","3":"status-publish","4":"has-post-thumbnail","6":"product_cat-sponsorisado","7":"product_cat-tickets","8":"product_tag-associacao-dos-musicos-mocambicanos","9":"product_tag-concertos","10":"product_tag-de-mim","11":"product_tag-para-ti","12":"product_tag-stewart-sukuma","14":"first","15":"instock","16":"sale","17":"virtual","18":"purchasable","19":"product-type-simple"},"jetpack_sharing_enabled":true,"_links":{"self":[{"href":"https:\/\/moz.life\/moztickets\/wp-json\/wp\/v2\/product\/32736","targetHints":{"allow":["GET"]}}],"collection":[{"href":"https:\/\/moz.life\/moztickets\/wp-json\/wp\/v2\/product"}],"about":[{"href":"https:\/\/moz.life\/moztickets\/wp-json\/wp\/v2\/types\/product"}],"replies":[{"embeddable":true,"href":"https:\/\/moz.life\/moztickets\/wp-json\/wp\/v2\/comments?post=32736"}],"version-history":[{"count":2,"href":"https:\/\/moz.life\/moztickets\/wp-json\/wp\/v2\/product\/32736\/revisions"}],"predecessor-version":[{"id":33273,"href":"https:\/\/moz.life\/moztickets\/wp-json\/wp\/v2\/product\/32736\/revisions\/33273"}],"wp:featuredmedia":[{"embeddable":true,"href":"https:\/\/moz.life\/moztickets\/wp-json\/wp\/v2\/media\/32737"}],"wp:attachment":[{"href":"https:\/\/moz.life\/moztickets\/wp-json\/wp\/v2\/media?parent=32736"}],"wp:term":[{"taxonomy":"product_brand","embeddable":true,"href":"https:\/\/moz.life\/moztickets\/wp-json\/wp\/v2\/product_brand?post=32736"},{"taxonomy":"product_cat","embeddable":true,"href":"https:\/\/moz.life\/moztickets\/wp-json\/wp\/v2\/product_cat?post=32736"},{"taxonomy":"product_tag","embeddable":true,"href":"https:\/\/moz.life\/moztickets\/wp-json\/wp\/v2\/product_tag?post=32736"}],"curies":[{"name":"wp","href":"https:\/\/api.w.org\/{rel}","templated":true}]}}