{"id":32052,"date":"2026-02-19T11:06:53","date_gmt":"2026-02-19T09:06:53","guid":{"rendered":"https:\/\/moz.life\/moztickets\/?post_type=product&#038;p=32052"},"modified":"2026-03-11T17:17:32","modified_gmt":"2026-03-11T15:17:32","slug":"makwayela-tracks","status":"publish","type":"product","link":"https:\/\/moz.life\/moztickets\/produit\/makwayela-tracks\/","title":{"rendered":"MAKWAYELA TRACKS"},"content":{"rendered":"<p><strong>DETALHES DO EVENTO<\/strong><\/p>\n<p><strong>Data e hora\u00a0:<\/strong> 12 de Mar\u00e7o as 18h00<br \/>\n<strong>Organizadores:<\/strong> Galeria<br \/>\n<b><strong>Endere\u00e7o: <\/strong><\/b><a href=\"https:\/\/www.google.com\/maps\/place\/Galeria+Porto+de+Maputo\/@-25.9670084,32.5513934,16z\/data=!4m10!1m2!2m1!1sGelria+portos+de+maputo!3m6!1s0x1ee69becda2c7439:0xeee68bb75052bf87!8m2!3d-25.9737181!4d32.5676563!15sChdHZWxyaWEgcG9ydG9zIGRlIG1hcHV0b5IBD2N1bHR1cmFsX2NlbnRlcuABAA!16s%2Fg%2F11j117q5r_?entry=ttu\" target=\"_blank\" rel=\"noopener\"><strong>Galeria Porto de Maputo\u00a0<\/strong><\/a> (clique <strong><a href=\"https:\/\/www.google.com\/maps\/place\/Galeria+Porto+de+Maputo\/@-25.9670084,32.5513934,16z\/data=!4m10!1m2!2m1!1sGelria+portos+de+maputo!3m6!1s0x1ee69becda2c7439:0xeee68bb75052bf87!8m2!3d-25.9737181!4d32.5676563!15sChdHZWxyaWEgcG9ydG9zIGRlIG1hcHV0b5IBD2N1bHR1cmFsX2NlbnRlcuABAA!16s%2Fg%2F11j117q5r_?entry=ttu\" target=\"_blank\" rel=\"noopener\">aqui<\/a> <\/strong>para ter a\u00a0 localiza\u00e7\u00e3o)<br \/>\n<strong>Entrada: <\/strong>500 MZN<b><br \/>\n<\/b><\/p>\n<p><b><strong>Informa\u00e7\u00f5es complementares:<\/strong><\/b> MAKWAYELA TRACKS &#8211; <strong>Este bilhete d\u00e1 acesso apenas ao Evento.<\/strong><\/p>\n<ol>\n<li><strong>Datas \/ hor\u00e1rios dispon\u00edveis para o Check-in:<\/strong><strong>\u00a0<\/strong>\n<ol>\n<li>Check-in permitido de\u00a0: <strong>2026-03-12<\/strong><strong>&#8211;<\/strong> <strong>18<\/strong><strong>:00<\/strong><\/li>\n<li>Check-in permitido at\u00e9 : <strong>2026-03-12<\/strong><strong>&#8211;<\/strong><strong> 23:59<\/strong><\/li>\n<\/ol>\n<\/li>\n<\/ol>\n<p><em><span style=\"font-size: 11.0pt;\">Por Favor, fa\u00e7a o check-In durante os prazos stipulados . <\/span>Em caso de incumprimento destes prazos, o Organizador\/Promotor tem o direito de recusar o seu bilhete.<\/em><\/p>\n<p><em><span style=\"font-size: 11.0pt;\">Seja portador deste Bilhete no formato impresso ou electr\u00f3nico.<\/span><\/em><\/p>\n<p><em><span style=\"font-size: 11.0pt;\">Na eventualidade de cancelamento total ou parcial do evento, a Moztickets obriga-se a efectuar reembolsos aos particpantes, uma taxa de transfer\u00eancia pode ser deduzida em fun\u00e7\u00e3o do seu banco.<\/span><\/em><\/p>\n<p><em><span style=\"font-size: 11.0pt;\">Para mais informa\u00e7\u00f5es contacte : <a title=\"info@ccfmoz.com\" href=\"mailto:info@ccfmoz.com\">moztickets@feelcom.co.mz<\/a> ou +258 87 761 7434<\/span><\/em><\/p>\n<p><b>\u00a0<\/b><\/p>\n\n    <div class=\"xs_social_share_widget xs_share_url after_content \t\tmain_content  wslu-style-1 wslu-share-box-shaped wslu-fill-colored wslu-none wslu-share-horizontal wslu-theme-font-no wslu-main_content\">\n\n\t\t\n        <ul>\n\t\t\t        <\/ul>\n    <\/div> \n","protected":false},"excerpt":{"rendered":"<p>Makwayela Tracks, iniciativa da Associa\u00e7\u00e3o Cultural HODI, prop\u00f5e um encontro entre a for\u00e7a da makwayela e as linguagens contempor\u00e2neas. O projeto cruza canto e dan\u00e7a tradicional com m\u00fasica eletr\u00f3nica, Hip Hop e DJ sets, criando um espa\u00e7o vivo de di\u00e1logo entre gera\u00e7\u00f5es, ritmos e energias.<\/p>\n<p><strong>DETALHES DO EVENTO<\/strong><\/p>\n<p><strong>Data e hora\u00a0:<\/strong> 12 de Mar\u00e7o as 18h00<br \/>\n<strong>Organizadores:<\/strong> Galeria<br \/>\n<b><strong>Endere\u00e7o: <\/strong><\/b><a href=\"https:\/\/www.google.com\/maps\/place\/Galeria+Porto+de+Maputo\/@-25.9670084,32.5513934,16z\/data=!4m10!1m2!2m1!1sGelria+portos+de+maputo!3m6!1s0x1ee69becda2c7439:0xeee68bb75052bf87!8m2!3d-25.9737181!4d32.5676563!15sChdHZWxyaWEgcG9ydG9zIGRlIG1hcHV0b5IBD2N1bHR1cmFsX2NlbnRlcuABAA!16s%2Fg%2F11j117q5r_?entry=ttu\" target=\"_blank\" rel=\"noopener\"><strong>Galeria Porto de Maputo\u00a0<\/strong><\/a> (clique <strong><a href=\"https:\/\/www.google.com\/maps\/place\/Galeria+Porto+de+Maputo\/@-25.9670084,32.5513934,16z\/data=!4m10!1m2!2m1!1sGelria+portos+de+maputo!3m6!1s0x1ee69becda2c7439:0xeee68bb75052bf87!8m2!3d-25.9737181!4d32.5676563!15sChdHZWxyaWEgcG9ydG9zIGRlIG1hcHV0b5IBD2N1bHR1cmFsX2NlbnRlcuABAA!16s%2Fg%2F11j117q5r_?entry=ttu\" target=\"_blank\" rel=\"noopener\">aqui<\/a> <\/strong>para ter a\u00a0 localiza\u00e7\u00e3o)<br \/>\n<strong>Entrada: <\/strong>500 MZN<b><br \/>\n<\/b><\/p>\n<p><b><strong>Informa\u00e7\u00f5es complementares:<\/strong><\/b> MAKWAYELA TRACKS &#8211; <strong>Este bilhete d\u00e1 acesso apenas ao Evento.<\/strong><\/p>\n<ol>\n<li><strong>Datas \/ hor\u00e1rios dispon\u00edveis para o Check-in:<\/strong><strong>\u00a0<\/strong>\n<ol>\n<li>Check-in permitido de\u00a0: <strong>2026-03-12<\/strong><strong>&#8211;<\/strong> <strong>18<\/strong><strong>:00<\/strong><\/li>\n<li>Check-in permitido at\u00e9 : <strong>2026-03-12<\/strong><strong>&#8211;<\/strong><strong> 23:59<\/strong><\/li>\n<\/ol>\n<\/li>\n<\/ol>\n<p><em>Por Favor, fa\u00e7a o check-In durante os prazos stipulados . Em caso de incumprimento destes prazos, o Organizador\/Promotor tem o direito de recusar o seu bilhete.<\/em><\/p>\n<p><em>Seja portador deste Bilhete no formato impresso ou electr\u00f3nico.<\/em><\/p>\n<p><a href=\"https:\/\/chat.whatsapp.com\/IcOSbc7fYEx1DixJramQCP\" target=\"_blank\" rel=\"noopener\"><img decoding=\"async\" src=\"https:\/\/www.moz.life\/moztickets\/wp-content\/uploads\/2025\/02\/Moztickets-whatsapp-group-PUBLICIDADE-1700x400-1-1700x350.jpg\" \/><\/a><\/p>\n","protected":false},"featured_media":32053,"comment_status":"open","ping_status":"closed","template":"","meta":[],"product_brand":[],"product_cat":[105],"product_tag":[548,1024],"class_list":{"0":"post-32052","1":"product","2":"type-product","3":"status-publish","4":"has-post-thumbnail","6":"product_cat-tickets","7":"product_tag-galeria","8":"product_tag-makwayela-tracks","10":"first","11":"instock","12":"virtual","13":"product-type-simple"},"jetpack_sharing_enabled":true,"_links":{"self":[{"href":"https:\/\/moz.life\/moztickets\/wp-json\/wp\/v2\/product\/32052","targetHints":{"allow":["GET"]}}],"collection":[{"href":"https:\/\/moz.life\/moztickets\/wp-json\/wp\/v2\/product"}],"about":[{"href":"https:\/\/moz.life\/moztickets\/wp-json\/wp\/v2\/types\/product"}],"replies":[{"embeddable":true,"href":"https:\/\/moz.life\/moztickets\/wp-json\/wp\/v2\/comments?post=32052"}],"version-history":[{"count":1,"href":"https:\/\/moz.life\/moztickets\/wp-json\/wp\/v2\/product\/32052\/revisions"}],"predecessor-version":[{"id":32054,"href":"https:\/\/moz.life\/moztickets\/wp-json\/wp\/v2\/product\/32052\/revisions\/32054"}],"wp:featuredmedia":[{"embeddable":true,"href":"https:\/\/moz.life\/moztickets\/wp-json\/wp\/v2\/media\/32053"}],"wp:attachment":[{"href":"https:\/\/moz.life\/moztickets\/wp-json\/wp\/v2\/media?parent=32052"}],"wp:term":[{"taxonomy":"product_brand","embeddable":true,"href":"https:\/\/moz.life\/moztickets\/wp-json\/wp\/v2\/product_brand?post=32052"},{"taxonomy":"product_cat","embeddable":true,"href":"https:\/\/moz.life\/moztickets\/wp-json\/wp\/v2\/product_cat?post=32052"},{"taxonomy":"product_tag","embeddable":true,"href":"https:\/\/moz.life\/moztickets\/wp-json\/wp\/v2\/product_tag?post=32052"}],"curies":[{"name":"wp","href":"https:\/\/api.w.org\/{rel}","templated":true}]}}