{"id":31617,"date":"2026-01-29T12:09:40","date_gmt":"2026-01-29T10:09:40","guid":{"rendered":"https:\/\/moz.life\/moztickets\/?post_type=product&#038;p=31617"},"modified":"2026-01-30T11:16:13","modified_gmt":"2026-01-30T09:16:13","slug":"o-coconuts-apresenta-percella-normal-standard","status":"publish","type":"product","link":"https:\/\/moz.life\/moztickets\/produit\/o-coconuts-apresenta-percella-normal-standard\/","title":{"rendered":"O Coconuts apresenta: Percella &#8211; Normal\/Standard"},"content":{"rendered":"<p><strong>DETALHES DO EVENTO<\/strong><\/p>\n<p><strong>Data e hora\u00a0:<\/strong> 09 de Maio as 20h00<br \/>\n<strong>Organizadores:<\/strong> Brandwise Entertainment<b><br \/>\n<strong>Endere\u00e7o:<\/strong><\/b> <a href=\"https:\/\/maps.app.goo.gl\/GNtqKuiyvAyorAfH9\" target=\"_blank\" rel=\"noopener\">Coconuts: Av. da Marginal, Maputo<\/a> (clique <a href=\"https:\/\/maps.app.goo.gl\/GNtqKuiyvAyorAfH9\" target=\"_blank\" rel=\"noopener\"><strong>aqui <\/strong><\/a>para ter a localiza\u00e7\u00e3o)<br \/>\n<strong>Entrada: <\/strong>1000 MZN<b><br \/>\n<strong>Informa\u00e7\u00f5es complementares:<\/strong><\/b> O Coconuts apresenta: Percella &#8211; Normal\/Standard &#8211; <strong>Este bilhete d\u00e1 acesso apenas ao Evento.<\/strong><\/p>\n<ol>\n<li><strong>Datas \/ hor\u00e1rios dispon\u00edveis para o Check-in:<\/strong><strong>\u00a0<\/strong>\n<ol>\n<li>Check-in permitido de\u00a0: <strong>2026-05-09<\/strong><strong>\u00a0&#8211;<\/strong> <strong>20<\/strong><strong>:00<\/strong><\/li>\n<li>Check-in permitido at\u00e9 : <strong>2025-05-10<\/strong><strong>&#8211;<\/strong> <strong>02<\/strong><strong>:00<\/strong><\/li>\n<\/ol>\n<\/li>\n<\/ol>\n<p><em><span style=\"font-size: 11.0pt;\">Por Favor, fa\u00e7a o check-In durante os prazos stipulados . <\/span>Em caso de incumprimento destes prazos, o Organizador\/Promotor tem o direito de recusar o seu bilhete.<\/em><\/p>\n<p><em><span style=\"font-size: 11.0pt;\">Seja portador deste Bilhete no formato impresso ou electr\u00f3nico.<\/span><\/em><\/p>\n<p><em><span style=\"font-size: 11.0pt;\">Na eventualidade de cancelamento total ou parcial do evento, a Moztickets obriga-se a efectuar reembolsos aos particpantes, uma taxa de transfer\u00eancia pode ser deduzida em fun\u00e7\u00e3o do seu banco.<\/span><\/em><\/p>\n<p><em><span style=\"font-size: 11.0pt;\">Para mais informa\u00e7\u00f5es contacte : <a href=\"mailto:moztickets@feelcom.co.mz\" target=\"_blank\" rel=\"noopener\">moztickets@feelcom.co.mz<\/a> ou +258 87 761 7434<\/span><\/em><\/p>\n\n    <div class=\"xs_social_share_widget xs_share_url after_content \t\tmain_content  wslu-style-1 wslu-share-box-shaped wslu-fill-colored wslu-none wslu-share-horizontal wslu-theme-font-no wslu-main_content\">\n\n\t\t\n        <ul>\n\t\t\t        <\/ul>\n    <\/div> \n","protected":false},"excerpt":{"rendered":"<p class=\"\" data-start=\"138\" data-end=\"299\">O <strong data-start=\"192\" data-end=\"204\">Coconuts<\/strong> apresenta <strong data-start=\"215\" data-end=\"227\">Percella<\/strong> num concerto especial marcado para <strong data-start=\"263\" data-end=\"298\">sexta-feira, 09 de Maio de 2026<\/strong>, a partir das <strong data-start=\"313\" data-end=\"322\">20h00<\/strong>, em <strong data-start=\"327\" data-end=\"337\">Maputo<\/strong>. Reconhecida pela sua voz envolvente e pela forma \u00fanica como se conecta com o p\u00fablico, Percella promete um espet\u00e1culo intenso, elegante e carregado de emo\u00e7\u00e3o, numa noite pensada para os verdadeiros amantes da boa m\u00fasica<\/p>\n<p><strong>DETALHES DO EVENTO<\/strong><\/p>\n<p><strong>Data e hora\u00a0:<\/strong> 09 de Maio as 20h00<br \/>\n<strong>Organizadores:<\/strong> Brandwise Entertainment<b><br \/>\n<strong>Endere\u00e7o:<\/strong><\/b> <a href=\"https:\/\/maps.app.goo.gl\/GNtqKuiyvAyorAfH9\" target=\"_blank\" rel=\"noopener\">Coconuts: Av. da Marginal, Maputo<\/a> (clique <a href=\"https:\/\/maps.app.goo.gl\/GNtqKuiyvAyorAfH9\" target=\"_blank\" rel=\"noopener\"><strong>aqui <\/strong><\/a>para ter a localiza\u00e7\u00e3o)<br \/>\n<strong>Entrada: <\/strong>1000 MZN<b><br \/>\n<strong>Informa\u00e7\u00f5es complementares:<\/strong><\/b> O Coconuts apresenta: Percella &#8211; Normal\/Standard &#8211; <strong>Este bilhete d\u00e1 acesso apenas ao Evento.<\/strong><\/p>\n<ol>\n<li><strong>Datas \/ hor\u00e1rios dispon\u00edveis para o Check-in:<\/strong><strong>\u00a0<\/strong>\n<ol>\n<li>Check-in permitido de\u00a0: <strong>2026-05-09<\/strong><strong>\u00a0&#8211;<\/strong> <strong>20<\/strong><strong>:00<\/strong><\/li>\n<li>Check-in permitido at\u00e9 : <strong>2025-05-10<\/strong><strong>&#8211;<\/strong> <strong>02<\/strong><strong>:00<\/strong><\/li>\n<\/ol>\n<\/li>\n<\/ol>\n<p><em>Por Favor, fa\u00e7a o check-In durante os prazos stipulados . Em caso de incumprimento destes prazos, o Organizador\/Promotor tem o direito de recusar o seu bilhete.<\/em><\/p>\n<p><em>Seja portador deste Bilhete no formato impresso ou electr\u00f3nico.<\/em><\/p>\n<p><a href=\"https:\/\/shorturl.at\/H8Gww\" target=\"_blank\" rel=\"noopener\"><img fetchpriority=\"high\" fetchpriority=\"high\" decoding=\"async\" class=\"alignnone\" src=\"https:\/\/www.moz.life\/moztickets\/wp-content\/uploads\/2025\/02\/Moztickets-whatsapp-group-PUBLICIDADE-1700x400-1-1700x350.jpg\" alt=\"\" width=\"1700\" height=\"350\" \/><\/a><\/p>\n","protected":false},"featured_media":31618,"comment_status":"open","ping_status":"closed","template":"","meta":[],"product_brand":[],"product_cat":[933,105],"product_tag":[949,995,994,996,1000],"class_list":{"0":"post-31617","1":"product","2":"type-product","3":"status-publish","4":"has-post-thumbnail","6":"product_cat-sponsorisado","7":"product_cat-tickets","8":"product_tag-coconuts","9":"product_tag-espetaculo-ao-vivo","10":"product_tag-evento-cultural","11":"product_tag-musica-mocambicana","12":"product_tag-percella","13":"dc_vendor_shop-coconuts","15":"first","16":"instock","17":"sale","18":"shipping-taxable","19":"purchasable","20":"product-type-simple"},"jetpack_sharing_enabled":true,"_links":{"self":[{"href":"https:\/\/moz.life\/moztickets\/wp-json\/wp\/v2\/product\/31617","targetHints":{"allow":["GET"]}}],"collection":[{"href":"https:\/\/moz.life\/moztickets\/wp-json\/wp\/v2\/product"}],"about":[{"href":"https:\/\/moz.life\/moztickets\/wp-json\/wp\/v2\/types\/product"}],"replies":[{"embeddable":true,"href":"https:\/\/moz.life\/moztickets\/wp-json\/wp\/v2\/comments?post=31617"}],"version-history":[{"count":2,"href":"https:\/\/moz.life\/moztickets\/wp-json\/wp\/v2\/product\/31617\/revisions"}],"predecessor-version":[{"id":31624,"href":"https:\/\/moz.life\/moztickets\/wp-json\/wp\/v2\/product\/31617\/revisions\/31624"}],"wp:featuredmedia":[{"embeddable":true,"href":"https:\/\/moz.life\/moztickets\/wp-json\/wp\/v2\/media\/31618"}],"wp:attachment":[{"href":"https:\/\/moz.life\/moztickets\/wp-json\/wp\/v2\/media?parent=31617"}],"wp:term":[{"taxonomy":"product_brand","embeddable":true,"href":"https:\/\/moz.life\/moztickets\/wp-json\/wp\/v2\/product_brand?post=31617"},{"taxonomy":"product_cat","embeddable":true,"href":"https:\/\/moz.life\/moztickets\/wp-json\/wp\/v2\/product_cat?post=31617"},{"taxonomy":"product_tag","embeddable":true,"href":"https:\/\/moz.life\/moztickets\/wp-json\/wp\/v2\/product_tag?post=31617"}],"curies":[{"name":"wp","href":"https:\/\/api.w.org\/{rel}","templated":true}]}}