{"id":31598,"date":"2026-01-29T11:02:15","date_gmt":"2026-01-29T09:02:15","guid":{"rendered":"https:\/\/moz.life\/moztickets\/?post_type=product&#038;p=31598"},"modified":"2026-03-16T11:24:50","modified_gmt":"2026-03-16T09:24:50","slug":"8-a-edicao-quem-disse-que-as-mulheres-nao-podem-fazer-uma-serenata-normal-standard","status":"publish","type":"product","link":"https:\/\/moz.life\/moztickets\/produit\/8-a-edicao-quem-disse-que-as-mulheres-nao-podem-fazer-uma-serenata-normal-standard\/","title":{"rendered":"8.\u00aa edi\u00e7\u00e3o \u2013 Quem Disse Que As Mulheres N\u00e3o Podem Fazer Uma Serenata &#8211; VIP"},"content":{"rendered":"<p><strong>DETALHES DO EVENTO<\/strong><\/p>\n<p><strong>Data e hora\u00a0:<\/strong> 10 de Abril as 21h30<br \/>\n<strong>Organizadores:<\/strong> Kakana Eventos<b><br \/>\n<\/b><strong>Endere\u00e7o:<\/strong> <a href=\"https:\/\/maps.app.goo.gl\/GNtqKuiyvAyorAfH9\" target=\"_blank\" rel=\"noopener\">Coconuts: Av. da Marginal, Maputo<\/a> (clique <strong><a href=\"https:\/\/maps.app.goo.gl\/GNtqKuiyvAyorAfH9\" target=\"_blank\" rel=\"noopener\">aqui <\/a><\/strong>para ter a localiza\u00e7\u00e3o)<br \/>\n<strong>Entrada: <\/strong>2000 MZN<b><br \/>\n<\/b><strong>Informa\u00e7\u00f5es complementares:<\/strong> 8.\u00aa edi\u00e7\u00e3o \u2013 Quem Disse Que As Mulheres N\u00e3o Podem Fazer Uma Serenata &#8211; VIP &#8211; <strong>Este bilhete d\u00e1 acesso apenas ao Evento.<\/strong><\/p>\n<p><strong>Datas \/ hor\u00e1rios dispon\u00edveis para o Check-in:<\/strong><\/p>\n<ol>\n<li style=\"list-style-type: none;\">\n<ol>\n<li><strong>\u00a0<\/strong>Check-in permitido de\u00a0: <strong>2026-04-10\u00a0&#8211;<\/strong> <strong>20:30<\/strong><\/li>\n<li>Check-in permitido at\u00e9 : <strong>2025-04-11 &#8211;<\/strong> <strong>02:00<\/strong><\/li>\n<\/ol>\n<\/li>\n<\/ol>\n<p><em><span style=\"font-size: 11.0pt;\">Por Favor, fa\u00e7a o check-In durante os prazos stipulados . <\/span>Em caso de incumprimento destes prazos, o Organizador\/Promotor tem o direito de recusar o seu bilhete.<\/em><\/p>\n<p><span style=\"font-size: 11.0pt;\"><em>Seja portador deste Bilhete no formato impresso ou electr\u00f3nico.<\/em><\/span><\/p>\n<p><span style=\"font-size: 11.0pt;\"><em>Na eventualidade de cancelamento total ou parcial do evento, a Moztickets obriga-se a efectuar reembolsos aos particpantes, uma taxa de transfer\u00eancia pode ser deduzida em fun\u00e7\u00e3o do seu banco.<\/em><\/span><\/p>\n<p><span style=\"font-size: 11.0pt;\"><em>Para mais informa\u00e7\u00f5es contacte : <\/em><\/span><span style=\"font-size: 11.0pt;\"><em><a href=\"mailto:moztickets@feelcom.co.mz\" target=\"_blank\" rel=\"noopener\">moztickets@feelcom.co.mz<\/a><\/em><\/span><span style=\"font-size: 11.0pt;\"><em> ou +258 87 761 7434<\/em><\/span><\/p>\n\n    <div class=\"xs_social_share_widget xs_share_url after_content \t\tmain_content  wslu-style-1 wslu-share-box-shaped wslu-fill-colored wslu-none wslu-share-horizontal wslu-theme-font-no wslu-main_content\">\n\n\t\t\n        <ul>\n\t\t\t        <\/ul>\n    <\/div> \n","protected":false},"excerpt":{"rendered":"<p class=\"\" data-start=\"138\" data-end=\"299\">Elvira Viegas, Ixixel Langa, Tamyris Moiane, Yoland Kakana, Neide Siga\u00faque, Ana Gir\u00e3o, Isabel Jorge (As Substitutas), P\u00e9rola Jaime e Delta Ac\u00e1cio sobem ao palco do <strong data-start=\"389\" data-end=\"401\">Coconuts<\/strong>, na <strong data-start=\"406\" data-end=\"435\">Sexta-feira, 10 de Abril<\/strong>, a partir das <strong data-start=\"450\" data-end=\"459\">21h30<\/strong>, para a <strong data-start=\"468\" data-end=\"482\">8.\u00aa edi\u00e7\u00e3o<\/strong> do espet\u00e1culo <em data-start=\"497\" data-end=\"556\">\u201cQuem Disse Que As Mulheres N\u00e3o Podem Fazer Uma Serenata\u201d<\/em>.<\/p>\n<p><strong>DETALHES DO EVENTO<\/strong><\/p>\n<p><strong>Data e hora\u00a0:<\/strong> 10 de Abril as 21h30<br \/>\n<strong>Organizadores:<\/strong> Kakana Eventos<b><br \/>\n<\/b><strong>Endere\u00e7o:<\/strong> <a href=\"https:\/\/maps.app.goo.gl\/GNtqKuiyvAyorAfH9\" target=\"_blank\" rel=\"noopener\">Coconuts: Av. da Marginal, Maputo<\/a> (clique <strong><a href=\"https:\/\/maps.app.goo.gl\/GNtqKuiyvAyorAfH9\" target=\"_blank\" rel=\"noopener\">aqui <\/a><\/strong>para ter a localiza\u00e7\u00e3o)<br \/>\n<strong>Entrada: <\/strong>2000 MZN<b><br \/>\n<\/b><strong>Informa\u00e7\u00f5es complementares:<\/strong> 8.\u00aa edi\u00e7\u00e3o \u2013 Quem Disse Que As Mulheres N\u00e3o Podem Fazer Uma Serenata &#8211; VIP &#8211; <strong>Este bilhete d\u00e1 acesso apenas ao Evento.<\/strong><\/p>\n<p><strong>Datas \/ hor\u00e1rios dispon\u00edveis para o Check-in:<\/strong><\/p>\n<ol>\n<li>\n<ol>\n<li><strong>\u00a0<\/strong>Check-in permitido de\u00a0: <strong>2026-04-10\u00a0&#8211;<\/strong> <strong>20:30<\/strong><\/li>\n<li>Check-in permitido at\u00e9 : <strong>2025-04-11 &#8211;<\/strong> <strong>02:00<\/strong><\/li>\n<\/ol>\n<\/li>\n<\/ol>\n<p><em>Por Favor, fa\u00e7a o check-In durante os prazos stipulados . Em caso de incumprimento destes prazos, o Organizador\/Promotor tem o direito de recusar o seu bilhete.<\/em><\/p>\n<p><em>Seja portador deste Bilhete no formato impresso ou electr\u00f3nico.<\/em><\/p>\n<p>&nbsp;<\/p>\n<p><a href=\"https:\/\/shorturl.at\/H8Gww\" target=\"_blank\" rel=\"noopener\"><img fetchpriority=\"high\" fetchpriority=\"high\" decoding=\"async\" class=\"alignnone\" src=\"https:\/\/www.moz.life\/moztickets\/wp-content\/uploads\/2025\/02\/Moztickets-whatsapp-group-PUBLICIDADE-1700x400-1-1700x350.jpg\" alt=\"\" width=\"1700\" height=\"350\" \/><\/a><\/p>\n","protected":false},"featured_media":32653,"comment_status":"open","ping_status":"closed","template":"","meta":[],"product_brand":[],"product_cat":[105],"product_tag":[949,995,994,997,996],"class_list":{"0":"post-31598","1":"product","2":"type-product","3":"status-publish","4":"has-post-thumbnail","6":"product_cat-tickets","7":"product_tag-coconuts","8":"product_tag-espetaculo-ao-vivo","9":"product_tag-evento-cultural","10":"product_tag-kakana","11":"product_tag-musica-mocambicana","12":"dc_vendor_shop-coconuts","14":"first","15":"instock","16":"shipping-taxable","17":"purchasable","18":"product-type-simple"},"jetpack_sharing_enabled":true,"_links":{"self":[{"href":"https:\/\/moz.life\/moztickets\/wp-json\/wp\/v2\/product\/31598","targetHints":{"allow":["GET"]}}],"collection":[{"href":"https:\/\/moz.life\/moztickets\/wp-json\/wp\/v2\/product"}],"about":[{"href":"https:\/\/moz.life\/moztickets\/wp-json\/wp\/v2\/types\/product"}],"replies":[{"embeddable":true,"href":"https:\/\/moz.life\/moztickets\/wp-json\/wp\/v2\/comments?post=31598"}],"version-history":[{"count":7,"href":"https:\/\/moz.life\/moztickets\/wp-json\/wp\/v2\/product\/31598\/revisions"}],"predecessor-version":[{"id":32670,"href":"https:\/\/moz.life\/moztickets\/wp-json\/wp\/v2\/product\/31598\/revisions\/32670"}],"wp:featuredmedia":[{"embeddable":true,"href":"https:\/\/moz.life\/moztickets\/wp-json\/wp\/v2\/media\/32653"}],"wp:attachment":[{"href":"https:\/\/moz.life\/moztickets\/wp-json\/wp\/v2\/media?parent=31598"}],"wp:term":[{"taxonomy":"product_brand","embeddable":true,"href":"https:\/\/moz.life\/moztickets\/wp-json\/wp\/v2\/product_brand?post=31598"},{"taxonomy":"product_cat","embeddable":true,"href":"https:\/\/moz.life\/moztickets\/wp-json\/wp\/v2\/product_cat?post=31598"},{"taxonomy":"product_tag","embeddable":true,"href":"https:\/\/moz.life\/moztickets\/wp-json\/wp\/v2\/product_tag?post=31598"}],"curies":[{"name":"wp","href":"https:\/\/api.w.org\/{rel}","templated":true}]}}