{"id":31554,"date":"2026-01-27T14:25:20","date_gmt":"2026-01-27T12:25:20","guid":{"rendered":"https:\/\/moz.life\/moztickets\/?post_type=product&#038;p=31554"},"modified":"2026-04-01T10:23:13","modified_gmt":"2026-04-01T08:23:13","slug":"dsbf-2026-pacote-completo-de-festas","status":"publish","type":"product","link":"https:\/\/moz.life\/moztickets\/produit\/dsbf-2026-pacote-completo-de-festas\/","title":{"rendered":"DSBF 2026 &#8211; Pacote Completo de Festas"},"content":{"rendered":"<p><strong>DETALHES DO EVENTO<\/strong><\/p>\n<p><strong>Data e hora\u00a0:<\/strong> De 29 de Abril \u00e0s 10h00 a 03 de Maio \u00e0s 23h59<br \/>\n<strong>Organizadores:<\/strong>\u00a0 Dance Spot<b><br \/>\n<strong>Endere\u00e7o:<\/strong><\/b> Blue Ocean Hotel | Tofo Beach<br \/>\n<strong>Entrada: <\/strong>4.300 MZN<b>\u00a0 ($65)<br \/>\n<strong>Informa\u00e7\u00f5es complementares:<\/strong><\/b>\u00a0DSBF 2026 &#8211; Pacote Completo de Festas &#8211; <strong data-start=\"326\" data-end=\"399\">Este bilhete d\u00e1 acesso apenas \u00e0s Festas, de 29 de Abril a 03 de Maio.<\/strong><\/p>\n<p>\u2705 Todas os <strong data-start=\"199\" data-end=\"221\">Festas\u00a0 <\/strong>(de 29 de Abril a 03 de Maio.)<strong data-start=\"199\" data-end=\"221\"><br \/>\n<\/strong><\/p>\n<ol>\n<li><strong>Datas \/ hor\u00e1rios dispon\u00edveis para o Check-in:<\/strong><strong>\u00a0<\/strong>\n<ol>\n<li>Check-in permitido de\u00a0: <strong>2026-04-29<\/strong><strong>&#8211;<\/strong> <strong>09<\/strong><strong>:00<\/strong><\/li>\n<li>Check-in permitido at\u00e9 : <strong>2026-05-03<\/strong>\u00a0<strong>&#8211;<\/strong><strong> 23:59<\/strong><\/li>\n<\/ol>\n<\/li>\n<\/ol>\n<p><em>Por Favor, fa\u00e7a o check-In durante os prazos stipulados . Em caso de incumprimento destes prazos, o Organizador\/Promotor tem o direito de recusar o seu bilhete.<\/em><\/p>\n<p><em>Seja portador deste Bilhete no formato impresso ou electr\u00f3nico.<\/em><\/p>\n<p><em>Na eventualidade de cancelamento total ou parcial do evento, a Moztickets obriga-se a efectuar reembolsos aos particpantes, uma taxa de transfer\u00eancia pode ser deduzida em fun\u00e7\u00e3o do seu banco.<\/em><\/p>\n<p><em>Para mais informa\u00e7\u00f5es contacte : <a title=\"info@ccfmoz.com\" href=\"mailto:info@ccfmoz.com\">moztickets@feelcom.co.mz<\/a> ou +258 87 761 7434<\/em><\/p>\n\n    <div class=\"xs_social_share_widget xs_share_url after_content \t\tmain_content  wslu-style-1 wslu-share-box-shaped wslu-fill-colored wslu-none wslu-share-horizontal wslu-theme-font-no wslu-main_content\">\n\n\t\t\n        <ul>\n\t\t\t        <\/ul>\n    <\/div> \n","protected":false},"excerpt":{"rendered":"<p>Viva a experi\u00eancia completa das Festas do Dance Spot Beach Festival! Este bilhete foi pensado para quem quer mergulhar na dan\u00e7a e participar de todas as festas, do primeiro ao \u00faltimo dia.<\/p>\n<p><strong>DETALHES DO EVENTO<\/strong><\/p>\n<p><strong>Data e hora&nbsp;:<\/strong> De 29 de Abril \u00e0s 10h00 a 03 de Maio \u00e0s 23h59<br \/>\n<strong>Organizadores:<\/strong>&nbsp; Dance Spot<b><br \/>\n<\/b><strong>Endere\u00e7o:<\/strong> Blue Ocean Hotel | Tofo Beach<br \/>\n<strong>Entrada: <\/strong>5.200 MZN&nbsp;<b> ($80)<br \/>\n<\/b><strong>Informa\u00e7\u00f5es complementares:<\/strong>&nbsp;DSBF 2026 &#8211; Pacote Completo de Festas &#8211; <strong data-start=\"326\" data-end=\"399\">Este bilhete d\u00e1 acesso apenas \u00e0s Festas, de 29 de Abril a 03 de Maio.<\/strong><\/p>\n<p>\u2705 Todas os <strong data-start=\"199\" data-end=\"221\">Festas&nbsp; <\/strong>(de 29 de Abril a 03 de Maio.)<strong data-start=\"199\" data-end=\"221\"><br \/>\n<\/strong><\/p>\n<ol>\n<li><strong>Datas \/ hor\u00e1rios dispon\u00edveis para o Check-in:&nbsp;<\/strong>Check-in permitido de&nbsp;: <strong>2026-04-29-<\/strong> <strong>09:00<\/strong>\n<ol>\n<li>Check-in permitido at\u00e9 : <strong>2026-05-03<\/strong>&nbsp;<strong>&#8211; 23:59<\/strong><\/li>\n<\/ol>\n<\/li>\n<\/ol>\n<p><em>Por Favor, fa\u00e7a o check-In durante os prazos stipulados . Em caso de incumprimento destes prazos, o Organizador\/Promotor tem o direito de recusar o seu bilhete.<\/em><\/p>\n<p><em>Seja portador deste Bilhete no formato impresso ou electr\u00f3nico.<\/em><\/p>\n<p>&nbsp;<\/p>\n<p><a href=\"https:\/\/shorturl.at\/bfZD9\" target=\"_blank\" rel=\"noopener\"><img decoding=\"async\" src=\"https:\/\/www.moz.life\/moztickets\/wp-content\/uploads\/2025\/02\/Moztickets-whatsapp-group-PUBLICIDADE-1700x400-1-1700x350.jpg\"><\/a><\/p>\n","protected":false},"featured_media":32870,"comment_status":"open","ping_status":"closed","template":"","meta":[],"product_brand":[],"product_cat":[105],"product_tag":[904,475,848],"class_list":{"0":"post-31554","1":"product","2":"type-product","3":"status-publish","4":"has-post-thumbnail","6":"product_cat-tickets","7":"product_tag-dsbf","8":"product_tag-normal-standard","9":"product_tag-workshop","10":"dc_vendor_shop-dance-spot","12":"first","13":"instock","14":"shipping-taxable","15":"purchasable","16":"product-type-simple"},"jetpack_sharing_enabled":true,"_links":{"self":[{"href":"https:\/\/moz.life\/moztickets\/wp-json\/wp\/v2\/product\/31554","targetHints":{"allow":["GET"]}}],"collection":[{"href":"https:\/\/moz.life\/moztickets\/wp-json\/wp\/v2\/product"}],"about":[{"href":"https:\/\/moz.life\/moztickets\/wp-json\/wp\/v2\/types\/product"}],"replies":[{"embeddable":true,"href":"https:\/\/moz.life\/moztickets\/wp-json\/wp\/v2\/comments?post=31554"}],"version-history":[{"count":6,"href":"https:\/\/moz.life\/moztickets\/wp-json\/wp\/v2\/product\/31554\/revisions"}],"predecessor-version":[{"id":32871,"href":"https:\/\/moz.life\/moztickets\/wp-json\/wp\/v2\/product\/31554\/revisions\/32871"}],"wp:featuredmedia":[{"embeddable":true,"href":"https:\/\/moz.life\/moztickets\/wp-json\/wp\/v2\/media\/32870"}],"wp:attachment":[{"href":"https:\/\/moz.life\/moztickets\/wp-json\/wp\/v2\/media?parent=31554"}],"wp:term":[{"taxonomy":"product_brand","embeddable":true,"href":"https:\/\/moz.life\/moztickets\/wp-json\/wp\/v2\/product_brand?post=31554"},{"taxonomy":"product_cat","embeddable":true,"href":"https:\/\/moz.life\/moztickets\/wp-json\/wp\/v2\/product_cat?post=31554"},{"taxonomy":"product_tag","embeddable":true,"href":"https:\/\/moz.life\/moztickets\/wp-json\/wp\/v2\/product_tag?post=31554"}],"curies":[{"name":"wp","href":"https:\/\/api.w.org\/{rel}","templated":true}]}}