{"id":31477,"date":"2026-01-20T15:04:16","date_gmt":"2026-01-20T13:04:16","guid":{"rendered":"https:\/\/moz.life\/moztickets\/?post_type=product&#038;p=31477"},"modified":"2026-01-30T11:17:22","modified_gmt":"2026-01-30T09:17:22","slug":"carnaval-inhaca-2026-bilhete-com-mascara","status":"publish","type":"product","link":"https:\/\/moz.life\/moztickets\/produit\/carnaval-inhaca-2026-bilhete-com-mascara\/","title":{"rendered":"Carnaval Inhaca 2026 \u2013 Bilhete Com M\u00e1scara"},"content":{"rendered":"<p><strong>DETALHES DO EVENTO<\/strong><\/p>\n<p><strong>Data e hora :<\/strong> 07 de Mar\u00e7o de 2026 as 20h00<br \/>\n<strong>Organizadores:<\/strong> SF Eventos\u00a0<b><br \/>\n<strong>Endere\u00e7o:<\/strong><\/b> <a href=\"https:\/\/maps.app.goo.gl\/ATLwxobnTya2hHi9A\" target=\"_blank\" rel=\"noopener\">Aer\u00f3dromo \u2013 Ilha de Inhaca<\/a> (clique <a href=\"https:\/\/maps.app.goo.gl\/ATLwxobnTya2hHi9A\" target=\"_blank\" rel=\"noopener\"><strong>aqui<\/strong><\/a> para ter a localiza\u00e7\u00e3o)<br \/>\n<strong>Entrada: <\/strong>500MZN<b><br \/>\n<strong>Informa\u00e7\u00f5es complementares:<\/strong><\/b> Carnaval Inhaca 2026 \u2013 Bilhete Com M\u00e1scara &#8211; <strong>Este bilhete d\u00e1 acesso apenas ao Evento, Actividades &amp; Acampamento.<\/strong><\/p>\n<ol>\n<li><strong>Datas \/ hor\u00e1rios dispon\u00edveis para o Check-in:<\/strong><strong>\u00a0<\/strong>\n<ol>\n<li>Check-in permitido de\u00a0: <strong>2026-03-07<\/strong><strong>\u00a0&#8211;<\/strong> <strong>19<\/strong><strong>:00<\/strong><\/li>\n<li>Check-in permitido at\u00e9 : <strong>2026-03-08<\/strong>\u00a0<strong>&#8211;<\/strong><strong> 03:00<\/strong><\/li>\n<\/ol>\n<\/li>\n<\/ol>\n<p><em>Por Favor, fa\u00e7a o check-In durante os prazos stipulados . Em caso de incumprimento destes prazos, o Organizador\/Promotor tem o direito de recusar o seu bilhete.<\/em><\/p>\n<p><em>Seja portador deste Bilhete no formato impresso ou electr\u00f3nico.<\/em><\/p>\n<p><em>Na eventualidade de cancelamento total ou parcial do evento, a Moztickets obriga-se a efectuar reembolsos aos particpantes, uma taxa de transfer\u00eancia pode ser deduzida em fun\u00e7\u00e3o do seu banco.<\/em><\/p>\n<p><em>Para mais informa\u00e7\u00f5es contacte : <a title=\"info@ccfmoz.com\" href=\"mailto:info@ccfmoz.com\">moztickets@feelcom.co.mz<\/a> ou +258 87 761 7434<\/em><\/p>\n\n    <div class=\"xs_social_share_widget xs_share_url after_content \t\tmain_content  wslu-style-1 wslu-share-box-shaped wslu-fill-colored wslu-none wslu-share-horizontal wslu-theme-font-no wslu-main_content\">\n\n\t\t\n        <ul>\n\t\t\t        <\/ul>\n    <\/div> \n","protected":false},"excerpt":{"rendered":"<p>O Carnaval Inhaca 2026 acontece no s\u00e1bado, 07 de Mar\u00e7o de 2026, no Aer\u00f3dromo da Ilha de Inhaca, a partir das 20h00, prometendo uma noite vibrante marcada por m\u00fasica, anima\u00e7\u00e3o e o esp\u00edrito festivo do Carnaval. O evento re\u00fane alguns dos DJs e MCs mais populares do panorama nacional, criando um ambiente envolvente, dan\u00e7ante e pensado para celebrar o Carnaval em grande estilo.<\/p>\n<p><strong>DETALHES DO EVENTO<\/strong><\/p>\n<p><strong>Data e hora :<\/strong> 07 de Mar\u00e7o de 2026 as 20h00<br \/>\n<strong>Organizadores:<\/strong> SF Eventos\u00a0<b><br \/>\n<strong>Endere\u00e7o:<\/strong><\/b> <a href=\"https:\/\/maps.app.goo.gl\/ATLwxobnTya2hHi9A\" target=\"_blank\" rel=\"noopener\">Aer\u00f3dromo \u2013 Ilha de Inhaca<\/a> (clique <a href=\"https:\/\/maps.app.goo.gl\/ATLwxobnTya2hHi9A\" target=\"_blank\" rel=\"noopener\"><strong>aqui<\/strong><\/a> para ter a localiza\u00e7\u00e3o)<br \/>\n<strong>Entrada: <\/strong>500MZN<b><br \/>\n<strong>Informa\u00e7\u00f5es complementares:<\/strong><\/b> Carnaval Inhaca 2026 \u2013 Bilhete Com M\u00e1scara &#8211; <strong>Este bilhete d\u00e1 acesso apenas ao Evento, Actividades &amp; Acampamento.<\/strong><\/p>\n<ol>\n<li><strong>Datas \/ hor\u00e1rios dispon\u00edveis para o Check-in:<\/strong><strong>\u00a0<\/strong>\n<ol>\n<li>Check-in permitido de\u00a0: <strong>2026-03-07<\/strong><strong>\u00a0&#8211;<\/strong> <strong>19<\/strong><strong>:00<\/strong><\/li>\n<li>Check-in permitido at\u00e9 : <strong>2026-03-08<\/strong>\u00a0<strong>&#8211;<\/strong><strong> 03:00<\/strong><\/li>\n<\/ol>\n<\/li>\n<\/ol>\n<p><em>Por Favor, fa\u00e7a o check-In durante os prazos stipulados . Em caso de incumprimento destes prazos, o Organizador\/Promotor tem o direito de recusar o seu bilhete.<\/em><\/p>\n<p><em>Seja portador deste Bilhete no formato impresso ou electr\u00f3nico.<\/em><\/p>\n<p><a href=\"https:\/\/shorturl.at\/H8Gww \" target=\"_blank\" rel=\"noopener\"><img fetchpriority=\"high\" fetchpriority=\"high\" decoding=\"async\" class=\"alignnone\" src=\"https:\/\/www.moz.life\/moztickets\/wp-content\/uploads\/2025\/02\/Moztickets-whatsapp-group-PUBLICIDADE-1700x400-1-1700x350.jpg\" alt=\"\" width=\"1700\" height=\"350\" \/><\/a><\/p>\n","protected":false},"featured_media":31474,"comment_status":"closed","ping_status":"closed","template":"","meta":[],"product_brand":[],"product_cat":[105],"product_tag":[982,779,870],"class_list":{"0":"post-31477","1":"product","2":"type-product","3":"status-publish","4":"has-post-thumbnail","6":"product_cat-tickets","7":"product_tag-carnaval-inhaca-2026","8":"product_tag-festival","9":"product_tag-ilha-de-inhaca","11":"first","12":"instock","13":"sale","14":"shipping-taxable","15":"product-type-simple"},"jetpack_sharing_enabled":true,"_links":{"self":[{"href":"https:\/\/moz.life\/moztickets\/wp-json\/wp\/v2\/product\/31477","targetHints":{"allow":["GET"]}}],"collection":[{"href":"https:\/\/moz.life\/moztickets\/wp-json\/wp\/v2\/product"}],"about":[{"href":"https:\/\/moz.life\/moztickets\/wp-json\/wp\/v2\/types\/product"}],"replies":[{"embeddable":true,"href":"https:\/\/moz.life\/moztickets\/wp-json\/wp\/v2\/comments?post=31477"}],"version-history":[{"count":1,"href":"https:\/\/moz.life\/moztickets\/wp-json\/wp\/v2\/product\/31477\/revisions"}],"predecessor-version":[{"id":31478,"href":"https:\/\/moz.life\/moztickets\/wp-json\/wp\/v2\/product\/31477\/revisions\/31478"}],"wp:featuredmedia":[{"embeddable":true,"href":"https:\/\/moz.life\/moztickets\/wp-json\/wp\/v2\/media\/31474"}],"wp:attachment":[{"href":"https:\/\/moz.life\/moztickets\/wp-json\/wp\/v2\/media?parent=31477"}],"wp:term":[{"taxonomy":"product_brand","embeddable":true,"href":"https:\/\/moz.life\/moztickets\/wp-json\/wp\/v2\/product_brand?post=31477"},{"taxonomy":"product_cat","embeddable":true,"href":"https:\/\/moz.life\/moztickets\/wp-json\/wp\/v2\/product_cat?post=31477"},{"taxonomy":"product_tag","embeddable":true,"href":"https:\/\/moz.life\/moztickets\/wp-json\/wp\/v2\/product_tag?post=31477"}],"curies":[{"name":"wp","href":"https:\/\/api.w.org\/{rel}","templated":true}]}}