{"id":31371,"date":"2026-01-09T10:06:40","date_gmt":"2026-01-09T08:06:40","guid":{"rendered":"https:\/\/moz.life\/moztickets\/?post_type=product&#038;p=31371"},"modified":"2026-03-03T16:13:10","modified_gmt":"2026-03-03T14:13:10","slug":"tributo-a-alambique-com-childo-tomas","status":"publish","type":"product","link":"https:\/\/moz.life\/moztickets\/produit\/tributo-a-alambique-com-childo-tomas\/","title":{"rendered":"Tributo a Alambique com Childo Tom\u00e1s"},"content":{"rendered":"<p><strong>DETALHES DO EVENTO<\/strong><\/p>\n<p><strong>Data e hora\u00a0:<\/strong> 27 de Fevereiro de 2026 as 18h00<br \/>\n<strong>Organizadores:<\/strong>\u00a0 <a href=\"https:\/\/maps.app.goo.gl\/J9gbvWPRJ9TbxQxN9\" target=\"_blank\" rel=\"noopener\">Centro Cultural Mo\u00e7ambique-China<\/a> (clique <a href=\"https:\/\/maps.app.goo.gl\/J9gbvWPRJ9TbxQxN9\" target=\"_blank\" rel=\"noopener\"><strong>aqui<\/strong><\/a> para ter a localiza\u00e7\u00e3o)<b><br \/>\n<strong>Endere\u00e7o:<\/strong><\/b> Rua de Fran\u00e7a, Maputo, Mozambique<br \/>\n<strong>Entrada: <\/strong>1500 MZN<b><br \/>\n<strong>Informa\u00e7\u00f5es complementares:<\/strong><\/b> Tributo a Alambique com Childo Tom\u00e1s &#8211; <strong>Este bilhete d\u00e1 acesso apenas ao Evento.<\/strong><\/p>\n<ol>\n<li><strong>Datas \/ hor\u00e1rios dispon\u00edveis para o Check-in:<\/strong><strong>\u00a0<\/strong>\n<ol>\n<li>Check-in permitido de\u00a0: <strong>2025-02-27<\/strong><strong> &#8211;<\/strong> <strong>17<\/strong><strong>:00<\/strong><\/li>\n<li>Check-in permitido at\u00e9 : <strong>2025-02-27<\/strong> <strong>&#8211;<\/strong><strong> 23:59<\/strong><\/li>\n<\/ol>\n<\/li>\n<\/ol>\n<p><em><span style=\"font-size: 11.0pt;\">Por Favor, fa\u00e7a o check-In durante os prazos stipulados . <\/span>Em caso de incumprimento destes prazos, o Organizador\/Promotor tem o direito de recusar o seu bilhete.<\/em><\/p>\n<p><em><span style=\"font-size: 11.0pt;\">Seja portador deste Bilhete no formato impresso ou electr\u00f3nico.<\/span><\/em><\/p>\n<p><em><span style=\"font-size: 11.0pt;\">Na eventualidade de cancelamento total ou parcial do evento, a Moztickets obriga-se a efectuar reembolsos aos particpantes, uma taxa de transfer\u00eancia pode ser deduzida em fun\u00e7\u00e3o do seu banco.<\/span><\/em><\/p>\n<p><em><span style=\"font-size: 11.0pt;\">Para mais informa\u00e7\u00f5es contacte : <a title=\"info@ccfmoz.com\" href=\"mailto:info@ccfmoz.com\">moztickets@feelcom.co.mz<\/a> ou +258 87 761 7434<\/span><\/em><\/p>\n\n    <div class=\"xs_social_share_widget xs_share_url after_content \t\tmain_content  wslu-style-1 wslu-share-box-shaped wslu-fill-colored wslu-none wslu-share-horizontal wslu-theme-font-no wslu-main_content\">\n\n\t\t\n        <ul>\n\t\t\t        <\/ul>\n    <\/div> \n","protected":false},"excerpt":{"rendered":"<p>Childo Tom\u00e1s sobe ao palco do Centro Cultural Mo\u00e7ambique-China na Quinta-feira, 27 de Fevereiro de 2026, a partir das 18h00, para um concerto especial de <strong data-start=\"340\" data-end=\"363\">Tributo a Alambique<\/strong>, numa noite que promete ser uma celebra\u00e7\u00e3o marcante da m\u00fasica mo\u00e7ambicana.<\/p>\n<p><strong>DETALHES DO EVENTO<\/strong><\/p>\n<p><strong>Data e hora\u00a0:<\/strong> 27 de Fevereiro de 2026 as 18h00<br \/>\n<strong>Organizadores:<\/strong>\u00a0 <a href=\"https:\/\/maps.app.goo.gl\/J9gbvWPRJ9TbxQxN9\" target=\"_blank\" rel=\"noopener\">Centro Cultural Mo\u00e7ambique-China<\/a> (clique <a href=\"https:\/\/maps.app.goo.gl\/J9gbvWPRJ9TbxQxN9\" target=\"_blank\" rel=\"noopener\"><strong>aqui<\/strong><\/a> para ter a localiza\u00e7\u00e3o)<b><br \/>\n<strong>Endere\u00e7o:<\/strong><\/b> Rua de Fran\u00e7a, Maputo, Mozambique<br \/>\n<strong>Entrada: <\/strong>1500 MZN<b><br \/>\n<strong>Informa\u00e7\u00f5es complementares:<\/strong><\/b> Tributo a Alambique com Childo Tom\u00e1s \u2013 <strong>Este bilhete d\u00e1 acesso apenas ao Evento.<\/strong><\/p>\n<ol>\n<li><strong>Datas \/ hor\u00e1rios dispon\u00edveis para o Check-in:<\/strong><strong>\u00a0<\/strong>\n<ol>\n<li>Check-in permitido de\u00a0: <strong>2025-02-27<\/strong><strong> \u2013<\/strong> <strong>17<\/strong><strong>:00<\/strong><\/li>\n<li>Check-in permitido at\u00e9 : <strong>2025-02-27<\/strong> <strong>\u2013<\/strong><strong> 23:59<\/strong><\/li>\n<\/ol>\n<\/li>\n<\/ol>\n<p><em>Por Favor, fa\u00e7a o check-In durante os prazos stipulados . Em caso de incumprimento destes prazos, o Organizador\/Promotor tem o direito de recusar o seu bilhete.<\/em><\/p>\n<p><em>Seja portador deste Bilhete no formato impresso ou electr\u00f3nico.<\/em><\/p>\n<p><a href=\"https:\/\/shorturl.at\/H8Gww \" target=\"_blank\" rel=\"noopener\"><img fetchpriority=\"high\" fetchpriority=\"high\" decoding=\"async\" class=\"alignnone\" src=\"https:\/\/www.moz.life\/moztickets\/wp-content\/uploads\/2025\/02\/Moztickets-whatsapp-group-PUBLICIDADE-1700x400-1-1700x350.jpg\" alt=\"\" width=\"1700\" height=\"350\" \/><\/a><\/p>\n","protected":false},"featured_media":31856,"comment_status":"open","ping_status":"closed","template":"","meta":[],"product_brand":[],"product_cat":[105],"product_tag":[894,740],"class_list":{"0":"post-31371","1":"product","2":"type-product","3":"status-publish","4":"has-post-thumbnail","6":"product_cat-tickets","7":"product_tag-centro-cultural-mocambique-china","8":"product_tag-childo-tomas","10":"first","11":"outofstock","12":"sale","13":"shipping-taxable","14":"product-type-simple"},"jetpack_sharing_enabled":true,"_links":{"self":[{"href":"https:\/\/moz.life\/moztickets\/wp-json\/wp\/v2\/product\/31371","targetHints":{"allow":["GET"]}}],"collection":[{"href":"https:\/\/moz.life\/moztickets\/wp-json\/wp\/v2\/product"}],"about":[{"href":"https:\/\/moz.life\/moztickets\/wp-json\/wp\/v2\/types\/product"}],"replies":[{"embeddable":true,"href":"https:\/\/moz.life\/moztickets\/wp-json\/wp\/v2\/comments?post=31371"}],"version-history":[{"count":5,"href":"https:\/\/moz.life\/moztickets\/wp-json\/wp\/v2\/product\/31371\/revisions"}],"predecessor-version":[{"id":32584,"href":"https:\/\/moz.life\/moztickets\/wp-json\/wp\/v2\/product\/31371\/revisions\/32584"}],"wp:featuredmedia":[{"embeddable":true,"href":"https:\/\/moz.life\/moztickets\/wp-json\/wp\/v2\/media\/31856"}],"wp:attachment":[{"href":"https:\/\/moz.life\/moztickets\/wp-json\/wp\/v2\/media?parent=31371"}],"wp:term":[{"taxonomy":"product_brand","embeddable":true,"href":"https:\/\/moz.life\/moztickets\/wp-json\/wp\/v2\/product_brand?post=31371"},{"taxonomy":"product_cat","embeddable":true,"href":"https:\/\/moz.life\/moztickets\/wp-json\/wp\/v2\/product_cat?post=31371"},{"taxonomy":"product_tag","embeddable":true,"href":"https:\/\/moz.life\/moztickets\/wp-json\/wp\/v2\/product_tag?post=31371"}],"curies":[{"name":"wp","href":"https:\/\/api.w.org\/{rel}","templated":true}]}}