{"id":9715,"date":"2023-11-06T15:31:41","date_gmt":"2023-11-06T13:31:41","guid":{"rendered":"https:\/\/www.moz.life\/moztickets\/?page_id=9715"},"modified":"2023-11-09T12:23:25","modified_gmt":"2023-11-09T10:23:25","slug":"bienal-kinani-10a-edicao-2023","status":"publish","type":"page","link":"https:\/\/moz.life\/moztickets\/bienal-kinani-10a-edicao-2023\/","title":{"rendered":"BIENAL KINANI: 10\u00aa EDI\u00c7\u00c3O 2023"},"content":{"rendered":"<div class=\"wpb-content-wrapper\"><p>[vc_row full_width=&#8221;stretch_row_content_no_spaces&#8221;][vc_column]<div class=\"gt-countdown-slider gt-style-1\" style=\"height:100vh;\"><div class=\"swiper-container gt-swiper-slider\" data-gt-item=\"1\" data-gt-item-space=\"0\" data-gt-loop=\"true\" data-gt-speed=\"1000\" data-gt-direction=\"horizontal\" data-gt-effect=\"fade\" data-gt-centered-slides=\"false\" data-gt-free-mode=\"false\"><div class=\"swiper-wrapper\"><div class=\"swiper-slide\" data-swiper-autoplay=\"15000\"><div class=\"gt-image\" style=\"background-image:url(https:\/\/moz.life\/moztickets\/wp-content\/uploads\/2023\/11\/WhatsApp-Image-2023-11-06-a-15.39.06_39b55fbd.jpg);\"><div class=\"gt-opacity\" style=\"opacity: 0.4; background-color: #000000;\"><\/div><\/div><\/div><\/div><\/div><div class=\"gt-slider-content\"><div class=\"gt-address-date\">Maputo, Mo\u00e7ambique<\/div><div class=\"gt-title\"><div class=\"gt-background-text\">KINANI<\/div><div class=\"gt-title-inner\"><span class=\"gt-primary\">BIENAL KINANI<\/span><span class=\"gt-secondary\">10\u00aa EDI\u00c7\u00c3O 2023<\/span><\/div><\/div><div class=\"gt-text\">Um evento de dan\u00e7a que junta artistas, core\u00f3grafos, produtores, gestores, t\u00e9cnicos, com toda a abertura e liberdade de express\u00e3o. opini\u00e3o, criativa e art\u00edstica, sem qualquer forma de discrimina\u00e7\u00e3o ou censura.<\/div><div class=\"gt-buttons\"><a href=\"https:\/\/www.moz.life\/moztickets\/boutique\/\" target=\"_blank\"><span>Details<\/span><\/a><a href=\"#Tickets\" target=\"_parent\"><span>Buy Tickets<\/span><\/a><\/div><\/div><\/div>[\/vc_column][\/vc_row][vc_row full_width=&#8221;stretch_row_content_no_spaces&#8221;][vc_column][\/vc_column][\/vc_row][vc_row][vc_column][vc_empty_space][\/vc_column][\/vc_row][vc_row full_width=&#8221;stretch_row_content_no_spaces&#8221; overflow-status=&#8221;gt-overflow-visible&#8221;][vc_column]<div class=\"gt-countdown gt-style-4\" id=\"gt-countdown-65346\"><ul><li class=\"gt-day\"><div class=\"gt-inner\"><div class=\"gt-count\" id=\"gt-day-count-65346\"><\/div><div class=\"gt-title\">Days<\/div><\/div><\/li><li class=\"gt-hour\"><div class=\"gt-inner\"><div class=\"gt-count\" id=\"gt-hour-count-65346\"><\/div><div class=\"gt-title\">Hours<\/div><\/div><\/li><li class=\"gt-minute\"><div class=\"gt-inner\"><div class=\"gt-count\" id=\"gt-minute-count-65346\"><\/div><div class=\"gt-title\">Minutes<\/div><\/div><\/li><li class=\"gt-second\"><div class=\"gt-inner\"><div class=\"gt-count\" id=\"gt-second-count-65346\"><\/div><div class=\"gt-title\">Seconds<\/div><\/div><\/li><\/ul><script type='text\/javascript'>\r\n\t\t\t\t\tjQuery(document).ready(function($){\r\n\t\t\t\t\t\t$('#gt-countdown-65346').countdown('2023\/11\/20 17:00:00', function(event) {\r\n\t\t\t\t\t\t\t$('#gt-day-count-65346').html(event.strftime('%D'));\r\n\t\t\t\t\t\t\t$('#gt-hour-count-65346').html(event.strftime('%H'));\r\n\t\t\t\t\t\t\t$('#gt-minute-count-65346').html(event.strftime('%M'));\r\n\t\t\t\t\t\t\t$('#gt-second-count-65346').html(event.strftime('%S'));\r\n\t\t\t\t\t\t});\r\n\t\t\t\t\t});\r\n\t\t\t\t<\/script><\/div>[\/vc_column][\/vc_row][vc_row full_width=&#8221;stretch_row_content_no_spaces&#8221; el_id=&#8221;Tickets&#8221;][vc_column][vc_empty_space height=&#8221;75px&#8221;]<div class=\"gt-heading gt-dark gt-size1 gt-align-center\"><div class=\"gt-title\">Confira aqui <span>o seu Programa da BIENAL KINANI<\/span><\/div><div class=\"gt-separate\"><i class=\"fas fa-ticket-alt\"><\/i><\/div><\/div>[vc_empty_space height=&#8221;60px&#8221;][vc_empty_space height=&#8221;60px&#8221;]<div class=\"gt-heading gt-dark gt-size1 gt-align-center\"><div class=\"gt-title\">Compre aqui <span>o seu Pass Di\u00e1rio<\/span><\/div><div class=\"gt-separate\"><i class=\"fas fa-ticket-alt\"><\/i><\/div><div class=\"gt-text\">Garanta o seu Pass Diario para ter uma experi\u00eancia na BIENAL KINANI<\/div><\/div>[vc_empty_space height=&#8221;60px&#8221;]<div class=\"woocommerce columns-5 \"><\/div>[\/vc_column][\/vc_row][vc_row full_width=&#8221;stretch_row_content_no_spaces&#8221;][vc_column][vc_empty_space height=&#8221;60px&#8221;]<div class=\"gt-heading gt-dark gt-size1 gt-align-center\"><div class=\"gt-title\">Compre aqui <span>o seu Ingresso<\/span><\/div><div class=\"gt-separate\"><i class=\"fas fa-ticket-alt\"><\/i><\/div><div class=\"gt-text\">Garanta o seu Bilhete para ter uma experi\u00eancia \u00fanica na BIENAL KINANI<\/div><\/div>[vc_empty_space height=&#8221;75px&#8221;]<div class=\"woocommerce columns-4 \"><\/div>[vc_empty_space height=&#8221;60px&#8221;][\/vc_column][\/vc_row][vc_row full_width=&#8221;stretch_row_content_no_spaces&#8221;][vc_column]<div class=\"gt-heading gt-dark gt-size1 gt-align-center\"><div class=\"gt-title\">OUTROS BILHETES<\/div><div class=\"gt-separate\"><i class=\"fas fa-ticket-alt\"><\/i><\/div><\/div>[\/vc_column][\/vc_row][vc_row full_width=&#8221;stretch_row_content_no_spaces&#8221; equal_height=&#8221;yes&#8221;][vc_column]<div class=\"woocommerce columns-3 \"><\/div>[\/vc_column][\/vc_row]<\/p>\n\n    <div class=\"xs_social_share_widget xs_share_url after_content \t\tmain_content  wslu-style-1 wslu-share-box-shaped wslu-fill-colored wslu-none wslu-share-horizontal wslu-theme-font-no wslu-main_content\">\n\n\t\t\n        <ul>\n\t\t\t        <\/ul>\n    <\/div> \n<\/div>","protected":false},"excerpt":{"rendered":"<p>[vc_row full_width=&#8221;stretch_row_content_no_spaces&#8221;][vc_column][\/vc_column][\/vc_row][vc_row full_width=&#8221;stretch_row_content_no_spaces&#8221;][vc_column][\/vc_column][\/vc_row][vc_row][vc_column][vc_empty_space][\/vc_column][\/vc_row][vc_row full_width=&#8221;stretch_row_content_no_spaces&#8221; overflow-status=&#8221;gt-overflow-visible&#8221;][vc_column][\/vc_column][\/vc_row][vc_row full_width=&#8221;stretch_row_content_no_spaces&#8221; el_id=&#8221;Tickets&#8221;][vc_column][vc_empty_space height=&#8221;75px&#8221;][vc_empty_space height=&#8221;60px&#8221;][vc_empty_space height=&#8221;60px&#8221;][vc_empty_space height=&#8221;60px&#8221;][\/vc_column][\/vc_row][vc_row full_width=&#8221;stretch_row_content_no_spaces&#8221;][vc_column][vc_empty_space height=&#8221;60px&#8221;][vc_empty_space height=&#8221;75px&#8221;][vc_empty_space height=&#8221;60px&#8221;][\/vc_column][\/vc_row][vc_row full_width=&#8221;stretch_row_content_no_spaces&#8221;][vc_column][\/vc_column][\/vc_row][vc_row full_width=&#8221;stretch_row_content_no_spaces&#8221; equal_height=&#8221;yes&#8221;][vc_column][\/vc_column][\/vc_row]<\/p>\n","protected":false},"author":13,"featured_media":0,"parent":0,"menu_order":0,"comment_status":"closed","ping_status":"closed","template":"","meta":{"footnotes":""},"class_list":["post-9715","page","type-page","status-publish","hentry"],"jetpack_sharing_enabled":true,"_links":{"self":[{"href":"https:\/\/moz.life\/moztickets\/wp-json\/wp\/v2\/pages\/9715","targetHints":{"allow":["GET"]}}],"collection":[{"href":"https:\/\/moz.life\/moztickets\/wp-json\/wp\/v2\/pages"}],"about":[{"href":"https:\/\/moz.life\/moztickets\/wp-json\/wp\/v2\/types\/page"}],"author":[{"embeddable":true,"href":"https:\/\/moz.life\/moztickets\/wp-json\/wp\/v2\/users\/13"}],"replies":[{"embeddable":true,"href":"https:\/\/moz.life\/moztickets\/wp-json\/wp\/v2\/comments?post=9715"}],"version-history":[{"count":0,"href":"https:\/\/moz.life\/moztickets\/wp-json\/wp\/v2\/pages\/9715\/revisions"}],"wp:attachment":[{"href":"https:\/\/moz.life\/moztickets\/wp-json\/wp\/v2\/media?parent=9715"}],"curies":[{"name":"wp","href":"https:\/\/api.w.org\/{rel}","templated":true}]}}