{"id":1505,"date":"2018-12-07T12:40:33","date_gmt":"2018-12-07T12:40:33","guid":{"rendered":"https:\/\/demo.gloriathemes.com\/eventchamp\/demo\/?page_id=1505"},"modified":"2024-06-13T16:57:33","modified_gmt":"2024-06-13T14:57:33","slug":"fancy-africa-fashion-show-2023","status":"publish","type":"page","link":"https:\/\/moz.life\/moztickets\/fancy-africa-fashion-show-2023\/","title":{"rendered":"Fancy Africa Fashion Show 2023"},"content":{"rendered":"<div class=\"wpb-content-wrapper\"><p>[vc_row full_width=&#8221;stretch_row_content_no_spaces&#8221;][vc_column]<div class=\"gt-countdown-slider gt-style-1\" style=\"height:100vh;\"><div class=\"swiper-container gt-swiper-slider\" data-gt-item=\"1\" data-gt-item-space=\"0\" data-gt-loop=\"true\" data-gt-speed=\"1000\" data-gt-direction=\"horizontal\" data-gt-effect=\"fade\" data-gt-centered-slides=\"false\" data-gt-free-mode=\"false\"><div class=\"swiper-wrapper\"><div class=\"swiper-slide\" data-swiper-autoplay=\"15000\"><div class=\"gt-image\" style=\"background-image:url(https:\/\/moz.life\/moztickets\/wp-content\/uploads\/2023\/07\/Fancy_Banners-1920x1100.jpg);\"><div class=\"gt-opacity\" style=\"opacity: 0.4; background-color: #000000;\"><\/div><\/div><\/div><\/div><\/div><div class=\"gt-slider-content\"><div class=\"gt-address-date\">Maputo, Mo\u00e7ambique<\/div><div class=\"gt-title\"><div class=\"gt-background-text\">FANCY<\/div><div class=\"gt-title-inner\"><span class=\"gt-primary\">Fancy Africa<\/span><span class=\"gt-secondary\">Fashion Show 2023<\/span><\/div><\/div><div class=\"gt-text\">FANCY INTERNATIONAL \u00e9 uma plataforma que visa promover a moda e o design africanos para um p\u00fablico global. O evento j\u00e1 marcado para para os dia 29 de Agosto a 2 de Setembro, apresentar\u00e1 o melhor dos designers africanos e internacionais, com apari\u00e7\u00f5es especiais de cole\u00e7\u00f5es de parceiros, como Africa Fashion Week (Nigeria -Lagos, Londres e Brasil), \u00c1frica do Sul, Z\u00e2mbia, Angola, Portugal e Ghana.<\/div><div class=\"gt-buttons\"><a href=\"https:\/\/www.moz.life\/moztickets\/boutique\/\" target=\"_blank\"><span>Details<\/span><\/a><a href=\"#Tickets\" target=\"_parent\"><span>Buy Tickets<\/span><\/a><\/div><\/div><\/div>[\/vc_column][\/vc_row][vc_row full_width=&#8221;stretch_row_content_no_spaces&#8221; overflow-status=&#8221;gt-overflow-visible&#8221;][vc_column]<div class=\"gt-countdown gt-style-4\" id=\"gt-countdown-99637\"><ul><li class=\"gt-day\"><div class=\"gt-inner\"><div class=\"gt-count\" id=\"gt-day-count-99637\"><\/div><div class=\"gt-title\">Days<\/div><\/div><\/li><li class=\"gt-hour\"><div class=\"gt-inner\"><div class=\"gt-count\" id=\"gt-hour-count-99637\"><\/div><div class=\"gt-title\">Hours<\/div><\/div><\/li><li class=\"gt-minute\"><div class=\"gt-inner\"><div class=\"gt-count\" id=\"gt-minute-count-99637\"><\/div><div class=\"gt-title\">Minutes<\/div><\/div><\/li><li class=\"gt-second\"><div class=\"gt-inner\"><div class=\"gt-count\" id=\"gt-second-count-99637\"><\/div><div class=\"gt-title\">Seconds<\/div><\/div><\/li><\/ul><script type='text\/javascript'>\r\n\t\t\t\t\tjQuery(document).ready(function($){\r\n\t\t\t\t\t\t$('#gt-countdown-99637').countdown('2023\/08\/29 17:30:00', function(event) {\r\n\t\t\t\t\t\t\t$('#gt-day-count-99637').html(event.strftime('%D'));\r\n\t\t\t\t\t\t\t$('#gt-hour-count-99637').html(event.strftime('%H'));\r\n\t\t\t\t\t\t\t$('#gt-minute-count-99637').html(event.strftime('%M'));\r\n\t\t\t\t\t\t\t$('#gt-second-count-99637').html(event.strftime('%S'));\r\n\t\t\t\t\t\t});\r\n\t\t\t\t\t});\r\n\t\t\t\t<\/script><\/div>[\/vc_column][\/vc_row][vc_row full_width=&#8221;stretch_row_content_no_spaces&#8221; css=&#8221;.vc_custom_1688653929202{background-color: #f9f9f9 !important;}&#8221; el_id=&#8221;Speakers&#8221;][vc_column][vc_empty_space height=&#8221;75px&#8221;]<div class=\"gt-heading gt-dark gt-size1 gt-align-center\"><div class=\"gt-title\">Estilistas <span>Do Evento<\/span><\/div><div class=\"gt-separate\"><i class=\"fas fa-users\"><\/i><\/div><div class=\"gt-text\">Saiba quem s\u00e3o os estilistas convidados para o Fancy international Fashion Show 2023<\/div><\/div>[vc_empty_space height=&#8221;115px&#8221;]<div class=\"gt-get-event-content\"><\/div>[vc_empty_space height=&#8221;120px&#8221;][\/vc_column][\/vc_row][vc_row full_width=&#8221;stretch_row_content_no_spaces&#8221; el_id=&#8221;Schedule&#8221;][vc_column][vc_empty_space height=&#8221;75px&#8221;]<div class=\"gt-heading gt-dark gt-size1 gt-align-center\"><div class=\"gt-title\">Programa\u00e7\u00e3o <span>do Fancy 2023<\/span><\/div><div class=\"gt-separate\"><i class=\"far fa-calendar-alt\"><\/i><\/div><div class=\"gt-text\">Veja a programa\u00e7\u00e3o completa do Fancy international Fashion Show 2023<\/div><\/div>[vc_empty_space height=&#8221;115px&#8221;]<div class=\"gt-get-event-content\"><\/div>[vc_empty_space height=&#8221;115px&#8221; el_id=&#8221;228&#8243;]<div class=\"gt-get-event-content\"><\/div>[vc_empty_space height=&#8221;120px&#8221;][\/vc_column][\/vc_row][vc_row full_width=&#8221;stretch_row_content_no_spaces&#8221; row-text-align=&#8221;center&#8221; background-position=&#8221;center-center&#8221; background-attachment=&#8221;fixed&#8221; css=&#8221;.vc_custom_1688485321281{background: #121219 url(https:\/\/www.moz.life\/moztickets\/wp-content\/uploads\/2023\/07\/Fancy_Banners-scaled.jpg?id=6096) !important;background-position: center !important;background-repeat: no-repeat !important;background-size: cover !important;}&#8221; el_id=&#8221;Venue&#8221;][vc_column][vc_empty_space height=&#8221;75px&#8221;]<div class=\"gt-heading gt-white gt-size1 gt-align-center\"><div class=\"gt-title\">Local <span>do Evento<\/span><\/div><div class=\"gt-separate\"><i class=\"far fa-building\"><\/i><\/div><div class=\"gt-text\">Descubra o Local de realiza\u00e7\u00e3o do evento<\/div><\/div>[vc_gmaps link=&#8221;#E-8_JTNDaWZyYW1lJTIwc3JjJTNEJTIyaHR0cHMlM0ElMkYlMkZ3d3cuZ29vZ2xlLmNvbSUyRm1hcHMlMkZlbWJlZCUzRnBiJTNEJTIxMW0xNCUyMTFtOCUyMTFtMyUyMTFkODk2Ljc2MjEwMzU5NjE3MjMlMjEyZDMyLjU2MzgwMDIlMjEzZC0yNS45NjY0NTI1JTIxM20yJTIxMWkxMDI0JTIxMmk3NjglMjE0ZjEzLjElMjEzbTMlMjExbTIlMjExczB4MWVlNjliMWU2YmM3NTNiMyUyNTNBMHg2Y2E3ZDNlMzgyZTQ0YTgwJTIxMnMyMTUlMjUyMEF2ZW5pZGElMjUyMFJvbSUyNUMzJTI1QTNvJTI1MjBGZXJuYW5kZXMlMjUyMEZhcmluaGElMjUyQyUyNTIwTWFwdXRvJTIxNWUwJTIxM20yJTIxMXNlbiUyMTJzbXolMjE0djE2OTMyMTAyMzI3MjclMjE1bTIlMjExc2VuJTIxMnNteiUyMiUyMHdpZHRoJTNEJTIyNjAwJTIyJTIwaGVpZ2h0JTNEJTIyNDUwJTIyJTIwc3R5bGUlM0QlMjJib3JkZXIlM0EwJTNCJTIyJTIwYWxsb3dmdWxsc2NyZWVuJTNEJTIyJTIyJTIwbG9hZGluZyUzRCUyMmxhenklMjIlMjByZWZlcnJlcnBvbGljeSUzRCUyMm5vLXJlZmVycmVyLXdoZW4tZG93bmdyYWRlJTIyJTNFJTNDJTJGaWZyYW1lJTNF&#8221;][\/vc_column][\/vc_row][vc_row el_id=&#8221;Tickets&#8221;][vc_column][vc_empty_space height=&#8221;75px&#8221;]<div class=\"gt-heading gt-dark gt-size1 gt-align-center\"><div class=\"gt-title\">Compre aqui <span>seus ingressos<\/span><\/div><div class=\"gt-separate\"><i class=\"fas fa-ticket-alt\"><\/i><\/div><div class=\"gt-text\">Garanta o seu ingresso para ter uma experi\u00eancia no FIFS 2023<\/div><\/div>[vc_empty_space height=&#8221;115px&#8221;]<div class=\"gt-get-event-content\"><\/div>[vc_empty_space height=&#8221;120px&#8221;][\/vc_column][\/vc_row][vc_row full_width=&#8221;stretch_row&#8221; background-position=&#8221;center-center&#8221; background-attachment=&#8221;fixed&#8221; css=&#8221;.vc_custom_1688485463011{background: #121219 url(https:\/\/www.moz.life\/moztickets\/wp-content\/uploads\/2023\/07\/Fancy_Banners-scaled.jpg?id=6096) !important;background-position: center !important;background-repeat: no-repeat !important;background-size: cover !important;}&#8221; el_id=&#8221;Newsletter&#8221;][vc_column][vc_empty_space height=&#8221;75px&#8221;]<div class=\"gt-heading gt-white gt-size1 gt-align-center\"><div class=\"gt-title\">A Moztickets pode ser o parceiro do teu Evento<\/div><div class=\"gt-separate\"><i class=\"far fa-envelope-open\"><\/i><\/div><div class=\"gt-text\">Contacte-nos: moztickets@feelcom.co.mz<\/div><\/div>[vc_empty_space height=&#8221;110px&#8221;][\/vc_column][\/vc_row][vc_row el_id=&#8221;Sponsors&#8221;][vc_column][vc_empty_space height=&#8221;75px&#8221;]<div class=\"gt-heading gt-dark gt-size1 gt-align-center\"><div class=\"gt-title\">Parceiro <span>do Evento<\/span><\/div><div class=\"gt-separate\"><i class=\"fas fa-ellipsis-h\"><\/i><\/div><div class=\"gt-text\">Learn sponsors of the Fashion Carnival 2020.<\/div><\/div><div class=\"gt-get-event-content\"><\/div>[\/vc_column][\/vc_row][vc_row gap=&#8221;5&#8243; content_placement=&#8221;middle&#8221;][vc_column][vc_gallery type=&#8221;image_grid&#8221; images=&#8221;6143,6139,6137,6141,6140,6509&#8243; img_size=&#8221;150&#215;150&#8243; css_animation=&#8221;fadeIn&#8221;][\/vc_column][\/vc_row][vc_row full_width=&#8221;stretch_row&#8221; background-position=&#8221;center-center&#8221; background-attachment=&#8221;fixed&#8221; css=&#8221;.vc_custom_1688485491888{background: #121219 url(https:\/\/www.moz.life\/moztickets\/wp-content\/uploads\/2023\/07\/Fancy_Banners-scaled.jpg?id=6096) !important;background-position: center !important;background-repeat: no-repeat !important;background-size: cover !important;}&#8221;][vc_column][vc_empty_space height=&#8221;85px&#8221;][vc_row_inner][vc_column_inner width=&#8221;1\/2&#8243; offset=&#8221;vc_col-lg-1\/5 vc_col-md-1\/5 vc_col-xs-6&#8243;]<div class=\"gt-counter gt-align-left\" data-gt-delay=\"10\" data-gt-time=\"2000\"><div class=\"gt-number\">30<\/div><div class=\"gt-title\">Modelos<\/div><\/div>[vc_empty_space height=&#8221;30px&#8221;][\/vc_column_inner][vc_column_inner width=&#8221;1\/2&#8243; offset=&#8221;vc_col-lg-1\/5 vc_col-md-1\/5 vc_col-xs-6&#8243;]<div class=\"gt-counter gt-align-left\" data-gt-delay=\"10\" data-gt-time=\"2000\"><div class=\"gt-number\">5<\/div><div class=\"gt-title\">Dias<\/div><\/div>[vc_empty_space height=&#8221;30px&#8221;][\/vc_column_inner][vc_column_inner width=&#8221;1\/2&#8243; offset=&#8221;vc_col-lg-1\/5 vc_col-md-1\/5 vc_col-xs-6&#8243;]<div class=\"gt-counter gt-align-left\" data-gt-delay=\"10\" data-gt-time=\"2000\"><div class=\"gt-number\">1500<\/div><div class=\"gt-title\">Participantes<\/div><\/div>[vc_empty_space height=&#8221;30px&#8221;][\/vc_column_inner][vc_column_inner width=&#8221;1\/2&#8243; offset=&#8221;vc_col-lg-1\/5 vc_col-md-1\/5 vc_col-xs-6&#8243;]<div class=\"gt-counter gt-align-left\" data-gt-delay=\"10\" data-gt-time=\"2000\"><div class=\"gt-number\">14<\/div><div class=\"gt-title\">Estilistas<\/div><\/div>[vc_empty_space height=&#8221;30px&#8221;][\/vc_column_inner][vc_column_inner width=&#8221;1\/2&#8243; offset=&#8221;vc_col-lg-1\/5 vc_col-md-1\/5 vc_hidden-sm vc_col-xs-6 vc_hidden-xs&#8221;]<div class=\"gt-counter gt-align-left\" data-gt-delay=\"10\" data-gt-time=\"2000\"><div class=\"gt-number\">3<\/div><div class=\"gt-title\">Locais<\/div><\/div>[vc_empty_space height=&#8221;30px&#8221;][\/vc_column_inner][\/vc_row_inner][vc_empty_space height=&#8221;80px&#8221;][\/vc_column][\/vc_row][vc_row full_width=&#8221;stretch_row_content_no_spaces&#8221;][vc_column][vc_empty_space height=&#8221;75px&#8221;]<div class=\"gt-heading gt-dark gt-size1 gt-align-center\"><div class=\"gt-title\">Galeria <span>de imagens<\/span><\/div><div class=\"gt-separate\"><i class=\"far fa-images\"><\/i><\/div><div class=\"gt-text\">Alguns momentos ic\u00f3nicos do Fancy Africa Fashion Show 2022<\/div><\/div>[vc_empty_space height=&#8221;115px&#8221;][\/vc_column][\/vc_row][vc_row full_width=&#8221;stretch_row_content_no_spaces&#8221; gap=&#8221;5&#8243; content_placement=&#8221;middle&#8221;][vc_column][vc_gallery type=&#8221;image_grid&#8221; images=&#8221;6114,6113,6112,6115,6116,6117,6118,6119,6120,6121,6122,6123,6128,6129&#8243; img_size=&#8221;300&#215;450&#8243; css_animation=&#8221;fadeIn&#8221;][\/vc_column][\/vc_row][vc_row][vc_column][\/vc_column][\/vc_row]<\/p>\n\n    <div class=\"xs_social_share_widget xs_share_url after_content \t\tmain_content  wslu-style-1 wslu-share-box-shaped wslu-fill-colored wslu-none wslu-share-horizontal wslu-theme-font-no wslu-main_content\">\n\n\t\t\n        <ul>\n\t\t\t        <\/ul>\n    <\/div> \n<\/div>","protected":false},"excerpt":{"rendered":"<p>[vc_row full_width=&#8221;stretch_row_content_no_spaces&#8221;][vc_column][\/vc_column][\/vc_row][vc_row full_width=&#8221;stretch_row_content_no_spaces&#8221; overflow-status=&#8221;gt-overflow-visible&#8221;][vc_column][\/vc_column][\/vc_row][vc_row full_width=&#8221;stretch_row_content_no_spaces&#8221; css=&#8221;.vc_custom_1688653929202{background-color: #f9f9f9 !important;}&#8221; el_id=&#8221;Speakers&#8221;][vc_column][vc_empty_space height=&#8221;75px&#8221;][vc_empty_space height=&#8221;115px&#8221;][vc_empty_space height=&#8221;120px&#8221;][\/vc_column][\/vc_row][vc_row full_width=&#8221;stretch_row_content_no_spaces&#8221; el_id=&#8221;Schedule&#8221;][vc_column][vc_empty_space height=&#8221;75px&#8221;][vc_empty_space height=&#8221;115px&#8221;][vc_empty_space height=&#8221;115px&#8221; el_id=&#8221;228&#8243;][vc_empty_space height=&#8221;120px&#8221;][\/vc_column][\/vc_row][vc_row full_width=&#8221;stretch_row_content_no_spaces&#8221; row-text-align=&#8221;center&#8221; background-position=&#8221;center-center&#8221; background-attachment=&#8221;fixed&#8221; css=&#8221;.vc_custom_1688485321281{background: #121219 url(https:\/\/www.moz.life\/moztickets\/wp-content\/uploads\/2023\/07\/Fancy_Banners-scaled.jpg?id=6096) !important;background-position: center !important;background-repeat: no-repeat !important;background-size: cover !important;}&#8221; el_id=&#8221;Venue&#8221;][vc_column][vc_empty_space height=&#8221;75px&#8221;][vc_gmaps link=&#8221;#E-8_JTNDaWZyYW1lJTIwc3JjJTNEJTIyaHR0cHMlM0ElMkYlMkZ3d3cuZ29vZ2xlLmNvbSUyRm1hcHMlMkZlbWJlZCUzRnBiJTNEJTIxMW0xNCUyMTFtOCUyMTFtMyUyMTFkODk2Ljc2MjEwMzU5NjE3MjMlMjEyZDMyLjU2MzgwMDIlMjEzZC0yNS45NjY0NTI1JTIxM20yJTIxMWkxMDI0JTIxMmk3NjglMjE0ZjEzLjElMjEzbTMlMjExbTIlMjExczB4MWVlNjliMWU2YmM3NTNiMyUyNTNBMHg2Y2E3ZDNlMzgyZTQ0YTgwJTIxMnMyMTUlMjUyMEF2ZW5pZGElMjUyMFJvbSUyNUMzJTI1QTNvJTI1MjBGZXJuYW5kZXMlMjUyMEZhcmluaGElMjUyQyUyNTIwTWFwdXRvJTIxNWUwJTIxM20yJTIxMXNlbiUyMTJzbXolMjE0djE2OTMyMTAyMzI3MjclMjE1bTIlMjExc2VuJTIxMnNteiUyMiUyMHdpZHRoJTNEJTIyNjAwJTIyJTIwaGVpZ2h0JTNEJTIyNDUwJTIyJTIwc3R5bGUlM0QlMjJib3JkZXIlM0EwJTNCJTIyJTIwYWxsb3dmdWxsc2NyZWVuJTNEJTIyJTIyJTIwbG9hZGluZyUzRCUyMmxhenklMjIlMjByZWZlcnJlcnBvbGljeSUzRCUyMm5vLXJlZmVycmVyLXdoZW4tZG93bmdyYWRlJTIyJTNFJTNDJTJGaWZyYW1lJTNF&#8221;][\/vc_column][\/vc_row][vc_row el_id=&#8221;Tickets&#8221;][vc_column][vc_empty_space height=&#8221;75px&#8221;][vc_empty_space height=&#8221;115px&#8221;][vc_empty_space height=&#8221;120px&#8221;][\/vc_column][\/vc_row][vc_row&#8230;<\/p>\n","protected":false},"author":13,"featured_media":0,"parent":0,"menu_order":0,"comment_status":"closed","ping_status":"closed","template":"","meta":{"footnotes":""},"class_list":["post-1505","page","type-page","status-publish","hentry"],"jetpack_sharing_enabled":true,"_links":{"self":[{"href":"https:\/\/moz.life\/moztickets\/wp-json\/wp\/v2\/pages\/1505","targetHints":{"allow":["GET"]}}],"collection":[{"href":"https:\/\/moz.life\/moztickets\/wp-json\/wp\/v2\/pages"}],"about":[{"href":"https:\/\/moz.life\/moztickets\/wp-json\/wp\/v2\/types\/page"}],"author":[{"embeddable":true,"href":"https:\/\/moz.life\/moztickets\/wp-json\/wp\/v2\/users\/13"}],"replies":[{"embeddable":true,"href":"https:\/\/moz.life\/moztickets\/wp-json\/wp\/v2\/comments?post=1505"}],"version-history":[{"count":0,"href":"https:\/\/moz.life\/moztickets\/wp-json\/wp\/v2\/pages\/1505\/revisions"}],"wp:attachment":[{"href":"https:\/\/moz.life\/moztickets\/wp-json\/wp\/v2\/media?parent=1505"}],"curies":[{"name":"wp","href":"https:\/\/api.w.org\/{rel}","templated":true}]}}