{"id":2576,"date":"2018-03-23T06:30:56","date_gmt":"2018-03-23T06:30:56","guid":{"rendered":"http:\/\/192.168.1.99\/WordpressDevelop\/videoplus-config\/?page_id=2576"},"modified":"2018-03-23T06:30:56","modified_gmt":"2018-03-23T06:30:56","slug":"list-special","status":"publish","type":"page","link":"https:\/\/moz.life\/mozstudio\/list-special\/","title":{"rendered":"LIST SPECIAL"},"content":{"rendered":"\t\t<div data-elementor-type=\"wp-post\" data-elementor-id=\"2576\" class=\"elementor elementor-2576 elementor-bc-flex-widget\" data-elementor-post-type=\"page\">\n\t\t\t\t\t\t<section class=\"elementor-section elementor-top-section elementor-element elementor-element-163e5fd elementor-section-boxed elementor-section-height-default elementor-section-height-default wpr-particle-no wpr-jarallax-no wpr-parallax-no wpr-sticky-section-no\" data-id=\"163e5fd\" data-element_type=\"section\" data-e-type=\"section\">\n\t\t\t\t\t\t<div class=\"elementor-container elementor-column-gap-no\">\n\t\t\t\t\t<div class=\"elementor-column elementor-col-16 elementor-top-column elementor-element elementor-element-3c414d9\" data-id=\"3c414d9\" data-element_type=\"column\" data-e-type=\"column\">\n\t\t\t<div class=\"elementor-widget-wrap\">\n\t\t\t\t\t\t\t<\/div>\n\t\t<\/div>\n\t\t\t\t<div class=\"elementor-column elementor-col-66 elementor-top-column elementor-element elementor-element-0193d46\" data-id=\"0193d46\" data-element_type=\"column\" data-e-type=\"column\">\n\t\t\t<div class=\"elementor-widget-wrap elementor-element-populated\">\n\t\t\t\t\t\t<div class=\"elementor-element elementor-element-105eeb4 elementor-widget elementor-widget-vidorev_block_addon\" data-id=\"105eeb4\" data-element_type=\"widget\" data-e-type=\"widget\" data-widget_type=\"vidorev_block_addon.default\">\n\t\t\t\t<div class=\"elementor-widget-container\">\n\t\t\t\t\t\t\t\t\t\t\t<div class=\"sc-blocks-container sc-blocks-container-control list-sp fw-c-fix-cls\" data-id=\"vp_20263\">\n\t\t\t\t\t\t\n\t\t\t\t\t\t\t\t\t\t\t\t\t\t\t<div class=\"filter-container filter-container-control\">\n\t\t\t\t\t\t\t\t\t<div class=\"filter-wrapper\">\n\t\t\t\t\t\t\t\t\t\t\t\t\t\t\t\t\t\t\t\t\t<div class=\"block-title block-title-control\"><h2 class=\"extra-bold h5\">LIST SPECIAL<\/h2><\/div>\n\t\t\t\t\t\t\t\t\t\t\t\t\t\t\t\t\t\t\t\t\n\t\t\t\t\t\t\t\t\t\t\t\t\t\t\t\t\t\t\t\t\t<div class=\"filter-items filter-items-control navigation-font nav-font-size-12\">\n\t\t\t\t\t\t\t\t\t\t\t\t<div class=\"filter-items-wrapper filter-items-wrapper-control\">\n\t\t\t\t\t\t\t\t\t\t\t\t\t<span class=\"filter-item filter-action-control active-item\" data-taxonomy=\"all\" data-id=\"0\">All<\/span><span class=\"filter-item filter-action-control\" data-taxonomy=\"category\" data-id=\"9\">TRAVEL<\/span><span class=\"filter-item filter-action-control\" data-taxonomy=\"category\" data-id=\"5\">MUSIC<\/span><span class=\"filter-item filter-action-control\" data-taxonomy=\"category\" data-id=\"4\">MOVIE<\/span><span class=\"filter-item filter-action-control\" data-taxonomy=\"category\" data-id=\"7\">SPORT<\/span><span class=\"filter-item filter-action-control\" data-taxonomy=\"category\" data-id=\"8\">TECHNOLOGY<\/span><span class=\"filter-item filter-action-control\" data-taxonomy=\"category\" data-id=\"2\">FASHION<\/span><span class=\"filter-item filter-action-control\" data-taxonomy=\"post_tag\" data-id=\"111\">fashion<\/span><span class=\"filter-item filter-action-control\" data-taxonomy=\"category\" data-id=\"3\">GAME<\/span>\t\t\t\t\t\t\t\t\t\t\t\t<\/div>\n\t\t\t\t\t\t\t\t\t\t\t<\/div>\n\t\t\t\t\t\t\t\t\t\t\t\t\t\t\t\t\t\t\t<\/div>\n\t\t\t\t\t\t\t\t<\/div>\n\t\t\t\t\t\t\t\n\t\t\t\t\t\t\t\t\t\t\t\t\t\t\n\t\t\t\t\t\t\t<div class=\"block-filter block-filter-control\">\n\t\t\t\t\t\t\t\t<div class=\"ajax-loading\">\n\t\t\t\t\t\t\t\t\t<div class=\"la-ball-triangle-path\">\n\t\t\t\t\t\t\t\t\t\t<div><\/div>\n\t\t\t\t\t\t\t\t\t\t<div><\/div>\n\t\t\t\t\t\t\t\t\t\t<div><\/div>\n\t\t\t\t\t\t\t\t\t<\/div>\n\t\t\t\t\t\t\t\t<\/div>\t\t\t\t\t\t\t\t\n\n\t\t\t\t\t\t\n\t\t\t\t\t\t\n\t\t\t\t\t\t\t\t<div class=\"blog-wrapper global-blog-wrapper blog-wrapper-control active-item current-paged\" data-item=\"0\" data-paged=\"1\" data-end=\"no\">\n\t\t\t\t\t\t\t\t\t<div class=\"blog-items blog-items-control site__row list-special\">\n\t\t\t\t\t\t\t\t\t\t<article class=\"post-item site__col post-5397 post type-post status-publish format-video has-post-thumbnail hentry category-travel tag-ruanda tag-terra-das-mil-colinas post_format-post-format-video\">\n\t<div class=\"post-item-wrap\">\n\t\n\t\t<div class=\"blog-pic\">\n\t\t\t\t\t\t\t\t<div class=\"blog-pic-wrap\"><a data-post-id=\"5397\" href=\"https:\/\/moz.life\/mozstudio\/ruanda-a-terra-das-mil-colinas\/\" title=\"Ruanda: A terra das mil colinas\" class=\"blog-img\"><img decoding=\"async\" class=\"blog-picture ul-normal-effect\" src=\"https:\/\/moz.life\/mozstudio\/wp-content\/uploads\/2021\/06\/globalpedia-hero-rwanda-1-750x422.jpg\" srcset=\"https:\/\/moz.life\/mozstudio\/wp-content\/uploads\/2021\/06\/globalpedia-hero-rwanda-1-750x422.jpg 750w, https:\/\/moz.life\/mozstudio\/wp-content\/uploads\/2021\/06\/globalpedia-hero-rwanda-1-236x133.jpg 236w, https:\/\/moz.life\/mozstudio\/wp-content\/uploads\/2021\/06\/globalpedia-hero-rwanda-1-360x203.jpg 360w, https:\/\/moz.life\/mozstudio\/wp-content\/uploads\/2021\/06\/globalpedia-hero-rwanda-1-1500x844.jpg 1500w\" sizes=\"(max-width: 750px) 100vw, 750px\" alt=\"globalpedia-hero-rwanda-1\"\/><span class=\"ul-placeholder-bg class-16x9\"><\/span><div class=\"preview-video preview-video-control\" data-iframepreview=\"https:\/\/moz.life\/mozstudio\/ruanda-a-terra-das-mil-colinas\/?video_embed=5397&#038;preview_mode=1\"><\/div><\/a><span class=\"video-icon video-popup-control\" data-id=\"5397\"><\/span><span \n\t\t\t\t\t\t\t\t\t\t\t\tclass=\"watch-later-icon watch-later-control\" \n\t\t\t\t\t\t\t\t\t\t\t\tdata-id=\"5397\" \n\t\t\t\t\t\t\t\t\t\t\t\tdata-img-src=\"https:\/\/moz.life\/mozstudio\/wp-content\/uploads\/2021\/06\/globalpedia-hero-rwanda-1-150x150.jpg\" \n\t\t\t\t\t\t\t\t\t\t\t\tdata-hyperlink=\"https:\/\/moz.life\/mozstudio\/ruanda-a-terra-das-mil-colinas\/\" \n\t\t\t\t\t\t\t\t\t\t\t\tdata-title=\"Ruanda: A terra das mil colinas\"\n\t\t\t\t\t\t\t\t\t\t\t>\n\t\t\t\t\t\t\t\t\t\t\t\t<i class=\"fa fa-clock-o\" aria-hidden=\"true\"><\/i><span class=\"watch-text font-size-12\">Watch Later<\/span><span class=\"watch-remove-text font-size-12\">Added<\/span>\n\t\t\t\t\t\t\t\t\t\t\t<\/span><span class=\"duration-text font-size-12 meta-font\"><\/span>\t<\/div>\n\t\t\t\t\t\t\t<\/div>\t\t\n\t\t<div class=\"listing-content\">\n\t\t\n\t\t\t<div class=\"categories-elm meta-font\"><div class=\"categories-wrap\"><a data-cat-id=\"cat_9\" href=\"https:\/\/moz.life\/mozstudio\/category\/travel\/\" title=\"TRAVEL\" class=\"category-item m-font-size-10\">TRAVEL<\/a><\/div><\/div>\t\t\t\n\t\t\t<h3 class=\"entry-title h3 post-title\"> \n\t\t\t\t<a href=\"https:\/\/moz.life\/mozstudio\/ruanda-a-terra-das-mil-colinas\/\" title=\"Ruanda: A terra das mil colinas\">Ruanda: A terra das mil colinas<\/a> \n\t\t\t<\/h3>\n\t\t\t\n\t\t\t<div class=\"entry-meta post-meta meta-font\"><div class=\"post-meta-wrap\"><div class=\"author vcard\"><i class=\"fa fa-user-circle\" aria-hidden=\"true\"><\/i><a href=\"https:\/\/moz.life\/mozstudio\/author\/mozstudio\/\">FeelcomTV<\/a><\/div><div class=\"date-time\"><i class=\"fa fa-calendar\" aria-hidden=\"true\"><\/i><span><time class=\"entry-date published\" datetime=\"2021-06-28T07:55:08+02:00\">28\/06\/2021<\/time> <span class=\"updated\"><\/span><time class=\"updated\" datetime=\"2021-06-28T07:55:52+02:00\">28\/06\/2021<\/time><\/span><\/div><\/div><\/div>\t\n\t\t\n\t\t\t<div class=\"entry-content post-excerpt\">Muitos turistas escolhem Ruanda como destino de f\u00e9rias principalmente por causa dos famosos gorilas da montanha e para conhecer o le...<\/div>\t\t\n\t\t\t<div class=\"entry-meta post-meta meta-font\"><div class=\"post-meta-wrap\"><div class=\"comment-count\"><i class=\"fa fa-comment\" aria-hidden=\"true\"><\/i><span>0<\/span><\/div><div class=\"view-count\"><i class=\"fa fa-eye\" aria-hidden=\"true\"><\/i><span>4.6K<\/span><\/div><div class=\"like-count\"><i class=\"fa fa-thumbs-up\" aria-hidden=\"true\"><\/i><span class=\"like-count\" data-id=\"5397\">150<\/span><\/div><div class=\"dislike-count\"><i class=\"fa fa-thumbs-down\" aria-hidden=\"true\"><\/i><span class=\"dislike-count\" data-id=\"5397\">2<\/span><\/div><\/div><\/div>\t\t\t\n\t\t\n\t\t<\/div>\n\t\t\n\t<\/div>\n<\/article><article class=\"post-item site__col post-5391 post type-post status-publish format-video has-post-thumbnail hentry category-desporto tag-campeao-do-city tag-guardiola post_format-post-format-video\">\n\t<div class=\"post-item-wrap\">\n\t\n\t\t<div class=\"blog-pic\">\n\t\t\t\t\t\t\t\t<div class=\"blog-pic-wrap\"><a data-post-id=\"5391\" href=\"https:\/\/moz.life\/mozstudio\/guardiola-fuma-charuto-e-canta-oasis-em-festa-de-campeao-do-city\/\" title=\"Guardiola fuma charuto e canta Oasis em festa de campe\u00e3o do City\" class=\"blog-img\"><img decoding=\"async\" class=\"blog-picture ul-normal-effect\" src=\"https:\/\/moz.life\/mozstudio\/wp-content\/uploads\/2021\/05\/pep-750x422.jpg\" srcset=\"https:\/\/moz.life\/mozstudio\/wp-content\/uploads\/2021\/05\/pep-750x422.jpg 750w, https:\/\/moz.life\/mozstudio\/wp-content\/uploads\/2021\/05\/pep-236x133.jpg 236w, https:\/\/moz.life\/mozstudio\/wp-content\/uploads\/2021\/05\/pep-360x203.jpg 360w\" sizes=\"(max-width: 750px) 100vw, 750px\" alt=\"pep\"\/><span class=\"ul-placeholder-bg class-16x9\"><\/span><div class=\"preview-video preview-video-control\" data-iframepreview=\"https:\/\/moz.life\/mozstudio\/guardiola-fuma-charuto-e-canta-oasis-em-festa-de-campeao-do-city\/?video_embed=5391&#038;preview_mode=1\"><\/div><\/a><span class=\"video-icon video-popup-control\" data-id=\"5391\"><\/span><span \n\t\t\t\t\t\t\t\t\t\t\t\tclass=\"watch-later-icon watch-later-control\" \n\t\t\t\t\t\t\t\t\t\t\t\tdata-id=\"5391\" \n\t\t\t\t\t\t\t\t\t\t\t\tdata-img-src=\"https:\/\/moz.life\/mozstudio\/wp-content\/uploads\/2021\/05\/pep-150x150.jpg\" \n\t\t\t\t\t\t\t\t\t\t\t\tdata-hyperlink=\"https:\/\/moz.life\/mozstudio\/guardiola-fuma-charuto-e-canta-oasis-em-festa-de-campeao-do-city\/\" \n\t\t\t\t\t\t\t\t\t\t\t\tdata-title=\"Guardiola fuma charuto e canta Oasis em festa de campe\u00e3o do City\"\n\t\t\t\t\t\t\t\t\t\t\t>\n\t\t\t\t\t\t\t\t\t\t\t\t<i class=\"fa fa-clock-o\" aria-hidden=\"true\"><\/i><span class=\"watch-text font-size-12\">Watch Later<\/span><span class=\"watch-remove-text font-size-12\">Added<\/span>\n\t\t\t\t\t\t\t\t\t\t\t<\/span><span class=\"duration-text font-size-12 meta-font\"><\/span>\t<\/div>\n\t\t\t\t\t\t\t<\/div>\t\t\n\t\t<div class=\"listing-content\">\n\t\t\n\t\t\t<div class=\"categories-elm meta-font\"><div class=\"categories-wrap\"><a data-cat-id=\"cat_260\" href=\"https:\/\/moz.life\/mozstudio\/category\/desporto\/\" title=\"DESPORTO\" class=\"category-item m-font-size-10\">DESPORTO<\/a><\/div><\/div>\t\t\t\n\t\t\t<h3 class=\"entry-title h3 post-title\"> \n\t\t\t\t<a href=\"https:\/\/moz.life\/mozstudio\/guardiola-fuma-charuto-e-canta-oasis-em-festa-de-campeao-do-city\/\" title=\"Guardiola fuma charuto e canta Oasis em festa de campe\u00e3o do City\">Guardiola fuma charuto e canta Oasis em festa de campe\u00e3o do City<\/a> \n\t\t\t<\/h3>\n\t\t\t\n\t\t\t<div class=\"entry-meta post-meta meta-font\"><div class=\"post-meta-wrap\"><div class=\"author vcard\"><i class=\"fa fa-user-circle\" aria-hidden=\"true\"><\/i><a href=\"https:\/\/moz.life\/mozstudio\/author\/mozstudio\/\">FeelcomTV<\/a><\/div><div class=\"date-time\"><i class=\"fa fa-calendar\" aria-hidden=\"true\"><\/i><span><time class=\"entry-date published\" datetime=\"2021-05-18T08:29:56+02:00\">18\/05\/2021<\/time> <span class=\"updated\"><\/span><time class=\"updated\" datetime=\"2021-05-18T08:32:07+02:00\">18\/05\/2021<\/time><\/span><\/div><\/div><\/div>\t\n\t\t\n\t\t\t<div class=\"entry-content post-excerpt\">A festa de campe\u00e3o do Manchester City j\u00e1 foi h\u00e1 alguns dias, mas s\u00f3 esta segunda-feira foi revelado um excerto daquela que foi a fes...<\/div>\t\t\n\t\t\t<div class=\"entry-meta post-meta meta-font\"><div class=\"post-meta-wrap\"><div class=\"comment-count\"><i class=\"fa fa-comment\" aria-hidden=\"true\"><\/i><span>0<\/span><\/div><div class=\"view-count\"><i class=\"fa fa-eye\" aria-hidden=\"true\"><\/i><span>3.8K<\/span><\/div><div class=\"like-count\"><i class=\"fa fa-thumbs-up\" aria-hidden=\"true\"><\/i><span class=\"like-count\" data-id=\"5391\">0<\/span><\/div><div class=\"dislike-count\"><i class=\"fa fa-thumbs-down\" aria-hidden=\"true\"><\/i><span class=\"dislike-count\" data-id=\"5391\">0<\/span><\/div><\/div><\/div>\t\t\t\n\t\t\n\t\t<\/div>\n\t\t\n\t<\/div>\n<\/article><article class=\"post-item site__col post-5380 post type-post status-publish format-gallery has-post-thumbnail hentry category-tecnologia tag-iphone-13 post_format-post-format-gallery\">\n\t<div class=\"post-item-wrap\">\n\t\n\t\t<div class=\"blog-pic\">\n\t\t\t\t\t\t\t\t<div class=\"blog-pic-wrap\"><a data-post-id=\"5380\" href=\"https:\/\/moz.life\/mozstudio\/revelados-alguns-detalhes-sobre-o-proximo-iphone-13\/\" title=\"Revelados Alguns Detalhes Sobre O Pr\u00f3ximo IPhone 13\" class=\"blog-img\"><img decoding=\"async\" class=\"blog-picture ul-normal-effect\" src=\"https:\/\/moz.life\/mozstudio\/wp-content\/uploads\/2021\/04\/960x0-750x422.jpg\" srcset=\"https:\/\/moz.life\/mozstudio\/wp-content\/uploads\/2021\/04\/960x0-750x422.jpg 750w, https:\/\/moz.life\/mozstudio\/wp-content\/uploads\/2021\/04\/960x0-300x168.jpg 300w, https:\/\/moz.life\/mozstudio\/wp-content\/uploads\/2021\/04\/960x0-236x133.jpg 236w, https:\/\/moz.life\/mozstudio\/wp-content\/uploads\/2021\/04\/960x0-360x203.jpg 360w\" sizes=\"(max-width: 750px) 100vw, 750px\" alt=\"960&#215;0\"\/><span class=\"ul-placeholder-bg class-16x9\"><\/span><\/a><span class=\"img-lightbox-icon img-lightbox-icon-control\" data-id=\"5380\" data-url=\"https:\/\/moz.life\/mozstudio\/wp-content\/uploads\/2021\/04\/960x0.jpg\"><\/span>\t<\/div>\n\t\t\t\t\t\t\t<\/div>\t\t\n\t\t<div class=\"listing-content\">\n\t\t\n\t\t\t<div class=\"categories-elm meta-font\"><div class=\"categories-wrap\"><a data-cat-id=\"cat_256\" href=\"https:\/\/moz.life\/mozstudio\/category\/tecnologia\/\" title=\"TECNOLOGIA\" class=\"category-item m-font-size-10\">TECNOLOGIA<\/a><\/div><\/div>\t\t\t\n\t\t\t<h3 class=\"entry-title h3 post-title\"> \n\t\t\t\t<a href=\"https:\/\/moz.life\/mozstudio\/revelados-alguns-detalhes-sobre-o-proximo-iphone-13\/\" title=\"Revelados Alguns Detalhes Sobre O Pr\u00f3ximo IPhone 13\">Revelados Alguns Detalhes Sobre O Pr\u00f3ximo IPhone 13<\/a> \n\t\t\t<\/h3>\n\t\t\t\n\t\t\t<div class=\"entry-meta post-meta meta-font\"><div class=\"post-meta-wrap\"><div class=\"author vcard\"><i class=\"fa fa-user-circle\" aria-hidden=\"true\"><\/i><a href=\"https:\/\/moz.life\/mozstudio\/author\/mozstudio\/\">FeelcomTV<\/a><\/div><div class=\"date-time\"><i class=\"fa fa-calendar\" aria-hidden=\"true\"><\/i><span><time class=\"entry-date published\" datetime=\"2021-04-12T11:00:43+02:00\">12\/04\/2021<\/time> <span class=\"updated\"><\/span><time class=\"updated\" datetime=\"2021-04-12T11:02:59+02:00\">12\/04\/2021<\/time><\/span><\/div><\/div><\/div>\t\n\t\t\n\t\t\t<div class=\"entry-content post-excerpt\">Estas novidades, embora sem fonte oficial, s\u00e3o j\u00e1 persistentes nos rumores. Por exemplo, fala-se em pequenos ajustes no design e eve...<\/div>\t\t\n\t\t\t<div class=\"entry-meta post-meta meta-font\"><div class=\"post-meta-wrap\"><div class=\"comment-count\"><i class=\"fa fa-comment\" aria-hidden=\"true\"><\/i><span>0<\/span><\/div><div class=\"view-count\"><i class=\"fa fa-eye\" aria-hidden=\"true\"><\/i><span>3.1K<\/span><\/div><div class=\"like-count\"><i class=\"fa fa-thumbs-up\" aria-hidden=\"true\"><\/i><span class=\"like-count\" data-id=\"5380\">20<\/span><\/div><div class=\"dislike-count\"><i class=\"fa fa-thumbs-down\" aria-hidden=\"true\"><\/i><span class=\"dislike-count\" data-id=\"5380\">1<\/span><\/div><\/div><\/div>\t\t\t\n\t\t\n\t\t<\/div>\n\t\t\n\t<\/div>\n<\/article>\t\n\t\t\t\t\t\t\t\t\t<\/div>\t\n\t\t\t\t\t\t\t\t<\/div>\n\t\t\t\t\t\t\t\n\t\t\t\t\t\t\n\t\t\t\t\t\t\t<\/div>\t\n\t\t\t\t\t\t\t<div class=\"bl-page-prev-next bl-page-prev-next-control active-item\">\n\t\t\t\t\t\t\t\t<span class=\"next-prev-action disabled-query\" data-action=\"prev\"><i class=\"fa fa-angle-left\" aria-hidden=\"true\"><\/i><\/span>\n\t\t\t\t\t\t\t\t<span class=\"next-prev-action\" data-action=\"next\"><i class=\"fa fa-angle-right\" aria-hidden=\"true\"><\/i><\/span>\n\t\t\t\t\t\t\t<\/div>\t\t\t\t\t\n\t\t\t\t\t\t<\/div>\n\t\t\t\t\t\t\t\t\t<script>if(typeof(vidorev_builder_control)!==\"undefined\" && vidorev_builder_control!==null){vidorev_builder_control.filter_tab_responsive();}<\/script>\t\t\t\t<\/div>\n\t\t\t\t<\/div>\n\t\t\t\t\t<\/div>\n\t\t<\/div>\n\t\t\t\t<div class=\"elementor-column elementor-col-16 elementor-top-column elementor-element elementor-element-fc66af9\" data-id=\"fc66af9\" data-element_type=\"column\" data-e-type=\"column\">\n\t\t\t<div class=\"elementor-widget-wrap\">\n\t\t\t\t\t\t\t<\/div>\n\t\t<\/div>\n\t\t\t\t\t<\/div>\n\t\t<\/section>\n\t\t\t\t<\/div>\n\t\t","protected":false},"excerpt":{"rendered":"<p>LIST SPECIAL AllTRAVELMUSICMOVIESPORTTECHNOLOGYFASHIONGAME Watch LaterAdded 02:33 MOVIE Transformers 5 Trailer NICOLASSeptember 18, 2017April 26, 2018 Vestibulum rutrum nibh semper, imperdiet nulla non, pulvinar lacus. Phasellus blandit odio at ipsum porta rhoncus varius accumsan am&#8230; 015.2M120.4K6.6K Watch LaterAdded 01:33 MOVIE The Twilight Saga Eclipse NICOLASSeptember 21, 2017April 26, 2018 Praesent congue turpis in tincidunt ornare. Donec eu laoreet metus. Proin sit amet blandit ipsum, ut condimentum lacus. Duis non met&#8230; 022M35.9K4.6K Watch LaterAdded 02:31 MOVIE The Shape of Water NICOLASSeptember 21, 2017April 26, 2018 Sed viverra, eros vel egestas volutpat, augue sem fermentum lacus, eget faucibus leo mauris sed dolor. Phasellus interdum faucibus s&#8230; 019.6M104.4K6.1K<\/p>\n","protected":false},"author":1,"featured_media":0,"parent":0,"menu_order":0,"comment_status":"closed","ping_status":"closed","template":"page-templates\/front-page-template.php","meta":{"footnotes":""},"class_list":["post-2576","page","type-page","status-publish","hentry"],"cmb2":{"page_slider_settings":{"display_slider_group":"","page_slider_group":""},"blog_page_settings":{"blog_page_title":"","blog_page_heading":"","blog_page_advance_search":"","blog_page_ic":"","blog_page_it":"","blog_page_ec":"","blog_page_ip":"","blog_page_advance_search_id":"","archive_loop_style":"grid-default","blog_image_ratio":"","blog_show_categories":"on","blog_show_excerpt":"on","blog_show_author":"on","blog_show_date":"on","blog_show_comment_count":"on","blog_show_view_count":"on","blog_show_like_count":"on","blog_show_dislike_count":"on","blog_items_per_page":"10","blog_pag_type":"wp-default"},"page_options":{"get_page_template":"","color_mode":"","main_layout":"","main_layout_full_with":"","main_logo":"","main_logo_id":"","main_logo_retina":"","main_logo_retina_id":"","main_logo_mobile":"","main_logo_mobile_id":"","main_logo_mobile_retina":"","main_logo_mobile_retina_id":"","sticky_logo":"","sticky_logo_id":"","sticky_logo_retina":"","sticky_logo_retina_id":"","main_nav_layout":"","ajax_search":"","header_background":"","theme_sidebar":"hidden","instagram_feed":"","instagram_feed_position":"header","popular_videos":"off","popular_videos_title_1":"","popular_videos_title_2":"","popular_videos_ic":"","popular_videos_it":"","theme_background":"","page_custom_css":""}},"_links":{"self":[{"href":"https:\/\/moz.life\/mozstudio\/wp-json\/wp\/v2\/pages\/2576","targetHints":{"allow":["GET"]}}],"collection":[{"href":"https:\/\/moz.life\/mozstudio\/wp-json\/wp\/v2\/pages"}],"about":[{"href":"https:\/\/moz.life\/mozstudio\/wp-json\/wp\/v2\/types\/page"}],"author":[{"embeddable":true,"href":"https:\/\/moz.life\/mozstudio\/wp-json\/wp\/v2\/users\/1"}],"replies":[{"embeddable":true,"href":"https:\/\/moz.life\/mozstudio\/wp-json\/wp\/v2\/comments?post=2576"}],"version-history":[{"count":0,"href":"https:\/\/moz.life\/mozstudio\/wp-json\/wp\/v2\/pages\/2576\/revisions"}],"wp:attachment":[{"href":"https:\/\/moz.life\/mozstudio\/wp-json\/wp\/v2\/media?parent=2576"}],"curies":[{"name":"wp","href":"https:\/\/api.w.org\/{rel}","templated":true}]}}