{"id":2570,"date":"2018-03-23T06:29:45","date_gmt":"2018-03-23T06:29:45","guid":{"rendered":"http:\/\/192.168.1.99\/WordpressDevelop\/videoplus-config\/?page_id=2570"},"modified":"2018-03-23T06:29:45","modified_gmt":"2018-03-23T06:29:45","slug":"grid-default-2-columns","status":"publish","type":"page","link":"https:\/\/moz.life\/mozstudio\/grid-default-2-columns\/","title":{"rendered":"GRID DEFAULT &#8211; 2 COLUMNS"},"content":{"rendered":"\t\t<div data-elementor-type=\"wp-post\" data-elementor-id=\"2570\" class=\"elementor elementor-2570 elementor-bc-flex-widget\" data-elementor-post-type=\"page\">\n\t\t\t\t\t\t<section class=\"elementor-section elementor-top-section elementor-element elementor-element-f512007 elementor-section-boxed elementor-section-height-default elementor-section-height-default wpr-particle-no wpr-jarallax-no wpr-parallax-no wpr-sticky-section-no\" data-id=\"f512007\" data-element_type=\"section\" data-e-type=\"section\">\n\t\t\t\t\t\t<div class=\"elementor-container elementor-column-gap-no\">\n\t\t\t\t\t<div class=\"elementor-column elementor-col-16 elementor-top-column elementor-element elementor-element-357b8ad\" data-id=\"357b8ad\" data-element_type=\"column\" data-e-type=\"column\">\n\t\t\t<div class=\"elementor-widget-wrap\">\n\t\t\t\t\t\t\t<\/div>\n\t\t<\/div>\n\t\t\t\t<div class=\"elementor-column elementor-col-66 elementor-top-column elementor-element elementor-element-fcb1c6e\" data-id=\"fcb1c6e\" data-element_type=\"column\" data-e-type=\"column\">\n\t\t\t<div class=\"elementor-widget-wrap elementor-element-populated\">\n\t\t\t\t\t\t<div class=\"elementor-element elementor-element-fe1f95d elementor-widget elementor-widget-vidorev_block_addon\" data-id=\"fe1f95d\" data-element_type=\"widget\" data-e-type=\"widget\" data-widget_type=\"vidorev_block_addon.default\">\n\t\t\t\t<div class=\"elementor-widget-container\">\n\t\t\t\t\t\t\t\t\t\t\t<div class=\"sc-blocks-container sc-blocks-container-control grid-df-2-col fw-c-fix-cls\" data-id=\"vp_45298\">\n\t\t\t\t\t\t\n\t\t\t\t\t\t\t\t\t\t\t\t\t\t\t<div class=\"filter-container filter-container-control\">\n\t\t\t\t\t\t\t\t\t<div class=\"filter-wrapper\">\n\t\t\t\t\t\t\t\t\t\t\t\t\t\t\t\t\t\t\t\t\t<div class=\"block-title block-title-control\"><h2 class=\"extra-bold h5\">GRID DEFAULT \u2013 2 COLUMNS<\/h2><\/div>\n\t\t\t\t\t\t\t\t\t\t\t\t\t\t\t\t\t\t\t\t\n\t\t\t\t\t\t\t\t\t\t\t\t\t\t\t\t\t\t\t\t\t<div class=\"filter-items filter-items-control navigation-font nav-font-size-12\">\n\t\t\t\t\t\t\t\t\t\t\t\t<div class=\"filter-items-wrapper filter-items-wrapper-control\">\n\t\t\t\t\t\t\t\t\t\t\t\t\t<span class=\"filter-item filter-action-control active-item\" data-taxonomy=\"all\" data-id=\"0\">All<\/span><span class=\"filter-item filter-action-control\" data-taxonomy=\"category\" data-id=\"9\">TRAVEL<\/span><span class=\"filter-item filter-action-control\" data-taxonomy=\"category\" data-id=\"5\">MUSIC<\/span><span class=\"filter-item filter-action-control\" data-taxonomy=\"category\" data-id=\"4\">MOVIE<\/span><span class=\"filter-item filter-action-control\" data-taxonomy=\"category\" data-id=\"7\">SPORT<\/span><span class=\"filter-item filter-action-control\" data-taxonomy=\"category\" data-id=\"8\">TECHNOLOGY<\/span><span class=\"filter-item filter-action-control\" data-taxonomy=\"category\" data-id=\"2\">FASHION<\/span><span class=\"filter-item filter-action-control\" data-taxonomy=\"post_tag\" data-id=\"111\">fashion<\/span><span class=\"filter-item filter-action-control\" data-taxonomy=\"category\" data-id=\"3\">GAME<\/span>\t\t\t\t\t\t\t\t\t\t\t\t<\/div>\n\t\t\t\t\t\t\t\t\t\t\t<\/div>\n\t\t\t\t\t\t\t\t\t\t\t\t\t\t\t\t\t\t\t<\/div>\n\t\t\t\t\t\t\t\t<\/div>\n\t\t\t\t\t\t\t\n\t\t\t\t\t\t\t\t\t\t\t\t\t\t\n\t\t\t\t\t\t\t<div class=\"block-filter block-filter-control\">\n\t\t\t\t\t\t\t\t<div class=\"ajax-loading\">\n\t\t\t\t\t\t\t\t\t<div class=\"la-ball-triangle-path\">\n\t\t\t\t\t\t\t\t\t\t<div><\/div>\n\t\t\t\t\t\t\t\t\t\t<div><\/div>\n\t\t\t\t\t\t\t\t\t\t<div><\/div>\n\t\t\t\t\t\t\t\t\t<\/div>\n\t\t\t\t\t\t\t\t<\/div>\t\t\t\t\t\t\t\t\n\n\t\t\t\t\t\t\n\t\t\t\t\t\t\n\t\t\t\t\t\t\t\t<div class=\"blog-wrapper global-blog-wrapper blog-wrapper-control active-item current-paged\" data-item=\"0\" data-paged=\"1\" data-end=\"no\">\n\t\t\t\t\t\t\t\t\t<div class=\"blog-items blog-items-control site__row grid-default\">\n\t\t\t\t\t\t\t\t\t\t<article class=\"post-item site__col post-1298 post type-post status-publish format-standard has-post-thumbnail hentry category-news tag-education tag-facebook tag-player-api tag-samsung tag-vimeo tag-youtube\">\n\t<div class=\"post-item-wrap\">\n\t\n\t\t<div class=\"blog-pic\">\n\t\t\t\t\t\t\t\t<div class=\"blog-pic-wrap\"><a data-post-id=\"1298\" href=\"https:\/\/moz.life\/mozstudio\/a-sack-of-regrets-waiting-to-happen-how-to-avoid-a-christmas-party-nightmare\/\" title=\"\u2018A sack of regrets waiting to happen\u2019 \u2013 how to avoid a Christmas party nightmare\" class=\"blog-img\"><img decoding=\"async\" class=\"blog-picture ul-normal-effect\" src=\"https:\/\/moz.life\/mozstudio\/wp-content\/uploads\/2020\/04\/472015867874910-360x203.jpg\" srcset=\"https:\/\/moz.life\/mozstudio\/wp-content\/uploads\/2020\/04\/472015867874910-360x203.jpg 360w, https:\/\/moz.life\/mozstudio\/wp-content\/uploads\/2020\/04\/472015867874910-416x234.jpg 416w, https:\/\/moz.life\/mozstudio\/wp-content\/uploads\/2020\/04\/472015867874910-300x169.jpg 300w, https:\/\/moz.life\/mozstudio\/wp-content\/uploads\/2020\/04\/472015867874910-768x432.jpg 768w, https:\/\/moz.life\/mozstudio\/wp-content\/uploads\/2020\/04\/472015867874910-1024x576.jpg 1024w, https:\/\/moz.life\/mozstudio\/wp-content\/uploads\/2020\/04\/472015867874910-236x133.jpg 236w, https:\/\/moz.life\/mozstudio\/wp-content\/uploads\/2020\/04\/472015867874910-750x422.jpg 750w, https:\/\/moz.life\/mozstudio\/wp-content\/uploads\/2020\/04\/472015867874910-1500x844.jpg 1500w, https:\/\/moz.life\/mozstudio\/wp-content\/uploads\/2020\/04\/472015867874910.jpg 1920w\" sizes=\"(max-width: 360px) 100vw, 360px\" alt=\"472015867874910\"\/><span class=\"ul-placeholder-bg class-16x9\"><\/span><\/a><span class=\"img-lightbox-icon img-lightbox-icon-control\" data-id=\"1298\" data-url=\"https:\/\/moz.life\/mozstudio\/wp-content\/uploads\/2020\/04\/472015867874910.jpg\"><\/span>\t<\/div>\n\t\t\t\t\t\t\t<\/div>\t\t\n\t\t<div class=\"listing-content\">\n\t\t\t\n\t\t\t<div class=\"categories-elm meta-font\"><div class=\"categories-wrap\"><a data-cat-id=\"cat_6\" href=\"https:\/\/moz.life\/mozstudio\/category\/news\/\" title=\"NEWS\" class=\"category-item m-font-size-10\">NEWS<\/a><\/div><\/div>\t\t\t\n\t\t\t<h3 class=\"entry-title h3 post-title\"> \n\t\t\t\t<a href=\"https:\/\/moz.life\/mozstudio\/a-sack-of-regrets-waiting-to-happen-how-to-avoid-a-christmas-party-nightmare\/\" title=\"\u2018A sack of regrets waiting to happen\u2019 \u2013 how to avoid a Christmas party nightmare\">\u2018A sack of regrets waiting to happen\u2019 \u2013 how to avoid a Christmas party nightmare<\/a> \n\t\t\t<\/h3>\t\n\t\t\t\n\t\t\t<div class=\"entry-meta post-meta meta-font\"><div class=\"post-meta-wrap\"><div class=\"author vcard\"><i class=\"fa fa-user-circle\" aria-hidden=\"true\"><\/i><a href=\"https:\/\/moz.life\/mozstudio\/author\/mozstudio\/\">FeelcomTV<\/a><\/div><div class=\"date-time\"><i class=\"fa fa-calendar\" aria-hidden=\"true\"><\/i><span><time class=\"entry-date published updated\" datetime=\"2017-10-26T12:43:08+02:00\">26\/10\/2017<\/time><\/span><\/div><\/div><\/div>\t\n\t\t\n\t\t\t<div class=\"entry-content post-excerpt\">Etiam pretium leo eget semper elementum. Nam scelerisque, nisi id blandit malesuada, lorem eros posuere nisi, id venenatis dolor ex...<\/div>\t\t\n\t\t\t<div class=\"entry-meta post-meta meta-font\"><div class=\"post-meta-wrap\"><div class=\"comment-count\"><i class=\"fa fa-comment\" aria-hidden=\"true\"><\/i><span>0<\/span><\/div><div class=\"view-count\"><i class=\"fa fa-eye\" aria-hidden=\"true\"><\/i><span>1.3K<\/span><\/div><div class=\"like-count\"><i class=\"fa fa-thumbs-up\" aria-hidden=\"true\"><\/i><span class=\"like-count\" data-id=\"1298\">608<\/span><\/div><div class=\"dislike-count\"><i class=\"fa fa-thumbs-down\" aria-hidden=\"true\"><\/i><span class=\"dislike-count\" data-id=\"1298\">0<\/span><\/div><\/div><\/div>\t\t\n\t\t\n\t\t<\/div>\n\t\t\n\t<\/div>\n<\/article><article class=\"post-item site__col post-1344 post type-post status-publish format-video has-post-thumbnail hentry category-fashion tag-health tag-multiplayer tag-self-hosted-video tag-twitch tag-video tag-video-wordpress-theme post_format-post-format-video\">\n\t<div class=\"post-item-wrap\">\n\t\n\t\t<div class=\"blog-pic\">\n\t\t\t\t\t\t\t\t<div class=\"blog-pic-wrap\"><a data-post-id=\"1344\" href=\"https:\/\/moz.life\/mozstudio\/volez-voguez-voyagez-louis-vuitton-exhibition-in-new-york-city\/\" title=\"&#8220;Volez, Voguez, Voyagez &#8211; Louis Vuitton&#8221; Exhibition in New York City\" class=\"blog-img\"><img decoding=\"async\" class=\"blog-picture ul-normal-effect\" src=\"https:\/\/moz.life\/mozstudio\/wp-content\/uploads\/2020\/04\/472015867874910-360x203.jpg\" srcset=\"https:\/\/moz.life\/mozstudio\/wp-content\/uploads\/2020\/04\/472015867874910-360x203.jpg 360w, https:\/\/moz.life\/mozstudio\/wp-content\/uploads\/2020\/04\/472015867874910-416x234.jpg 416w, https:\/\/moz.life\/mozstudio\/wp-content\/uploads\/2020\/04\/472015867874910-300x169.jpg 300w, https:\/\/moz.life\/mozstudio\/wp-content\/uploads\/2020\/04\/472015867874910-768x432.jpg 768w, https:\/\/moz.life\/mozstudio\/wp-content\/uploads\/2020\/04\/472015867874910-1024x576.jpg 1024w, https:\/\/moz.life\/mozstudio\/wp-content\/uploads\/2020\/04\/472015867874910-236x133.jpg 236w, https:\/\/moz.life\/mozstudio\/wp-content\/uploads\/2020\/04\/472015867874910-750x422.jpg 750w, https:\/\/moz.life\/mozstudio\/wp-content\/uploads\/2020\/04\/472015867874910-1500x844.jpg 1500w, https:\/\/moz.life\/mozstudio\/wp-content\/uploads\/2020\/04\/472015867874910.jpg 1920w\" sizes=\"(max-width: 360px) 100vw, 360px\" alt=\"472015867874910\"\/><span class=\"ul-placeholder-bg class-16x9\"><\/span><div class=\"preview-video preview-video-control\" data-iframepreview=\"https:\/\/moz.life\/mozstudio\/volez-voguez-voyagez-louis-vuitton-exhibition-in-new-york-city\/?video_embed=1344&#038;preview_mode=1\"><\/div><\/a><span class=\"video-icon video-popup-control\" data-id=\"1344\"><\/span><span \n\t\t\t\t\t\t\t\t\t\t\t\tclass=\"watch-later-icon watch-later-control\" \n\t\t\t\t\t\t\t\t\t\t\t\tdata-id=\"1344\" \n\t\t\t\t\t\t\t\t\t\t\t\tdata-img-src=\"https:\/\/moz.life\/mozstudio\/wp-content\/uploads\/2020\/04\/472015867874910-150x150.jpg\" \n\t\t\t\t\t\t\t\t\t\t\t\tdata-hyperlink=\"https:\/\/moz.life\/mozstudio\/volez-voguez-voyagez-louis-vuitton-exhibition-in-new-york-city\/\" \n\t\t\t\t\t\t\t\t\t\t\t\tdata-title=\"&#8220;Volez, Voguez, Voyagez &#8211; Louis Vuitton&#8221; Exhibition in New York City\"\n\t\t\t\t\t\t\t\t\t\t\t>\n\t\t\t\t\t\t\t\t\t\t\t\t<i class=\"fa fa-clock-o\" aria-hidden=\"true\"><\/i><span class=\"watch-text font-size-12\">Watch Later<\/span><span class=\"watch-remove-text font-size-12\">Added<\/span>\n\t\t\t\t\t\t\t\t\t\t\t<\/span><span class=\"duration-text font-size-12 meta-font\">00:30<\/span>\t<\/div>\n\t\t\t\t\t\t\t<\/div>\t\t\n\t\t<div class=\"listing-content\">\n\t\t\t\n\t\t\t<div class=\"categories-elm meta-font\"><div class=\"categories-wrap\"><a data-cat-id=\"cat_2\" href=\"https:\/\/moz.life\/mozstudio\/category\/fashion\/\" title=\"FASHION\" class=\"category-item m-font-size-10\">FASHION<\/a><\/div><\/div>\t\t\t\n\t\t\t<h3 class=\"entry-title h3 post-title\"> \n\t\t\t\t<a href=\"https:\/\/moz.life\/mozstudio\/volez-voguez-voyagez-louis-vuitton-exhibition-in-new-york-city\/\" title=\"&#8220;Volez, Voguez, Voyagez &#8211; Louis Vuitton&#8221; Exhibition in New York City\">&#8220;Volez, Voguez, Voyagez &#8211; Louis Vuitton&#8221; Exhibition in New York City<\/a> \n\t\t\t<\/h3>\t\n\t\t\t\n\t\t\t<div class=\"entry-meta post-meta meta-font\"><div class=\"post-meta-wrap\"><div class=\"author vcard\"><i class=\"fa fa-user-circle\" aria-hidden=\"true\"><\/i><a href=\"https:\/\/moz.life\/mozstudio\/author\/mozstudio\/\">FeelcomTV<\/a><\/div><div class=\"date-time\"><i class=\"fa fa-calendar\" aria-hidden=\"true\"><\/i><span><time class=\"entry-date published updated\" datetime=\"2017-11-11T23:11:04+01:00\">11\/11\/2017<\/time><\/span><\/div><\/div><\/div>\t\n\t\t\n\t\t\t<div class=\"entry-content post-excerpt\">Phasellus et tellus condimentum, venenatis ante at, cursus quam. Interdum et malesuada fames ac ante ipsum primis in faucibus volutp...<\/div>\t\t\n\t\t\t<div class=\"entry-meta post-meta meta-font\"><div class=\"post-meta-wrap\"><div class=\"comment-count\"><i class=\"fa fa-comment\" aria-hidden=\"true\"><\/i><span>0<\/span><\/div><div class=\"view-count\"><i class=\"fa fa-eye\" aria-hidden=\"true\"><\/i><span>4.5K<\/span><\/div><div class=\"like-count\"><i class=\"fa fa-thumbs-up\" aria-hidden=\"true\"><\/i><span class=\"like-count\" data-id=\"1344\">151<\/span><\/div><div class=\"dislike-count\"><i class=\"fa fa-thumbs-down\" aria-hidden=\"true\"><\/i><span class=\"dislike-count\" data-id=\"1344\">0<\/span><\/div><\/div><\/div>\t\t\n\t\t\n\t\t<\/div>\n\t\t\n\t<\/div>\n<\/article><article class=\"post-item site__col post-5028 post type-post status-publish format-video has-post-thumbnail hentry category-conversa-com tag-conversa-com-regina tag-rapidinha-com-zav tag-vaniny-alvez post_format-post-format-video\">\n\t<div class=\"post-item-wrap\">\n\t\n\t\t<div class=\"blog-pic\">\n\t\t\t\t\t\t\t\t<div class=\"blog-pic-wrap\"><a data-post-id=\"5028\" href=\"https:\/\/moz.life\/mozstudio\/teaser-conversa-com-vaniny-alvez\/\" title=\"\u201cTeaser\u201d Conversa com Vaniny Alvez\" class=\"blog-img\"><img decoding=\"async\" class=\"blog-picture ul-normal-effect\" src=\"https:\/\/moz.life\/mozstudio\/wp-content\/uploads\/2020\/05\/maxresdefault-360x203.jpg\" srcset=\"https:\/\/moz.life\/mozstudio\/wp-content\/uploads\/2020\/05\/maxresdefault-360x203.jpg 360w, https:\/\/moz.life\/mozstudio\/wp-content\/uploads\/2020\/05\/maxresdefault-416x234.jpg 416w, https:\/\/moz.life\/mozstudio\/wp-content\/uploads\/2020\/05\/maxresdefault-300x169.jpg 300w, https:\/\/moz.life\/mozstudio\/wp-content\/uploads\/2020\/05\/maxresdefault-1024x576.jpg 1024w, https:\/\/moz.life\/mozstudio\/wp-content\/uploads\/2020\/05\/maxresdefault-768x432.jpg 768w, https:\/\/moz.life\/mozstudio\/wp-content\/uploads\/2020\/05\/maxresdefault-236x133.jpg 236w, https:\/\/moz.life\/mozstudio\/wp-content\/uploads\/2020\/05\/maxresdefault-750x422.jpg 750w, https:\/\/moz.life\/mozstudio\/wp-content\/uploads\/2020\/05\/maxresdefault.jpg 1280w\" sizes=\"(max-width: 360px) 100vw, 360px\" alt=\"maxresdefault\"\/><span class=\"ul-placeholder-bg class-16x9\"><\/span><div class=\"preview-video preview-video-control\" data-iframepreview=\"https:\/\/moz.life\/mozstudio\/teaser-conversa-com-vaniny-alvez\/?video_embed=5028&#038;preview_mode=1\"><\/div><\/a><span class=\"video-icon video-popup-control\" data-id=\"5028\"><\/span><span \n\t\t\t\t\t\t\t\t\t\t\t\tclass=\"watch-later-icon watch-later-control\" \n\t\t\t\t\t\t\t\t\t\t\t\tdata-id=\"5028\" \n\t\t\t\t\t\t\t\t\t\t\t\tdata-img-src=\"https:\/\/moz.life\/mozstudio\/wp-content\/uploads\/2020\/05\/maxresdefault-150x150.jpg\" \n\t\t\t\t\t\t\t\t\t\t\t\tdata-hyperlink=\"https:\/\/moz.life\/mozstudio\/teaser-conversa-com-vaniny-alvez\/\" \n\t\t\t\t\t\t\t\t\t\t\t\tdata-title=\"\u201cTeaser\u201d Conversa com Vaniny Alvez\"\n\t\t\t\t\t\t\t\t\t\t\t>\n\t\t\t\t\t\t\t\t\t\t\t\t<i class=\"fa fa-clock-o\" aria-hidden=\"true\"><\/i><span class=\"watch-text font-size-12\">Watch Later<\/span><span class=\"watch-remove-text font-size-12\">Added<\/span>\n\t\t\t\t\t\t\t\t\t\t\t<\/span><span class=\"duration-text font-size-12 meta-font\"><\/span>\t<\/div>\n\t\t\t\t\t\t\t<\/div>\t\t\n\t\t<div class=\"listing-content\">\n\t\t\t\n\t\t\t<div class=\"categories-elm meta-font\"><div class=\"categories-wrap\"><a data-cat-id=\"cat_139\" href=\"https:\/\/moz.life\/mozstudio\/category\/conversa-com\/\" title=\"CONVERSA COM\" class=\"category-item m-font-size-10\">CONVERSA COM<\/a><\/div><\/div>\t\t\t\n\t\t\t<h3 class=\"entry-title h3 post-title\"> \n\t\t\t\t<a href=\"https:\/\/moz.life\/mozstudio\/teaser-conversa-com-vaniny-alvez\/\" title=\"\u201cTeaser\u201d Conversa com Vaniny Alvez\">\u201cTeaser\u201d Conversa com Vaniny Alvez<\/a> \n\t\t\t<\/h3>\t\n\t\t\t\n\t\t\t<div class=\"entry-meta post-meta meta-font\"><div class=\"post-meta-wrap\"><div class=\"author vcard\"><i class=\"fa fa-user-circle\" aria-hidden=\"true\"><\/i><a href=\"https:\/\/moz.life\/mozstudio\/author\/mozstudio\/\">FeelcomTV<\/a><\/div><div class=\"date-time\"><i class=\"fa fa-calendar\" aria-hidden=\"true\"><\/i><span><time class=\"entry-date published\" datetime=\"2020-05-05T16:33:33+02:00\">05\/05\/2020<\/time> <span class=\"updated\"><\/span><time class=\"updated\" datetime=\"2020-05-05T16:34:24+02:00\">05\/05\/2020<\/time><\/span><\/div><\/div><\/div>\t\n\t\t\n\t\t\t<div class=\"entry-content post-excerpt\">De origem brasileira, mo\u00e7ambicana de cora\u00e7\u00e3o, desde pequena foi apaixonada pela m\u00fasica.<\/div>\t\t\n\t\t\t<div class=\"entry-meta post-meta meta-font\"><div class=\"post-meta-wrap\"><div class=\"comment-count\"><i class=\"fa fa-comment\" aria-hidden=\"true\"><\/i><span>0<\/span><\/div><div class=\"view-count\"><i class=\"fa fa-eye\" aria-hidden=\"true\"><\/i><span>18.4K<\/span><\/div><div class=\"like-count\"><i class=\"fa fa-thumbs-up\" aria-hidden=\"true\"><\/i><span class=\"like-count\" data-id=\"5028\">5.1K<\/span><\/div><div class=\"dislike-count\"><i class=\"fa fa-thumbs-down\" aria-hidden=\"true\"><\/i><span class=\"dislike-count\" data-id=\"5028\">4<\/span><\/div><\/div><\/div>\t\t\n\t\t\n\t\t<\/div>\n\t\t\n\t<\/div>\n<\/article><article class=\"post-item site__col post-1147 post type-post status-publish format-video has-post-thumbnail hentry category-movie tag-livestream tag-together post_format-post-format-video\">\n\t<div class=\"post-item-wrap\">\n\t\n\t\t<div class=\"blog-pic\">\n\t\t\t\t\t\t\t\t<div class=\"blog-pic-wrap\"><a data-post-id=\"1147\" href=\"https:\/\/moz.life\/mozstudio\/togetherathome-chris-martin\/\" title=\"#TogetherAtHome Chris Martin\" class=\"blog-img\"><img decoding=\"async\" class=\"blog-picture ul-normal-effect\" src=\"https:\/\/moz.life\/mozstudio\/wp-content\/uploads\/2017\/11\/Chris_Martin_2017_in_Hamburg-360x203.jpg\" srcset=\"https:\/\/moz.life\/mozstudio\/wp-content\/uploads\/2017\/11\/Chris_Martin_2017_in_Hamburg-360x203.jpg 360w, https:\/\/moz.life\/mozstudio\/wp-content\/uploads\/2017\/11\/Chris_Martin_2017_in_Hamburg-236x133.jpg 236w, https:\/\/moz.life\/mozstudio\/wp-content\/uploads\/2017\/11\/Chris_Martin_2017_in_Hamburg-750x422.jpg 750w, https:\/\/moz.life\/mozstudio\/wp-content\/uploads\/2017\/11\/Chris_Martin_2017_in_Hamburg-1500x844.jpg 1500w\" sizes=\"(max-width: 360px) 100vw, 360px\" alt=\"Chris_Martin_2017_in_Hamburg\"\/><span class=\"ul-placeholder-bg class-16x9\"><\/span><div class=\"preview-video preview-video-control\" data-iframepreview=\"https:\/\/moz.life\/mozstudio\/togetherathome-chris-martin\/?video_embed=1147&#038;preview_mode=1\"><\/div><\/a><span class=\"video-icon video-popup-control\" data-id=\"1147\"><\/span><span \n\t\t\t\t\t\t\t\t\t\t\t\tclass=\"watch-later-icon watch-later-control\" \n\t\t\t\t\t\t\t\t\t\t\t\tdata-id=\"1147\" \n\t\t\t\t\t\t\t\t\t\t\t\tdata-img-src=\"https:\/\/moz.life\/mozstudio\/wp-content\/uploads\/2017\/11\/Chris_Martin_2017_in_Hamburg-150x150.jpg\" \n\t\t\t\t\t\t\t\t\t\t\t\tdata-hyperlink=\"https:\/\/moz.life\/mozstudio\/togetherathome-chris-martin\/\" \n\t\t\t\t\t\t\t\t\t\t\t\tdata-title=\"#TogetherAtHome Chris Martin\"\n\t\t\t\t\t\t\t\t\t\t\t>\n\t\t\t\t\t\t\t\t\t\t\t\t<i class=\"fa fa-clock-o\" aria-hidden=\"true\"><\/i><span class=\"watch-text font-size-12\">Watch Later<\/span><span class=\"watch-remove-text font-size-12\">Added<\/span>\n\t\t\t\t\t\t\t\t\t\t\t<\/span><span class=\"duration-text font-size-12 meta-font\">00:56<\/span>\t<\/div>\n\t\t\t\t\t\t\t<\/div>\t\t\n\t\t<div class=\"listing-content\">\n\t\t\t\n\t\t\t<div class=\"categories-elm meta-font\"><div class=\"categories-wrap\"><a data-cat-id=\"cat_4\" href=\"https:\/\/moz.life\/mozstudio\/category\/movie\/\" title=\"MOVIE\" class=\"category-item m-font-size-10\">MOVIE<\/a><\/div><\/div>\t\t\t\n\t\t\t<h3 class=\"entry-title h3 post-title\"> \n\t\t\t\t<a href=\"https:\/\/moz.life\/mozstudio\/togetherathome-chris-martin\/\" title=\"#TogetherAtHome Chris Martin\">#TogetherAtHome Chris Martin<\/a> \n\t\t\t<\/h3>\t\n\t\t\t\n\t\t\t<div class=\"entry-meta post-meta meta-font\"><div class=\"post-meta-wrap\"><div class=\"author vcard\"><i class=\"fa fa-user-circle\" aria-hidden=\"true\"><\/i><a href=\"https:\/\/moz.life\/mozstudio\/author\/mozstudio\/\">FeelcomTV<\/a><\/div><div class=\"date-time\"><i class=\"fa fa-calendar\" aria-hidden=\"true\"><\/i><span><time class=\"entry-date published\" datetime=\"2017-11-25T05:04:07+01:00\">25\/11\/2017<\/time> <span class=\"updated\"><\/span><time class=\"updated\" datetime=\"2020-04-23T14:55:24+02:00\">23\/04\/2020<\/time><\/span><\/div><\/div><\/div>\t\n\t\t\n\t\t\t<div class=\"entry-content post-excerpt\">Chris played a mini gig at home earlier today (16 March 2020).<\/div>\t\t\n\t\t\t<div class=\"entry-meta post-meta meta-font\"><div class=\"post-meta-wrap\"><div class=\"comment-count\"><i class=\"fa fa-comment\" aria-hidden=\"true\"><\/i><span>0<\/span><\/div><div class=\"view-count\"><i class=\"fa fa-eye\" aria-hidden=\"true\"><\/i><span>8K<\/span><\/div><div class=\"like-count\"><i class=\"fa fa-thumbs-up\" aria-hidden=\"true\"><\/i><span class=\"like-count\" data-id=\"1147\">319<\/span><\/div><div class=\"dislike-count\"><i class=\"fa fa-thumbs-down\" aria-hidden=\"true\"><\/i><span class=\"dislike-count\" data-id=\"1147\">0<\/span><\/div><\/div><\/div>\t\t\n\t\t\n\t\t<\/div>\n\t\t\n\t<\/div>\n<\/article>\t\n\t\t\t\t\t\t\t\t\t<\/div>\t\n\t\t\t\t\t\t\t\t<\/div>\n\t\t\t\t\t\t\t\n\t\t\t\t\t\t\n\t\t\t\t\t\t\t<\/div>\t\n\t\t\t\t\t\t\t<div class=\"bl-page-prev-next bl-page-prev-next-control active-item\">\n\t\t\t\t\t\t\t\t<span class=\"next-prev-action disabled-query\" data-action=\"prev\"><i class=\"fa fa-angle-left\" aria-hidden=\"true\"><\/i><\/span>\n\t\t\t\t\t\t\t\t<span class=\"next-prev-action\" data-action=\"next\"><i class=\"fa fa-angle-right\" aria-hidden=\"true\"><\/i><\/span>\n\t\t\t\t\t\t\t<\/div>\t\t\t\t\t\n\t\t\t\t\t\t<\/div>\n\t\t\t\t\t\t\t\t\t<script>if(typeof(vidorev_builder_control)!==\"undefined\" && vidorev_builder_control!==null){vidorev_builder_control.filter_tab_responsive();}<\/script>\t\t\t\t<\/div>\n\t\t\t\t<\/div>\n\t\t\t\t\t<\/div>\n\t\t<\/div>\n\t\t\t\t<div class=\"elementor-column elementor-col-16 elementor-top-column elementor-element elementor-element-2e68913\" data-id=\"2e68913\" data-element_type=\"column\" data-e-type=\"column\">\n\t\t\t<div class=\"elementor-widget-wrap\">\n\t\t\t\t\t\t\t<\/div>\n\t\t<\/div>\n\t\t\t\t\t<\/div>\n\t\t<\/section>\n\t\t\t\t<\/div>\n\t\t","protected":false},"excerpt":{"rendered":"<p>GRID DEFAULT \u2013 2 COLUMNS AllTRAVELMUSICMOVIESPORTTECHNOLOGYFASHIONGAME NEWS \u2018A sack of regrets waiting to happen\u2019 \u2013 how to avoid a Christmas party nightmare NICOLASOctober 26, 2017April 17, 2018 Etiam pretium leo eget semper elementum. Nam scelerisque, nisi id blandit malesuada, lorem eros posuere nisi, id venenatis dolor ex&#8230; 0200 Watch LaterAdded 00:30 FASHION &#8220;Volez, Voguez, Voyagez &#8211; Louis Vuitton&#8221; Exhibition in New York City NICOLASNovember 11, 2017April 17, 2018 Phasellus et tellus condimentum, venenatis ante at, cursus quam. Interdum et malesuada fames ac ante ipsum primis in faucibus volutp&#8230; 010.8K15619 Watch LaterAdded 03:41 MUSIC 10 Cruel Ways to Troll Rude Guitar Center Employees NICOLASDecember 17, 2017April 17, 2018 Curabitur pretium nunc vitae tincidunt ornare. Vestibulum tempor dignissim eros, in ornare dui. Sed at imperdiet quam. Nullam volutp&#8230; 0200.4K4K231 Watch LaterAdded 03:48 SPORT 10 OF THE BEST: Goals against Manchester United NICOLASNovember 13, 2017April 17, 2018 Sed nulla eros, maximus quis rutrum et, vehicula et urna. Nulla ligula massa, iaculis id ex tincidunt, elementum malesuada tellus am&#8230; 044.2K1.4K23<\/p>\n","protected":false},"author":1,"featured_media":0,"parent":0,"menu_order":0,"comment_status":"closed","ping_status":"closed","template":"page-templates\/front-page-template.php","meta":{"footnotes":""},"class_list":["post-2570","page","type-page","status-publish","hentry"],"cmb2":{"page_slider_settings":{"display_slider_group":"","page_slider_group":""},"blog_page_settings":{"blog_page_title":"","blog_page_heading":"","blog_page_advance_search":"","blog_page_ic":"","blog_page_it":"","blog_page_ec":"","blog_page_ip":"","blog_page_advance_search_id":"","archive_loop_style":"grid-default","blog_image_ratio":"","blog_show_categories":"on","blog_show_excerpt":"on","blog_show_author":"on","blog_show_date":"on","blog_show_comment_count":"on","blog_show_view_count":"on","blog_show_like_count":"on","blog_show_dislike_count":"on","blog_items_per_page":"10","blog_pag_type":"wp-default"},"page_options":{"get_page_template":"","color_mode":"","main_layout":"","main_layout_full_with":"","main_logo":"","main_logo_id":"","main_logo_retina":"","main_logo_retina_id":"","main_logo_mobile":"","main_logo_mobile_id":"","main_logo_mobile_retina":"","main_logo_mobile_retina_id":"","sticky_logo":"","sticky_logo_id":"","sticky_logo_retina":"","sticky_logo_retina_id":"","main_nav_layout":"","ajax_search":"","header_background":"","theme_sidebar":"hidden","instagram_feed":"","instagram_feed_position":"header","popular_videos":"off","popular_videos_title_1":"","popular_videos_title_2":"","popular_videos_ic":"","popular_videos_it":"","theme_background":"","page_custom_css":""}},"_links":{"self":[{"href":"https:\/\/moz.life\/mozstudio\/wp-json\/wp\/v2\/pages\/2570","targetHints":{"allow":["GET"]}}],"collection":[{"href":"https:\/\/moz.life\/mozstudio\/wp-json\/wp\/v2\/pages"}],"about":[{"href":"https:\/\/moz.life\/mozstudio\/wp-json\/wp\/v2\/types\/page"}],"author":[{"embeddable":true,"href":"https:\/\/moz.life\/mozstudio\/wp-json\/wp\/v2\/users\/1"}],"replies":[{"embeddable":true,"href":"https:\/\/moz.life\/mozstudio\/wp-json\/wp\/v2\/comments?post=2570"}],"version-history":[{"count":0,"href":"https:\/\/moz.life\/mozstudio\/wp-json\/wp\/v2\/pages\/2570\/revisions"}],"wp:attachment":[{"href":"https:\/\/moz.life\/mozstudio\/wp-json\/wp\/v2\/media?parent=2570"}],"curies":[{"name":"wp","href":"https:\/\/api.w.org\/{rel}","templated":true}]}}