{"id":2557,"date":"2018-03-23T06:26:19","date_gmt":"2018-03-23T06:26:19","guid":{"rendered":"http:\/\/192.168.1.99\/WordpressDevelop\/videoplus-config\/?page_id=2557"},"modified":"2018-03-23T06:26:19","modified_gmt":"2018-03-23T06:26:19","slug":"special-large","status":"publish","type":"page","link":"https:\/\/moz.life\/mozstudio\/special-large\/","title":{"rendered":"SPECIAL &#8211; LARGE"},"content":{"rendered":"\t\t<div data-elementor-type=\"wp-post\" data-elementor-id=\"2557\" class=\"elementor elementor-2557 elementor-bc-flex-widget\" data-elementor-post-type=\"page\">\n\t\t\t\t\t\t<section class=\"elementor-section elementor-top-section elementor-element elementor-element-022b58e elementor-section-boxed elementor-section-height-default elementor-section-height-default wpr-particle-no wpr-jarallax-no wpr-parallax-no wpr-sticky-section-no\" data-id=\"022b58e\" data-element_type=\"section\" data-e-type=\"section\">\n\t\t\t\t\t\t<div class=\"elementor-container elementor-column-gap-no\">\n\t\t\t\t\t<div class=\"elementor-column elementor-col-100 elementor-top-column elementor-element elementor-element-2c46e4c\" data-id=\"2c46e4c\" data-element_type=\"column\" data-e-type=\"column\">\n\t\t\t<div class=\"elementor-widget-wrap elementor-element-populated\">\n\t\t\t\t\t\t<div class=\"elementor-element elementor-element-b918dc1 elementor-widget elementor-widget-vidorev_block_addon\" data-id=\"b918dc1\" data-element_type=\"widget\" data-e-type=\"widget\" data-widget_type=\"vidorev_block_addon.default\">\n\t\t\t\t<div class=\"elementor-widget-container\">\n\t\t\t\t\t\t\t\t\t\t\t<div class=\"sc-blocks-container sc-blocks-container-control block-sp-1 fw-c-fix-cls\" data-id=\"vp_56407\">\n\t\t\t\t\t\t\n\t\t\t\t\t\t\t\t\t\t\t\t\t\t\t<div class=\"filter-container filter-container-control\">\n\t\t\t\t\t\t\t\t\t<div class=\"filter-wrapper\">\n\t\t\t\t\t\t\t\t\t\t\t\t\t\t\t\t\t\t\t\t\t<div class=\"block-title block-title-control\"><h2 class=\"extra-bold h5\">BLOCK SPECIAL - LARGE<\/h2><\/div>\n\t\t\t\t\t\t\t\t\t\t\t\t\t\t\t\t\t\t\t\t\n\t\t\t\t\t\t\t\t\t\t\t\t\t\t\t\t\t\t\t\t\t<div class=\"filter-items filter-items-control navigation-font nav-font-size-12\">\n\t\t\t\t\t\t\t\t\t\t\t\t<div class=\"filter-items-wrapper filter-items-wrapper-control\">\n\t\t\t\t\t\t\t\t\t\t\t\t\t<span class=\"filter-item filter-action-control active-item\" data-taxonomy=\"all\" data-id=\"0\">All<\/span><span class=\"filter-item filter-action-control\" data-taxonomy=\"category\" data-id=\"9\">TRAVEL<\/span><span class=\"filter-item filter-action-control\" data-taxonomy=\"category\" data-id=\"5\">MUSIC<\/span><span class=\"filter-item filter-action-control\" data-taxonomy=\"category\" data-id=\"4\">MOVIE<\/span><span class=\"filter-item filter-action-control\" data-taxonomy=\"category\" data-id=\"7\">SPORT<\/span><span class=\"filter-item filter-action-control\" data-taxonomy=\"category\" data-id=\"8\">TECHNOLOGY<\/span><span class=\"filter-item filter-action-control\" data-taxonomy=\"category\" data-id=\"2\">FASHION<\/span><span class=\"filter-item filter-action-control\" data-taxonomy=\"post_tag\" data-id=\"111\">fashion<\/span><span class=\"filter-item filter-action-control\" data-taxonomy=\"category\" data-id=\"3\">GAME<\/span>\t\t\t\t\t\t\t\t\t\t\t\t<\/div>\n\t\t\t\t\t\t\t\t\t\t\t<\/div>\n\t\t\t\t\t\t\t\t\t\t\t\t\t\t\t\t\t\t\t<\/div>\n\t\t\t\t\t\t\t\t<\/div>\n\t\t\t\t\t\t\t\n\t\t\t\t\t\t\t\t\t\t\t\t\t\t\n\t\t\t\t\t\t\t<div class=\"block-filter block-filter-control\">\n\t\t\t\t\t\t\t\t<div class=\"ajax-loading\">\n\t\t\t\t\t\t\t\t\t<div class=\"la-ball-triangle-path\">\n\t\t\t\t\t\t\t\t\t\t<div><\/div>\n\t\t\t\t\t\t\t\t\t\t<div><\/div>\n\t\t\t\t\t\t\t\t\t\t<div><\/div>\n\t\t\t\t\t\t\t\t\t<\/div>\n\t\t\t\t\t\t\t\t<\/div>\t\t\t\t\t\t\t\t\n\n\t\t\t\t\t\t\n\t\t\t\t\t\t\n\t\t\t\t\t\t\t\t<div class=\"blog-wrapper global-blog-wrapper blog-wrapper-control active-item current-paged\" data-item=\"0\" data-paged=\"1\" data-end=\"no\">\n\t\t\t\t\t\t\t\t\t<div class=\"blog-items blog-items-control site__row \">\n\t\t\t\t\t\t\t\t\t\t\t<div class=\"block-big-items\">\n\t\t<article class=\"post-item site__col post-5159 post type-post status-publish format-video has-post-thumbnail hentry category-non-classe post_format-post-format-video\">\n\t\t\t<div class=\"post-item-wrap\">\n\t\t\t\t\n\t\t\t\t<div class=\"blog-pic\">\n\t\t\t\t\t<div class=\"blog-pic-wrap\">\n\t\t\t\t\t\t<a data-post-id=\"5159\" href=\"https:\/\/moz.life\/mozstudio\/as-maiores-pandemias-da-historia\/\" title=\"AS MAIORES PANDEMIAS DA HIST\u00d3RIA\" class=\"blog-img\"><img decoding=\"async\" class=\"blog-picture ul-normal-effect\" src=\"https:\/\/moz.life\/mozstudio\/wp-content\/uploads\/2020\/06\/COVID0019.jpg\" srcset=\"https:\/\/moz.life\/mozstudio\/wp-content\/uploads\/2020\/06\/COVID0019.jpg 626w, https:\/\/moz.life\/mozstudio\/wp-content\/uploads\/2020\/06\/COVID0019-324x324.jpg 324w, https:\/\/moz.life\/mozstudio\/wp-content\/uploads\/2020\/06\/COVID0019-100x100.jpg 100w, https:\/\/moz.life\/mozstudio\/wp-content\/uploads\/2020\/06\/COVID0019-416x416.jpg 416w, https:\/\/moz.life\/mozstudio\/wp-content\/uploads\/2020\/06\/COVID0019-300x300.jpg 300w, https:\/\/moz.life\/mozstudio\/wp-content\/uploads\/2020\/06\/COVID0019-150x150.jpg 150w, https:\/\/moz.life\/mozstudio\/wp-content\/uploads\/2020\/06\/COVID0019-60x60.jpg 60w, https:\/\/moz.life\/mozstudio\/wp-content\/uploads\/2020\/06\/COVID0019-200x200.jpg 200w, https:\/\/moz.life\/mozstudio\/wp-content\/uploads\/2020\/06\/COVID0019-268x268.jpg 268w\" sizes=\"(max-width: 626px) 100vw, 626px\" alt=\"COVID0019\"\/><span class=\"ul-placeholder-bg class-4x3\"><\/span><div class=\"preview-video preview-video-control\" data-iframepreview=\"https:\/\/moz.life\/mozstudio\/as-maiores-pandemias-da-historia\/?video_embed=5159&#038;preview_mode=1\"><\/div><\/a><span class=\"video-icon video-popup-control\" data-id=\"5159\"><\/span><span \n\t\t\t\t\t\t\t\t\t\t\t\tclass=\"watch-later-icon watch-later-control\" \n\t\t\t\t\t\t\t\t\t\t\t\tdata-id=\"5159\" \n\t\t\t\t\t\t\t\t\t\t\t\tdata-img-src=\"https:\/\/moz.life\/mozstudio\/wp-content\/uploads\/2020\/06\/COVID0019-150x150.jpg\" \n\t\t\t\t\t\t\t\t\t\t\t\tdata-hyperlink=\"https:\/\/moz.life\/mozstudio\/as-maiores-pandemias-da-historia\/\" \n\t\t\t\t\t\t\t\t\t\t\t\tdata-title=\"AS MAIORES PANDEMIAS DA HIST\u00d3RIA\"\n\t\t\t\t\t\t\t\t\t\t\t>\n\t\t\t\t\t\t\t\t\t\t\t\t<i class=\"fa fa-clock-o\" aria-hidden=\"true\"><\/i><span class=\"watch-text font-size-12\">Watch Later<\/span><span class=\"watch-remove-text font-size-12\">Added<\/span>\n\t\t\t\t\t\t\t\t\t\t\t<\/span><span class=\"duration-text font-size-12 meta-font\"><\/span>\t\t\t\t\t<\/div>\n\t\t\t\t<\/div>\n\t\t\t\t\n\t\t\t\t<div class=\"absolute-gradient\"><\/div>\n\t\t\t\t\n\t\t\t\t<div class=\"listing-content dark-background overlay-background\">\n\t\t\t\t\n\t\t\t\t\t<div class=\"categories-elm meta-font\"><div class=\"categories-wrap\"><a data-cat-id=\"cat_1\" href=\"https:\/\/moz.life\/mozstudio\/category\/non-classe\/\" title=\"Non class\u00e9\" class=\"category-item m-font-size-10\">Non class\u00e9<\/a><\/div><\/div>\t\t\t\t\t\n\t\t\t\t\t<h3 class=\"entry-title post-title h2 h5-mobile\"> \n\t\t\t\t\t\t<a href=\"https:\/\/moz.life\/mozstudio\/as-maiores-pandemias-da-historia\/\" title=\"AS MAIORES PANDEMIAS DA HIST\u00d3RIA\">AS MAIORES PANDEMIAS DA HIST\u00d3RIA<\/a> \n\t\t\t\t\t<\/h3>\t\t\t\n\t\t\t\t\n\t\t\t\t\t<div class=\"entry-meta post-meta meta-font\"><div class=\"post-meta-wrap\"><div class=\"author vcard\"><i class=\"fa fa-user-circle\" aria-hidden=\"true\"><\/i><a href=\"https:\/\/moz.life\/mozstudio\/author\/mozstudio\/\">FeelcomTV<\/a><\/div><div class=\"date-time\"><i class=\"fa fa-calendar\" aria-hidden=\"true\"><\/i><span><time class=\"entry-date published\" datetime=\"2020-06-15T15:08:10+02:00\">15\/06\/2020<\/time> <span class=\"updated\"><\/span><time class=\"updated\" datetime=\"2020-06-15T15:11:05+02:00\">15\/06\/2020<\/time><\/span><\/div><div class=\"comment-count\"><i class=\"fa fa-comment\" aria-hidden=\"true\"><\/i><span>0<\/span><\/div><div class=\"view-count\"><i class=\"fa fa-eye\" aria-hidden=\"true\"><\/i><span>544.7B<\/span><\/div><div class=\"like-count\"><i class=\"fa fa-thumbs-up\" aria-hidden=\"true\"><\/i><span class=\"like-count\" data-id=\"5159\">34.6M<\/span><\/div><div class=\"dislike-count\"><i class=\"fa fa-thumbs-down\" aria-hidden=\"true\"><\/i><span class=\"dislike-count\" data-id=\"5159\">0<\/span><\/div><\/div><\/div>\t\n\t\t\t\t\n\t\t\t\t<\/div>\n\t\t\t\n\t\t\t<\/div>\n\t\t<\/article>\n\t<\/div>\n        <div class=\"block-small-items\">\n    \t\t\t<article class=\"post-item\">\n\t\t\t\t<div class=\"post-item-wrap\">\n\t\t\t\t\n\t\t\t\t\t<div class=\"post-img\"><a data-post-id=\"5146\" href=\"https:\/\/moz.life\/mozstudio\/conheca-o-bmw-m5-sedan-2020-o-v8-de-tracao-integral\/\" title=\"Conhe\u00e7a o BMW M5 Sedan 2020: o V8 de tra\u00e7\u00e3o integral\" class=\"blog-img\"><img decoding=\"async\" class=\"blog-picture ul-normal-effect\" src=\"https:\/\/moz.life\/mozstudio\/wp-content\/uploads\/2020\/06\/bmw-100x100.jpg\" srcset=\"https:\/\/moz.life\/mozstudio\/wp-content\/uploads\/2020\/06\/bmw-100x100.jpg 100w, https:\/\/moz.life\/mozstudio\/wp-content\/uploads\/2020\/06\/bmw-324x324.jpg 324w, https:\/\/moz.life\/mozstudio\/wp-content\/uploads\/2020\/06\/bmw-150x150.jpg 150w, https:\/\/moz.life\/mozstudio\/wp-content\/uploads\/2020\/06\/bmw-60x60.jpg 60w, https:\/\/moz.life\/mozstudio\/wp-content\/uploads\/2020\/06\/bmw-200x200.jpg 200w, https:\/\/moz.life\/mozstudio\/wp-content\/uploads\/2020\/06\/bmw-268x268.jpg 268w\" sizes=\"(max-width: 100px) 100vw, 100px\" alt=\"bmw\"\/><span class=\"ul-placeholder-bg class-1x1\"><\/span><\/a><span class=\"duration-text font-size-12 meta-font\"><\/span><\/div>\n\t\t\t\t\t\n\t\t\t\t\t<div class=\"post-content\">\n\t\t\t\t\t\t\n\t\t\t\t\t\t<h3 class=\"entry-title h6 post-title\"> \n\t\t\t\t\t\t\t<a href=\"https:\/\/moz.life\/mozstudio\/conheca-o-bmw-m5-sedan-2020-o-v8-de-tracao-integral\/\" title=\"Conhe\u00e7a o BMW M5 Sedan 2020: o V8 de tra\u00e7\u00e3o integral\">Conhe\u00e7a o BMW M5 Sedan 2020: o V8 de tra\u00e7\u00e3o integral<\/a> \n\t\t\t\t\t\t<\/h3>\n\t\t\t\t\t\n\t\t\t\t\t\t<div class=\"entry-meta post-meta meta-font\"><div class=\"post-meta-wrap\"><div class=\"author vcard\"><i class=\"fa fa-user-circle\" aria-hidden=\"true\"><\/i><a href=\"https:\/\/moz.life\/mozstudio\/author\/mozstudio\/\">FeelcomTV<\/a><\/div><div class=\"date-time\"><i class=\"fa fa-calendar\" aria-hidden=\"true\"><\/i><span><time class=\"entry-date published\" datetime=\"2020-06-10T15:23:20+02:00\">10\/06\/2020<\/time> <span class=\"updated\"><\/span><time class=\"updated\" datetime=\"2020-06-10T15:23:21+02:00\">10\/06\/2020<\/time><\/span><\/div><\/div><\/div>\t\t\t\t\t\n\t\t\t\t\t<\/div>\n\t\t\t\t\t\n\t\t\t\t<\/div>\n\t\t\t<\/article>\n\n\t\t\t<article class=\"post-item\">\n\t\t\t\t<div class=\"post-item-wrap\">\n\t\t\t\t\n\t\t\t\t\t<div class=\"post-img\"><a data-post-id=\"5129\" href=\"https:\/\/moz.life\/mozstudio\/a-melhor-dieta-detox\/\" title=\"A MELHOR DIETA DETOX\" class=\"blog-img\"><img decoding=\"async\" class=\"blog-picture ul-normal-effect\" src=\"https:\/\/moz.life\/mozstudio\/wp-content\/uploads\/2020\/06\/DETOX011-100x100.jpg\" srcset=\"https:\/\/moz.life\/mozstudio\/wp-content\/uploads\/2020\/06\/DETOX011-100x100.jpg 100w, https:\/\/moz.life\/mozstudio\/wp-content\/uploads\/2020\/06\/DETOX011-324x324.jpg 324w, https:\/\/moz.life\/mozstudio\/wp-content\/uploads\/2020\/06\/DETOX011-150x150.jpg 150w, https:\/\/moz.life\/mozstudio\/wp-content\/uploads\/2020\/06\/DETOX011-60x60.jpg 60w, https:\/\/moz.life\/mozstudio\/wp-content\/uploads\/2020\/06\/DETOX011-200x200.jpg 200w, https:\/\/moz.life\/mozstudio\/wp-content\/uploads\/2020\/06\/DETOX011-268x268.jpg 268w\" sizes=\"(max-width: 100px) 100vw, 100px\" alt=\"DETOX011\"\/><span class=\"ul-placeholder-bg class-1x1\"><\/span><\/a><span class=\"duration-text font-size-12 meta-font\"><\/span><\/div>\n\t\t\t\t\t\n\t\t\t\t\t<div class=\"post-content\">\n\t\t\t\t\t\t\n\t\t\t\t\t\t<h3 class=\"entry-title h6 post-title\"> \n\t\t\t\t\t\t\t<a href=\"https:\/\/moz.life\/mozstudio\/a-melhor-dieta-detox\/\" title=\"A MELHOR DIETA DETOX\">A MELHOR DIETA DETOX<\/a> \n\t\t\t\t\t\t<\/h3>\n\t\t\t\t\t\n\t\t\t\t\t\t<div class=\"entry-meta post-meta meta-font\"><div class=\"post-meta-wrap\"><div class=\"author vcard\"><i class=\"fa fa-user-circle\" aria-hidden=\"true\"><\/i><a href=\"https:\/\/moz.life\/mozstudio\/author\/mozstudio\/\">FeelcomTV<\/a><\/div><div class=\"date-time\"><i class=\"fa fa-calendar\" aria-hidden=\"true\"><\/i><span><time class=\"entry-date published\" datetime=\"2020-06-04T18:44:42+02:00\">04\/06\/2020<\/time> <span class=\"updated\"><\/span><time class=\"updated\" datetime=\"2020-06-04T18:44:43+02:00\">04\/06\/2020<\/time><\/span><\/div><\/div><\/div>\t\t\t\t\t\n\t\t\t\t\t<\/div>\n\t\t\t\t\t\n\t\t\t\t<\/div>\n\t\t\t<\/article>\n\n\t\t\t<article class=\"post-item\">\n\t\t\t\t<div class=\"post-item-wrap\">\n\t\t\t\t\n\t\t\t\t\t<div class=\"post-img\"><a data-post-id=\"5152\" href=\"https:\/\/moz.life\/mozstudio\/jogadas-magicas-de-cristiano-ronaldo\/\" title=\"JOGADAS M\u00c1GICAS DE CRISTIANO RONALDO\" class=\"blog-img\"><img decoding=\"async\" class=\"blog-picture ul-normal-effect\" src=\"https:\/\/moz.life\/mozstudio\/wp-content\/uploads\/2020\/06\/cristiano-100x100.jpg\" srcset=\"https:\/\/moz.life\/mozstudio\/wp-content\/uploads\/2020\/06\/cristiano-100x100.jpg 100w, https:\/\/moz.life\/mozstudio\/wp-content\/uploads\/2020\/06\/cristiano-324x324.jpg 324w, https:\/\/moz.life\/mozstudio\/wp-content\/uploads\/2020\/06\/cristiano-150x150.jpg 150w, https:\/\/moz.life\/mozstudio\/wp-content\/uploads\/2020\/06\/cristiano-60x60.jpg 60w, https:\/\/moz.life\/mozstudio\/wp-content\/uploads\/2020\/06\/cristiano-200x200.jpg 200w, https:\/\/moz.life\/mozstudio\/wp-content\/uploads\/2020\/06\/cristiano-268x268.jpg 268w\" sizes=\"(max-width: 100px) 100vw, 100px\" alt=\"cristiano\"\/><span class=\"ul-placeholder-bg class-1x1\"><\/span><\/a><span class=\"duration-text font-size-12 meta-font\"><\/span><\/div>\n\t\t\t\t\t\n\t\t\t\t\t<div class=\"post-content\">\n\t\t\t\t\t\t\n\t\t\t\t\t\t<h3 class=\"entry-title h6 post-title\"> \n\t\t\t\t\t\t\t<a href=\"https:\/\/moz.life\/mozstudio\/jogadas-magicas-de-cristiano-ronaldo\/\" title=\"JOGADAS M\u00c1GICAS DE CRISTIANO RONALDO\">JOGADAS M\u00c1GICAS DE CRISTIANO RONALDO<\/a> \n\t\t\t\t\t\t<\/h3>\n\t\t\t\t\t\n\t\t\t\t\t\t<div class=\"entry-meta post-meta meta-font\"><div class=\"post-meta-wrap\"><div class=\"author vcard\"><i class=\"fa fa-user-circle\" aria-hidden=\"true\"><\/i><a href=\"https:\/\/moz.life\/mozstudio\/author\/mozstudio\/\">FeelcomTV<\/a><\/div><div class=\"date-time\"><i class=\"fa fa-calendar\" aria-hidden=\"true\"><\/i><span><time class=\"entry-date published updated\" datetime=\"2020-06-10T16:37:55+02:00\">10\/06\/2020<\/time><\/span><\/div><\/div><\/div>\t\t\t\t\t\n\t\t\t\t\t<\/div>\n\t\t\t\t\t\n\t\t\t\t<\/div>\n\t\t\t<\/article>\n\n\t\t\t<article class=\"post-item\">\n\t\t\t\t<div class=\"post-item-wrap\">\n\t\t\t\t\n\t\t\t\t\t<div class=\"post-img\"><a data-post-id=\"5122\" href=\"https:\/\/moz.life\/mozstudio\/50-transferencias-2020-confirmadas\/\" title=\"+50 TRANSFER\u00caNCIAS (2020) CONFIRMADAS\" class=\"blog-img\"><img decoding=\"async\" class=\"blog-picture ul-normal-effect\" src=\"https:\/\/moz.life\/mozstudio\/wp-content\/uploads\/2020\/06\/TRASNFERENCIAS-100x100.jpg\" srcset=\"https:\/\/moz.life\/mozstudio\/wp-content\/uploads\/2020\/06\/TRASNFERENCIAS-100x100.jpg 100w, https:\/\/moz.life\/mozstudio\/wp-content\/uploads\/2020\/06\/TRASNFERENCIAS-324x324.jpg 324w, https:\/\/moz.life\/mozstudio\/wp-content\/uploads\/2020\/06\/TRASNFERENCIAS-150x150.jpg 150w, https:\/\/moz.life\/mozstudio\/wp-content\/uploads\/2020\/06\/TRASNFERENCIAS-60x60.jpg 60w, https:\/\/moz.life\/mozstudio\/wp-content\/uploads\/2020\/06\/TRASNFERENCIAS-200x200.jpg 200w, https:\/\/moz.life\/mozstudio\/wp-content\/uploads\/2020\/06\/TRASNFERENCIAS-268x268.jpg 268w\" sizes=\"(max-width: 100px) 100vw, 100px\" alt=\"TRASNFERENCIAS\"\/><span class=\"ul-placeholder-bg class-1x1\"><\/span><\/a><span class=\"duration-text font-size-12 meta-font\"><\/span><\/div>\n\t\t\t\t\t\n\t\t\t\t\t<div class=\"post-content\">\n\t\t\t\t\t\t\n\t\t\t\t\t\t<h3 class=\"entry-title h6 post-title\"> \n\t\t\t\t\t\t\t<a href=\"https:\/\/moz.life\/mozstudio\/50-transferencias-2020-confirmadas\/\" title=\"+50 TRANSFER\u00caNCIAS (2020) CONFIRMADAS\">+50 TRANSFER\u00caNCIAS (2020) CONFIRMADAS<\/a> \n\t\t\t\t\t\t<\/h3>\n\t\t\t\t\t\n\t\t\t\t\t\t<div class=\"entry-meta post-meta meta-font\"><div class=\"post-meta-wrap\"><div class=\"author vcard\"><i class=\"fa fa-user-circle\" aria-hidden=\"true\"><\/i><a href=\"https:\/\/moz.life\/mozstudio\/author\/mozstudio\/\">FeelcomTV<\/a><\/div><div class=\"date-time\"><i class=\"fa fa-calendar\" aria-hidden=\"true\"><\/i><span><time class=\"entry-date published\" datetime=\"2020-06-04T17:04:51+02:00\">04\/06\/2020<\/time> <span class=\"updated\"><\/span><time class=\"updated\" datetime=\"2020-06-04T17:04:52+02:00\">04\/06\/2020<\/time><\/span><\/div><\/div><\/div>\t\t\t\t\t\n\t\t\t\t\t<\/div>\n\t\t\t\t\t\n\t\t\t\t<\/div>\n\t\t\t<\/article>\n\n\t\t\t<article class=\"post-item\">\n\t\t\t\t<div class=\"post-item-wrap\">\n\t\t\t\t\n\t\t\t\t\t<div class=\"post-img\"><a data-post-id=\"5133\" href=\"https:\/\/moz.life\/mozstudio\/celulares-do-futuro-que-ja-existem\/\" title=\"Celulares do futuro que j\u00e1 existem\" class=\"blog-img\"><img decoding=\"async\" class=\"blog-picture ul-normal-effect\" src=\"https:\/\/moz.life\/mozstudio\/wp-content\/uploads\/2020\/06\/celular-100x100.jpg\" srcset=\"https:\/\/moz.life\/mozstudio\/wp-content\/uploads\/2020\/06\/celular-100x100.jpg 100w, https:\/\/moz.life\/mozstudio\/wp-content\/uploads\/2020\/06\/celular-324x324.jpg 324w, https:\/\/moz.life\/mozstudio\/wp-content\/uploads\/2020\/06\/celular-150x150.jpg 150w, https:\/\/moz.life\/mozstudio\/wp-content\/uploads\/2020\/06\/celular-60x60.jpg 60w, https:\/\/moz.life\/mozstudio\/wp-content\/uploads\/2020\/06\/celular-200x200.jpg 200w, https:\/\/moz.life\/mozstudio\/wp-content\/uploads\/2020\/06\/celular-268x268.jpg 268w\" sizes=\"(max-width: 100px) 100vw, 100px\" alt=\"celular\"\/><span class=\"ul-placeholder-bg class-1x1\"><\/span><\/a><span class=\"duration-text font-size-12 meta-font\"><\/span><\/div>\n\t\t\t\t\t\n\t\t\t\t\t<div class=\"post-content\">\n\t\t\t\t\t\t\n\t\t\t\t\t\t<h3 class=\"entry-title h6 post-title\"> \n\t\t\t\t\t\t\t<a href=\"https:\/\/moz.life\/mozstudio\/celulares-do-futuro-que-ja-existem\/\" title=\"Celulares do futuro que j\u00e1 existem\">Celulares do futuro que j\u00e1 existem<\/a> \n\t\t\t\t\t\t<\/h3>\n\t\t\t\t\t\n\t\t\t\t\t\t<div class=\"entry-meta post-meta meta-font\"><div class=\"post-meta-wrap\"><div class=\"author vcard\"><i class=\"fa fa-user-circle\" aria-hidden=\"true\"><\/i><a href=\"https:\/\/moz.life\/mozstudio\/author\/mozstudio\/\">FeelcomTV<\/a><\/div><div class=\"date-time\"><i class=\"fa fa-calendar\" aria-hidden=\"true\"><\/i><span><time class=\"entry-date published\" datetime=\"2020-06-08T14:16:15+02:00\">08\/06\/2020<\/time> <span class=\"updated\"><\/span><time class=\"updated\" datetime=\"2020-06-08T14:16:16+02:00\">08\/06\/2020<\/time><\/span><\/div><\/div><\/div>\t\t\t\t\t\n\t\t\t\t\t<\/div>\n\t\t\t\t\t\n\t\t\t\t<\/div>\n\t\t\t<\/article>\n\n\t\t\t<article class=\"post-item\">\n\t\t\t\t<div class=\"post-item-wrap\">\n\t\t\t\t\n\t\t\t\t\t<div class=\"post-img\"><a data-post-id=\"5149\" href=\"https:\/\/moz.life\/mozstudio\/7-previsoes-para-o-futuro-da-terra-nos-proximos-200-anos-por-stephen-hawking\/\" title=\"7 Previs\u00f5es para o Futuro da Terra nos Pr\u00f3ximos 200 Anos, por Stephen Hawking\" class=\"blog-img\"><img decoding=\"async\" class=\"blog-picture ul-normal-effect\" src=\"https:\/\/moz.life\/mozstudio\/wp-content\/uploads\/2020\/06\/TERRA-100x100.jpg\" srcset=\"https:\/\/moz.life\/mozstudio\/wp-content\/uploads\/2020\/06\/TERRA-100x100.jpg 100w, https:\/\/moz.life\/mozstudio\/wp-content\/uploads\/2020\/06\/TERRA-324x324.jpg 324w, https:\/\/moz.life\/mozstudio\/wp-content\/uploads\/2020\/06\/TERRA-150x150.jpg 150w, https:\/\/moz.life\/mozstudio\/wp-content\/uploads\/2020\/06\/TERRA-60x60.jpg 60w, https:\/\/moz.life\/mozstudio\/wp-content\/uploads\/2020\/06\/TERRA-200x200.jpg 200w, https:\/\/moz.life\/mozstudio\/wp-content\/uploads\/2020\/06\/TERRA-268x268.jpg 268w\" sizes=\"(max-width: 100px) 100vw, 100px\" alt=\"TERRA\"\/><span class=\"ul-placeholder-bg class-1x1\"><\/span><\/a><span class=\"duration-text font-size-12 meta-font\"><\/span><\/div>\n\t\t\t\t\t\n\t\t\t\t\t<div class=\"post-content\">\n\t\t\t\t\t\t\n\t\t\t\t\t\t<h3 class=\"entry-title h6 post-title\"> \n\t\t\t\t\t\t\t<a href=\"https:\/\/moz.life\/mozstudio\/7-previsoes-para-o-futuro-da-terra-nos-proximos-200-anos-por-stephen-hawking\/\" title=\"7 Previs\u00f5es para o Futuro da Terra nos Pr\u00f3ximos 200 Anos, por Stephen Hawking\">7 Previs\u00f5es para o Futuro da Terra nos Pr\u00f3ximos 200 Anos, por Stephen Hawking<\/a> \n\t\t\t\t\t\t<\/h3>\n\t\t\t\t\t\n\t\t\t\t\t\t<div class=\"entry-meta post-meta meta-font\"><div class=\"post-meta-wrap\"><div class=\"author vcard\"><i class=\"fa fa-user-circle\" aria-hidden=\"true\"><\/i><a href=\"https:\/\/moz.life\/mozstudio\/author\/mozstudio\/\">FeelcomTV<\/a><\/div><div class=\"date-time\"><i class=\"fa fa-calendar\" aria-hidden=\"true\"><\/i><span><time class=\"entry-date published updated\" datetime=\"2020-06-10T16:04:18+02:00\">10\/06\/2020<\/time><\/span><\/div><\/div><\/div>\t\t\t\t\t\n\t\t\t\t\t<\/div>\n\t\t\t\t\t\n\t\t\t\t<\/div>\n\t\t\t<\/article>\n\n        \t\n        <\/div>\n    \t\n\t\t\t\t\t\t\t\t\t<\/div>\t\n\t\t\t\t\t\t\t\t<\/div>\n\t\t\t\t\t\t\t\n\t\t\t\t\t\t\n\t\t\t\t\t\t\t<\/div>\t\n\t\t\t\t\t\t\t<div class=\"bl-page-prev-next bl-page-prev-next-control active-item\">\n\t\t\t\t\t\t\t\t<span class=\"next-prev-action disabled-query\" data-action=\"prev\"><i class=\"fa fa-angle-left\" aria-hidden=\"true\"><\/i><\/span>\n\t\t\t\t\t\t\t\t<span class=\"next-prev-action\" data-action=\"next\"><i class=\"fa fa-angle-right\" aria-hidden=\"true\"><\/i><\/span>\n\t\t\t\t\t\t\t<\/div>\t\t\t\t\t\n\t\t\t\t\t\t<\/div>\n\t\t\t\t\t\t\t\t\t<script>if(typeof(vidorev_builder_control)!==\"undefined\" && vidorev_builder_control!==null){vidorev_builder_control.filter_tab_responsive();}<\/script>\t\t\t\t<\/div>\n\t\t\t\t<\/div>\n\t\t\t\t\t<\/div>\n\t\t<\/div>\n\t\t\t\t\t<\/div>\n\t\t<\/section>\n\t\t\t\t<\/div>\n\t\t","protected":false},"excerpt":{"rendered":"<p>BLOCK SPECIAL &#8211; LARGE AllTRAVELMUSICMOVIESPORTTECHNOLOGYFASHIONGAME Watch LaterAdded 01:47 SPORT Sir Bobby and Lady Norma Charlton launch latest partner school in Oldham NICOLASNovember 20, 2017April 17, 20180120.5M860 01:44 Unravel: Official Story Trailer NICOLASNovember 12, 2017April 17, 2018 01:03:01 Best Music Mix 2017 Twerk Dance NICOLASJanuary 12, 2018April 17, 2018 02:16 Rogue One Trailer NICOLASOctober 6, 2017April 26, 2018 01:36 Red Dead Redemption 2: Official Trailer #2 NICOLASOctober 9, 2017April 17, 2018 02:32 Beauty and the Beast NICOLASDecember 11, 2017April 26, 2018 02:45 Hotel California Solo &#8211; The Eagles &#8211; Acoustic Guitar Cover NICOLASJanuary 10, 2018April 17, 2018<\/p>\n","protected":false},"author":1,"featured_media":0,"parent":0,"menu_order":0,"comment_status":"closed","ping_status":"closed","template":"page-templates\/front-page-template.php","meta":{"footnotes":""},"class_list":["post-2557","page","type-page","status-publish","hentry"],"cmb2":{"page_slider_settings":{"display_slider_group":"","page_slider_group":""},"blog_page_settings":{"blog_page_title":"","blog_page_heading":"","blog_page_advance_search":"","blog_page_ic":"","blog_page_it":"","blog_page_ec":"","blog_page_ip":"","blog_page_advance_search_id":"","archive_loop_style":"grid-default","blog_image_ratio":"","blog_show_categories":"on","blog_show_excerpt":"on","blog_show_author":"on","blog_show_date":"on","blog_show_comment_count":"on","blog_show_view_count":"on","blog_show_like_count":"on","blog_show_dislike_count":"on","blog_items_per_page":"10","blog_pag_type":"wp-default"},"page_options":{"get_page_template":"","color_mode":"","main_layout":"","main_layout_full_with":"","main_logo":"","main_logo_id":"","main_logo_retina":"","main_logo_retina_id":"","main_logo_mobile":"","main_logo_mobile_id":"","main_logo_mobile_retina":"","main_logo_mobile_retina_id":"","sticky_logo":"","sticky_logo_id":"","sticky_logo_retina":"","sticky_logo_retina_id":"","main_nav_layout":"","ajax_search":"","header_background":"","theme_sidebar":"hidden","instagram_feed":"","instagram_feed_position":"header","popular_videos":"off","popular_videos_title_1":"","popular_videos_title_2":"","popular_videos_ic":"","popular_videos_it":"","theme_background":"","page_custom_css":""}},"_links":{"self":[{"href":"https:\/\/moz.life\/mozstudio\/wp-json\/wp\/v2\/pages\/2557","targetHints":{"allow":["GET"]}}],"collection":[{"href":"https:\/\/moz.life\/mozstudio\/wp-json\/wp\/v2\/pages"}],"about":[{"href":"https:\/\/moz.life\/mozstudio\/wp-json\/wp\/v2\/types\/page"}],"author":[{"embeddable":true,"href":"https:\/\/moz.life\/mozstudio\/wp-json\/wp\/v2\/users\/1"}],"replies":[{"embeddable":true,"href":"https:\/\/moz.life\/mozstudio\/wp-json\/wp\/v2\/comments?post=2557"}],"version-history":[{"count":0,"href":"https:\/\/moz.life\/mozstudio\/wp-json\/wp\/v2\/pages\/2557\/revisions"}],"wp:attachment":[{"href":"https:\/\/moz.life\/mozstudio\/wp-json\/wp\/v2\/media?parent=2557"}],"curies":[{"name":"wp","href":"https:\/\/api.w.org\/{rel}","templated":true}]}}